{"id":9804,"date":"2021-04-05T19:09:42","date_gmt":"2021-04-05T19:09:42","guid":{"rendered":"https:\/\/www.acls-aatc.ca\/?page_id=9804"},"modified":"2021-04-19T15:08:15","modified_gmt":"2021-04-19T15:08:15","slug":"service-de-lexamen-de-la-pratique","status":"publish","type":"page","link":"https:\/\/dev.acls-aatc.ca\/fr\/membres-acceuil-2\/service-de-lexamen-de-la-pratique\/","title":{"rendered":"Service de l\u2019examen de la pratique"},"content":{"rendered":"<p>Cliquez sur le lien PDF ci-dessous pour t\u00e9l\u00e9charger une copie du manuel des proc\u00e9dures d\u2019examen des pratiques de l\u2019AATC<\/p>\n<h4 style=\"text-align: left;\"><strong>D\u00e9partement d&#8217;examen des pratiques: <span style=\"text-decoration: underline; color: #0000ff;\"><a style=\"color: #0000ff; text-decoration: underline;\" href=\"mailto:practicereview@acls-aatc.ca\">practicereview@acls-aatc.ca<\/a><\/span><\/strong><\/h4>\n<h4><span style=\"text-decoration: underline;\"><span style=\"color: #800000;\"><strong><br \/>\n<a style=\"color: #800000; text-decoration: underline;\" href=\"https:\/\/dev.acls-aatc.ca\/fr\/membres-acceuil-2\/service-de-lexamen-de-la-pratique\/manuel-de-procedures-administratives-2021-2\/\">Manuel de proc\u00e9dures administratives 2021<\/a><\/strong><\/span><\/span><\/h4>\n","protected":false},"excerpt":{"rendered":"<p>Cliquez sur le lien PDF ci-dessous pour t\u00e9l\u00e9charger une copie du manuel des proc\u00e9dures d\u2019examen des pratiques de l\u2019AATC D\u00e9partement d&#8217;examen des pratiques: practicereview@acls-aatc.ca Manuel de proc\u00e9dures administratives 2021<\/p>\n","protected":false},"author":3,"featured_media":0,"parent":905,"menu_order":0,"comment_status":"closed","ping_status":"closed","template":"","meta":[],"yoast_head":"<!-- This site is optimized with the Yoast SEO plugin v17.8 - https:\/\/yoast.com\/wordpress\/plugins\/seo\/ -->\n<meta name=\"robots\" content=\"index, follow, max-snippet:-1, max-image-preview:large, max-video-preview:-1\" \/>\n<link rel=\"canonical\" href=\"https:\/\/dev.acls-aatc.ca\/fr\/membres-acceuil-2\/service-de-lexamen-de-la-pratique\/\" \/>\n<meta property=\"og:locale\" content=\"fr_FR\" \/>\n<meta property=\"og:type\" content=\"article\" \/>\n<meta property=\"og:title\" content=\"Service de l\u2019examen de la pratique - ACLS AATC\" \/>\n<meta property=\"og:description\" content=\"Cliquez sur le lien PDF ci-dessous pour t\u00e9l\u00e9charger une copie du manuel des proc\u00e9dures d\u2019examen des pratiques de l\u2019AATC D\u00e9partement d&#8217;examen des pratiques: practicereview@acls-aatc.ca Manuel de proc\u00e9dures administratives 2021\" \/>\n<meta property=\"og:url\" content=\"https:\/\/dev.acls-aatc.ca\/fr\/membres-acceuil-2\/service-de-lexamen-de-la-pratique\/\" \/>\n<meta property=\"og:site_name\" content=\"ACLS AATC\" \/>\n<meta property=\"article:modified_time\" content=\"2021-04-19T15:08:15+00:00\" \/>\n<meta name=\"twitter:card\" content=\"summary\" \/>\n<script type=\"application\/ld+json\" class=\"yoast-schema-graph\">{\"@context\":\"https:\/\/schema.org\",\"@graph\":[{\"@type\":\"WebSite\",\"@id\":\"https:\/\/dev.acls-aatc.ca\/#website\",\"url\":\"https:\/\/dev.acls-aatc.ca\/\",\"name\":\"ACLS AATC\",\"description\":\"\",\"potentialAction\":[{\"@type\":\"SearchAction\",\"target\":{\"@type\":\"EntryPoint\",\"urlTemplate\":\"https:\/\/dev.acls-aatc.ca\/?s={search_term_string}\"},\"query-input\":\"required name=search_term_string\"}],\"inLanguage\":\"fr-FR\"},{\"@type\":\"WebPage\",\"@id\":\"https:\/\/dev.acls-aatc.ca\/fr\/membres-acceuil-2\/service-de-lexamen-de-la-pratique\/#webpage\",\"url\":\"https:\/\/dev.acls-aatc.ca\/fr\/membres-acceuil-2\/service-de-lexamen-de-la-pratique\/\",\"name\":\"Service de l\\u2019examen de la pratique - ACLS AATC\",\"isPartOf\":{\"@id\":\"https:\/\/dev.acls-aatc.ca\/#website\"},\"datePublished\":\"2021-04-05T19:09:42+00:00\",\"dateModified\":\"2021-04-19T15:08:15+00:00\",\"breadcrumb\":{\"@id\":\"https:\/\/dev.acls-aatc.ca\/fr\/membres-acceuil-2\/service-de-lexamen-de-la-pratique\/#breadcrumb\"},\"inLanguage\":\"fr-FR\",\"potentialAction\":[{\"@type\":\"ReadAction\",\"target\":[\"https:\/\/dev.acls-aatc.ca\/fr\/membres-acceuil-2\/service-de-lexamen-de-la-pratique\/\"]}]},{\"@type\":\"BreadcrumbList\",\"@id\":\"https:\/\/dev.acls-aatc.ca\/fr\/membres-acceuil-2\/service-de-lexamen-de-la-pratique\/#breadcrumb\",\"itemListElement\":[{\"@type\":\"ListItem\",\"position\":1,\"name\":\"Home\",\"item\":\"https:\/\/dev.acls-aatc.ca\/fr\/\"},{\"@type\":\"ListItem\",\"position\":2,\"name\":\"Membres accueil\",\"item\":\"https:\/\/dev.acls-aatc.ca\/fr\/membres-acceuil-2\/\"},{\"@type\":\"ListItem\",\"position\":3,\"name\":\"Service de l\\u2019examen de la pratique\"}]}]}<\/script>\n<!-- \/ Yoast SEO plugin. -->","yoast_head_json":{"robots":{"index":"index","follow":"follow","max-snippet":"max-snippet:-1","max-image-preview":"max-image-preview:large","max-video-preview":"max-video-preview:-1"},"canonical":"https:\/\/dev.acls-aatc.ca\/fr\/membres-acceuil-2\/service-de-lexamen-de-la-pratique\/","og_locale":"fr_FR","og_type":"article","og_title":"Service de l\u2019examen de la pratique - ACLS AATC","og_description":"Cliquez sur le lien PDF ci-dessous pour t\u00e9l\u00e9charger une copie du manuel des proc\u00e9dures d\u2019examen des pratiques de l\u2019AATC D\u00e9partement d&#8217;examen des pratiques: practicereview@acls-aatc.ca Manuel de proc\u00e9dures administratives 2021","og_url":"https:\/\/dev.acls-aatc.ca\/fr\/membres-acceuil-2\/service-de-lexamen-de-la-pratique\/","og_site_name":"ACLS AATC","article_modified_time":"2021-04-19T15:08:15+00:00","twitter_card":"summary","schema":{"@context":"https:\/\/schema.org","@graph":[{"@type":"WebSite","@id":"https:\/\/dev.acls-aatc.ca\/#website","url":"https:\/\/dev.acls-aatc.ca\/","name":"ACLS AATC","description":"","potentialAction":[{"@type":"SearchAction","target":{"@type":"EntryPoint","urlTemplate":"https:\/\/dev.acls-aatc.ca\/?s={search_term_string}"},"query-input":"required name=search_term_string"}],"inLanguage":"fr-FR"},{"@type":"WebPage","@id":"https:\/\/dev.acls-aatc.ca\/fr\/membres-acceuil-2\/service-de-lexamen-de-la-pratique\/#webpage","url":"https:\/\/dev.acls-aatc.ca\/fr\/membres-acceuil-2\/service-de-lexamen-de-la-pratique\/","name":"Service de l\u2019examen de la pratique - ACLS AATC","isPartOf":{"@id":"https:\/\/dev.acls-aatc.ca\/#website"},"datePublished":"2021-04-05T19:09:42+00:00","dateModified":"2021-04-19T15:08:15+00:00","breadcrumb":{"@id":"https:\/\/dev.acls-aatc.ca\/fr\/membres-acceuil-2\/service-de-lexamen-de-la-pratique\/#breadcrumb"},"inLanguage":"fr-FR","potentialAction":[{"@type":"ReadAction","target":["https:\/\/dev.acls-aatc.ca\/fr\/membres-acceuil-2\/service-de-lexamen-de-la-pratique\/"]}]},{"@type":"BreadcrumbList","@id":"https:\/\/dev.acls-aatc.ca\/fr\/membres-acceuil-2\/service-de-lexamen-de-la-pratique\/#breadcrumb","itemListElement":[{"@type":"ListItem","position":1,"name":"Home","item":"https:\/\/dev.acls-aatc.ca\/fr\/"},{"@type":"ListItem","position":2,"name":"Membres accueil","item":"https:\/\/dev.acls-aatc.ca\/fr\/membres-acceuil-2\/"},{"@type":"ListItem","position":3,"name":"Service de l\u2019examen de la pratique"}]}]}},"_links":{"self":[{"href":"https:\/\/dev.acls-aatc.ca\/fr\/wp-json\/wp\/v2\/pages\/9804"}],"collection":[{"href":"https:\/\/dev.acls-aatc.ca\/fr\/wp-json\/wp\/v2\/pages"}],"about":[{"href":"https:\/\/dev.acls-aatc.ca\/fr\/wp-json\/wp\/v2\/types\/page"}],"author":[{"embeddable":true,"href":"https:\/\/dev.acls-aatc.ca\/fr\/wp-json\/wp\/v2\/users\/3"}],"replies":[{"embeddable":true,"href":"https:\/\/dev.acls-aatc.ca\/fr\/wp-json\/wp\/v2\/comments?post=9804"}],"version-history":[{"count":4,"href":"https:\/\/dev.acls-aatc.ca\/fr\/wp-json\/wp\/v2\/pages\/9804\/revisions"}],"predecessor-version":[{"id":9877,"href":"https:\/\/dev.acls-aatc.ca\/fr\/wp-json\/wp\/v2\/pages\/9804\/revisions\/9877"}],"up":[{"embeddable":true,"href":"https:\/\/dev.acls-aatc.ca\/fr\/wp-json\/wp\/v2\/pages\/905"}],"wp:attachment":[{"href":"https:\/\/dev.acls-aatc.ca\/fr\/wp-json\/wp\/v2\/media?parent=9804"}],"curies":[{"name":"wp","href":"https:\/\/api.w.org\/{rel}","templated":true}]}}