{"id":9557,"date":"2021-03-15T13:56:05","date_gmt":"2021-03-15T13:56:05","guid":{"rendered":"https:\/\/www.acls-aatc.ca\/?page_id=9557"},"modified":"2021-07-16T17:41:49","modified_gmt":"2021-07-16T17:41:49","slug":"rapport-du-counseil","status":"publish","type":"page","link":"https:\/\/dev.acls-aatc.ca\/fr\/publique\/rapport-du-counseil\/","title":{"rendered":"Rapport du Counseil"},"content":{"rendered":"<p>Cliquez sur les liens ci-dessous pour consulter un rapport des r\u00e9unions du Conseil du directeur g\u00e9n\u00e9ral \u00e0 partir de janvier 2021.<\/p>\n<p><span style=\"color: #800000;\"><strong><a style=\"color: #800000; text-decoration: underline;\" href=\"https:\/\/dev.acls-aatc.ca\/fr\/publique\/rapport-du-counseil\/rapport_du_conseil_1_janv-9_mars-2\/\" rel=\"attachment wp-att-9558\">Rapport du Conseil 1_janv 2021 &#8211; 9 mars 2021<\/a><\/strong><\/span><\/p>\n<p><span style=\"color: #800000;\"><strong><a style=\"color: #800000; text-decoration: underline;\" href=\"https:\/\/dev.acls-aatc.ca\/fr\/publique\/rapport-du-counseil\/rapport-du-conseil-10-mars-au-21-avril\/\" rel=\"attachment wp-att-9897\">Rapport du Conseil 10 mars 2021 &#8211; 21 avril 2021<\/a><\/strong><\/span><\/p>\n<p><span style=\"text-decoration: underline;\"><span style=\"color: #800000;\"><strong><a style=\"color: #800000; text-decoration: underline;\" href=\"https:\/\/dev.acls-aatc.ca\/fr\/publique\/rapport-du-counseil\/rapport_du_conseil_22_avril_au_7_juin\/\" rel=\"attachment wp-att-10244\">Rapport du Conseil 22 avril 2021 au 7 juin 2021<\/a><\/strong><\/span><\/span><\/p>\n","protected":false},"excerpt":{"rendered":"<p>Cliquez sur les liens ci-dessous pour consulter un rapport des r\u00e9unions du Conseil du directeur g\u00e9n\u00e9ral \u00e0 partir de janvier 2021. Rapport du Conseil 1_janv 2021 &#8211; 9 mars 2021 Rapport du Conseil 10 mars 2021 &#8211; 21 avril 2021 Rapport du Conseil 22 avril 2021 au 7 juin 2021<\/p>\n","protected":false},"author":3,"featured_media":0,"parent":503,"menu_order":0,"comment_status":"closed","ping_status":"closed","template":"","meta":[],"yoast_head":"<!-- This site is optimized with the Yoast SEO plugin v17.8 - https:\/\/yoast.com\/wordpress\/plugins\/seo\/ -->\n<meta name=\"robots\" content=\"index, follow, max-snippet:-1, max-image-preview:large, max-video-preview:-1\" \/>\n<link rel=\"canonical\" href=\"https:\/\/dev.acls-aatc.ca\/fr\/publique\/rapport-du-counseil\/\" \/>\n<meta property=\"og:locale\" content=\"fr_FR\" \/>\n<meta property=\"og:type\" content=\"article\" \/>\n<meta property=\"og:title\" content=\"Rapport du Counseil - ACLS AATC\" \/>\n<meta property=\"og:description\" content=\"Cliquez sur les liens ci-dessous pour consulter un rapport des r\u00e9unions du Conseil du directeur g\u00e9n\u00e9ral \u00e0 partir de janvier 2021. Rapport du Conseil 1_janv 2021 &#8211; 9 mars 2021 Rapport du Conseil 10 mars 2021 &#8211; 21 avril 2021 Rapport du Conseil 22 avril 2021 au 7 juin 2021\" \/>\n<meta property=\"og:url\" content=\"https:\/\/dev.acls-aatc.ca\/fr\/publique\/rapport-du-counseil\/\" \/>\n<meta property=\"og:site_name\" content=\"ACLS AATC\" \/>\n<meta property=\"article:modified_time\" content=\"2021-07-16T17:41:49+00:00\" \/>\n<meta name=\"twitter:card\" content=\"summary\" \/>\n<script type=\"application\/ld+json\" class=\"yoast-schema-graph\">{\"@context\":\"https:\/\/schema.org\",\"@graph\":[{\"@type\":\"WebSite\",\"@id\":\"https:\/\/dev.acls-aatc.ca\/#website\",\"url\":\"https:\/\/dev.acls-aatc.ca\/\",\"name\":\"ACLS AATC\",\"description\":\"\",\"potentialAction\":[{\"@type\":\"SearchAction\",\"target\":{\"@type\":\"EntryPoint\",\"urlTemplate\":\"https:\/\/dev.acls-aatc.ca\/?s={search_term_string}\"},\"query-input\":\"required name=search_term_string\"}],\"inLanguage\":\"fr-FR\"},{\"@type\":\"WebPage\",\"@id\":\"https:\/\/dev.acls-aatc.ca\/fr\/publique\/rapport-du-counseil\/#webpage\",\"url\":\"https:\/\/dev.acls-aatc.ca\/fr\/publique\/rapport-du-counseil\/\",\"name\":\"Rapport du Counseil - ACLS AATC\",\"isPartOf\":{\"@id\":\"https:\/\/dev.acls-aatc.ca\/#website\"},\"datePublished\":\"2021-03-15T13:56:05+00:00\",\"dateModified\":\"2021-07-16T17:41:49+00:00\",\"breadcrumb\":{\"@id\":\"https:\/\/dev.acls-aatc.ca\/fr\/publique\/rapport-du-counseil\/#breadcrumb\"},\"inLanguage\":\"fr-FR\",\"potentialAction\":[{\"@type\":\"ReadAction\",\"target\":[\"https:\/\/dev.acls-aatc.ca\/fr\/publique\/rapport-du-counseil\/\"]}]},{\"@type\":\"BreadcrumbList\",\"@id\":\"https:\/\/dev.acls-aatc.ca\/fr\/publique\/rapport-du-counseil\/#breadcrumb\",\"itemListElement\":[{\"@type\":\"ListItem\",\"position\":1,\"name\":\"Home\",\"item\":\"https:\/\/dev.acls-aatc.ca\/fr\/\"},{\"@type\":\"ListItem\",\"position\":2,\"name\":\"Public accueil\",\"item\":\"https:\/\/dev.acls-aatc.ca\/fr\/publique\/\"},{\"@type\":\"ListItem\",\"position\":3,\"name\":\"Rapport du Counseil\"}]}]}<\/script>\n<!-- \/ Yoast SEO plugin. -->","yoast_head_json":{"robots":{"index":"index","follow":"follow","max-snippet":"max-snippet:-1","max-image-preview":"max-image-preview:large","max-video-preview":"max-video-preview:-1"},"canonical":"https:\/\/dev.acls-aatc.ca\/fr\/publique\/rapport-du-counseil\/","og_locale":"fr_FR","og_type":"article","og_title":"Rapport du Counseil - ACLS AATC","og_description":"Cliquez sur les liens ci-dessous pour consulter un rapport des r\u00e9unions du Conseil du directeur g\u00e9n\u00e9ral \u00e0 partir de janvier 2021. Rapport du Conseil 1_janv 2021 &#8211; 9 mars 2021 Rapport du Conseil 10 mars 2021 &#8211; 21 avril 2021 Rapport du Conseil 22 avril 2021 au 7 juin 2021","og_url":"https:\/\/dev.acls-aatc.ca\/fr\/publique\/rapport-du-counseil\/","og_site_name":"ACLS AATC","article_modified_time":"2021-07-16T17:41:49+00:00","twitter_card":"summary","schema":{"@context":"https:\/\/schema.org","@graph":[{"@type":"WebSite","@id":"https:\/\/dev.acls-aatc.ca\/#website","url":"https:\/\/dev.acls-aatc.ca\/","name":"ACLS AATC","description":"","potentialAction":[{"@type":"SearchAction","target":{"@type":"EntryPoint","urlTemplate":"https:\/\/dev.acls-aatc.ca\/?s={search_term_string}"},"query-input":"required name=search_term_string"}],"inLanguage":"fr-FR"},{"@type":"WebPage","@id":"https:\/\/dev.acls-aatc.ca\/fr\/publique\/rapport-du-counseil\/#webpage","url":"https:\/\/dev.acls-aatc.ca\/fr\/publique\/rapport-du-counseil\/","name":"Rapport du Counseil - ACLS AATC","isPartOf":{"@id":"https:\/\/dev.acls-aatc.ca\/#website"},"datePublished":"2021-03-15T13:56:05+00:00","dateModified":"2021-07-16T17:41:49+00:00","breadcrumb":{"@id":"https:\/\/dev.acls-aatc.ca\/fr\/publique\/rapport-du-counseil\/#breadcrumb"},"inLanguage":"fr-FR","potentialAction":[{"@type":"ReadAction","target":["https:\/\/dev.acls-aatc.ca\/fr\/publique\/rapport-du-counseil\/"]}]},{"@type":"BreadcrumbList","@id":"https:\/\/dev.acls-aatc.ca\/fr\/publique\/rapport-du-counseil\/#breadcrumb","itemListElement":[{"@type":"ListItem","position":1,"name":"Home","item":"https:\/\/dev.acls-aatc.ca\/fr\/"},{"@type":"ListItem","position":2,"name":"Public accueil","item":"https:\/\/dev.acls-aatc.ca\/fr\/publique\/"},{"@type":"ListItem","position":3,"name":"Rapport du Counseil"}]}]}},"_links":{"self":[{"href":"https:\/\/dev.acls-aatc.ca\/fr\/wp-json\/wp\/v2\/pages\/9557"}],"collection":[{"href":"https:\/\/dev.acls-aatc.ca\/fr\/wp-json\/wp\/v2\/pages"}],"about":[{"href":"https:\/\/dev.acls-aatc.ca\/fr\/wp-json\/wp\/v2\/types\/page"}],"author":[{"embeddable":true,"href":"https:\/\/dev.acls-aatc.ca\/fr\/wp-json\/wp\/v2\/users\/3"}],"replies":[{"embeddable":true,"href":"https:\/\/dev.acls-aatc.ca\/fr\/wp-json\/wp\/v2\/comments?post=9557"}],"version-history":[{"count":8,"href":"https:\/\/dev.acls-aatc.ca\/fr\/wp-json\/wp\/v2\/pages\/9557\/revisions"}],"predecessor-version":[{"id":10247,"href":"https:\/\/dev.acls-aatc.ca\/fr\/wp-json\/wp\/v2\/pages\/9557\/revisions\/10247"}],"up":[{"embeddable":true,"href":"https:\/\/dev.acls-aatc.ca\/fr\/wp-json\/wp\/v2\/pages\/503"}],"wp:attachment":[{"href":"https:\/\/dev.acls-aatc.ca\/fr\/wp-json\/wp\/v2\/media?parent=9557"}],"curies":[{"name":"wp","href":"https:\/\/api.w.org\/{rel}","templated":true}]}}