{"id":924,"date":"2017-06-05T16:01:20","date_gmt":"2017-06-05T16:01:20","guid":{"rendered":"http:\/\/acls-aatc.tui.ninja\/?page_id=924\/"},"modified":"2017-08-28T10:36:27","modified_gmt":"2017-08-28T14:36:27","slug":"a-propos-de-larpentage-sur-les-terres-des-reserves-des-premieres-nations","status":"publish","type":"page","link":"https:\/\/dev.acls-aatc.ca\/fr\/expertise-autochtone\/a-propos-de-larpentage-sur-les-terres-des-reserves-des-premieres-nations\/","title":{"rendered":"\u00c0 propos de l&#8217;arpentage sur les terres des r\u00e9serves des Premi\u00e8res nations"},"content":{"rendered":"<p><a href=\"https:\/\/dev.acls-aatc.ca\/fr\/expertise-autochtone\/a-propos-de-larpentage-sur-les-terres-des-reserves-des-premieres-nations\/question-1_why-have-a-survey-2\/\" rel=\"attachment wp-att-591\">Pourquoi faire un lever? (ang)<\/a><\/p>\n<p><a href=\"https:\/\/dev.acls-aatc.ca\/fr\/expertise-autochtone\/a-propos-de-larpentage-sur-les-terres-des-reserves-des-premieres-nations\/question-2_how-do-surveys-fit-into-land-management-2\/\" rel=\"attachment wp-att-592\">Comment les lev\u00e9s s&#8217;int\u00e8gre dans la gestion des terres? (ang)<\/a><\/p>\n<p><a href=\"https:\/\/dev.acls-aatc.ca\/fr\/expertise-autochtone\/a-propos-de-larpentage-sur-les-terres-des-reserves-des-premieres-nations\/question-3_what-does-a-cls-do-2\/\" rel=\"attachment wp-att-587\">Quelle est la responsabilit\u00e9 du ATC? (ang)<\/a><\/p>\n<p><a href=\"https:\/\/dev.acls-aatc.ca\/fr\/expertise-autochtone\/a-propos-de-larpentage-sur-les-terres-des-reserves-des-premieres-nations\/question-4_what-type-of-survey-do-we-need-rev-2\/\" rel=\"attachment wp-att-588\">Quelle type de lev\u00e9s que nons avons de besoin? (ang)<\/a><\/p>\n<p><a href=\"https:\/\/dev.acls-aatc.ca\/fr\/expertise-autochtone\/a-propos-de-larpentage-sur-les-terres-des-reserves-des-premieres-nations\/question-5_how-can-we-get-the-best-from-a-canada-lands-surveyor-2\/\" rel=\"attachment wp-att-589\">Comment avoir le meilleur d&#8217;un arpenteur des terres du Canada? (ang)<\/a><\/p>\n<p><a href=\"https:\/\/dev.acls-aatc.ca\/fr\/expertise-autochtone\/a-propos-de-larpentage-sur-les-terres-des-reserves-des-premieres-nations\/question-6_how-can-we-learn-more-2\/\" rel=\"attachment wp-att-590\">Comment en apprendre d&#8217;avantage? (ang)<\/a><\/p>\n<p><iframe loading=\"lazy\" src=\"https:\/\/www.youtube.com\/embed\/rQD8zDQCwtU\" width=\"560\" height=\"315\" frameborder=\"0\" allowfullscreen=\"allowfullscreen\"><\/iframe><\/p>\n","protected":false},"excerpt":{"rendered":"<p>Pourquoi faire un lever? (ang) Comment les lev\u00e9s s&#8217;int\u00e8gre dans la gestion des terres? (ang) Quelle est la responsabilit\u00e9 du ATC? (ang) Quelle type de lev\u00e9s que nons avons de besoin? (ang) Comment avoir le meilleur d&#8217;un arpenteur des terres du Canada? (ang) Comment en apprendre d&#8217;avantage? (ang)<\/p>\n","protected":false},"author":3,"featured_media":0,"parent":1830,"menu_order":0,"comment_status":"closed","ping_status":"closed","template":"","meta":[],"yoast_head":"<!-- This site is optimized with the Yoast SEO plugin v17.8 - https:\/\/yoast.com\/wordpress\/plugins\/seo\/ -->\n<meta name=\"robots\" content=\"index, follow, max-snippet:-1, max-image-preview:large, max-video-preview:-1\" \/>\n<link rel=\"canonical\" href=\"https:\/\/dev.acls-aatc.ca\/fr\/expertise-autochtone\/a-propos-de-larpentage-sur-les-terres-des-reserves-des-premieres-nations\/\" \/>\n<meta property=\"og:locale\" content=\"fr_FR\" \/>\n<meta property=\"og:type\" content=\"article\" \/>\n<meta property=\"og:title\" content=\"\u00c0 propos de l&#039;arpentage sur les terres des r\u00e9serves des Premi\u00e8res nations - ACLS AATC\" \/>\n<meta property=\"og:description\" content=\"Pourquoi faire un lever? (ang) Comment les lev\u00e9s s&#8217;int\u00e8gre dans la gestion des terres? (ang) Quelle est la responsabilit\u00e9 du ATC? (ang) Quelle type de lev\u00e9s que nons avons de besoin? (ang) Comment avoir le meilleur d&#8217;un arpenteur des terres du Canada? (ang) Comment en apprendre d&#8217;avantage? (ang)\" \/>\n<meta property=\"og:url\" content=\"https:\/\/dev.acls-aatc.ca\/fr\/expertise-autochtone\/a-propos-de-larpentage-sur-les-terres-des-reserves-des-premieres-nations\/\" \/>\n<meta property=\"og:site_name\" content=\"ACLS AATC\" \/>\n<meta property=\"article:modified_time\" content=\"2017-08-28T14:36:27+00:00\" \/>\n<meta name=\"twitter:card\" content=\"summary\" \/>\n<script type=\"application\/ld+json\" class=\"yoast-schema-graph\">{\"@context\":\"https:\/\/schema.org\",\"@graph\":[{\"@type\":\"WebSite\",\"@id\":\"https:\/\/dev.acls-aatc.ca\/#website\",\"url\":\"https:\/\/dev.acls-aatc.ca\/\",\"name\":\"ACLS AATC\",\"description\":\"\",\"potentialAction\":[{\"@type\":\"SearchAction\",\"target\":{\"@type\":\"EntryPoint\",\"urlTemplate\":\"https:\/\/dev.acls-aatc.ca\/?s={search_term_string}\"},\"query-input\":\"required name=search_term_string\"}],\"inLanguage\":\"fr-FR\"},{\"@type\":\"WebPage\",\"@id\":\"https:\/\/dev.acls-aatc.ca\/fr\/expertise-autochtone\/a-propos-de-larpentage-sur-les-terres-des-reserves-des-premieres-nations\/#webpage\",\"url\":\"https:\/\/dev.acls-aatc.ca\/fr\/expertise-autochtone\/a-propos-de-larpentage-sur-les-terres-des-reserves-des-premieres-nations\/\",\"name\":\"\\u00c0 propos de l'arpentage sur les terres des r\\u00e9serves des Premi\\u00e8res nations - ACLS AATC\",\"isPartOf\":{\"@id\":\"https:\/\/dev.acls-aatc.ca\/#website\"},\"datePublished\":\"2017-06-05T16:01:20+00:00\",\"dateModified\":\"2017-08-28T14:36:27+00:00\",\"breadcrumb\":{\"@id\":\"https:\/\/dev.acls-aatc.ca\/fr\/expertise-autochtone\/a-propos-de-larpentage-sur-les-terres-des-reserves-des-premieres-nations\/#breadcrumb\"},\"inLanguage\":\"fr-FR\",\"potentialAction\":[{\"@type\":\"ReadAction\",\"target\":[\"https:\/\/dev.acls-aatc.ca\/fr\/expertise-autochtone\/a-propos-de-larpentage-sur-les-terres-des-reserves-des-premieres-nations\/\"]}]},{\"@type\":\"BreadcrumbList\",\"@id\":\"https:\/\/dev.acls-aatc.ca\/fr\/expertise-autochtone\/a-propos-de-larpentage-sur-les-terres-des-reserves-des-premieres-nations\/#breadcrumb\",\"itemListElement\":[{\"@type\":\"ListItem\",\"position\":1,\"name\":\"Home\",\"item\":\"https:\/\/dev.acls-aatc.ca\/fr\/\"},{\"@type\":\"ListItem\",\"position\":2,\"name\":\"Expertise autochtone\",\"item\":\"https:\/\/dev.acls-aatc.ca\/fr\/expertise-autochtone\/\"},{\"@type\":\"ListItem\",\"position\":3,\"name\":\"\\u00c0 propos de l&#8217;arpentage sur les terres des r\\u00e9serves des Premi\\u00e8res nations\"}]}]}<\/script>\n<!-- \/ Yoast SEO plugin. -->","yoast_head_json":{"robots":{"index":"index","follow":"follow","max-snippet":"max-snippet:-1","max-image-preview":"max-image-preview:large","max-video-preview":"max-video-preview:-1"},"canonical":"https:\/\/dev.acls-aatc.ca\/fr\/expertise-autochtone\/a-propos-de-larpentage-sur-les-terres-des-reserves-des-premieres-nations\/","og_locale":"fr_FR","og_type":"article","og_title":"\u00c0 propos de l'arpentage sur les terres des r\u00e9serves des Premi\u00e8res nations - ACLS AATC","og_description":"Pourquoi faire un lever? (ang) Comment les lev\u00e9s s&#8217;int\u00e8gre dans la gestion des terres? (ang) Quelle est la responsabilit\u00e9 du ATC? (ang) Quelle type de lev\u00e9s que nons avons de besoin? (ang) Comment avoir le meilleur d&#8217;un arpenteur des terres du Canada? (ang) Comment en apprendre d&#8217;avantage? (ang)","og_url":"https:\/\/dev.acls-aatc.ca\/fr\/expertise-autochtone\/a-propos-de-larpentage-sur-les-terres-des-reserves-des-premieres-nations\/","og_site_name":"ACLS AATC","article_modified_time":"2017-08-28T14:36:27+00:00","twitter_card":"summary","schema":{"@context":"https:\/\/schema.org","@graph":[{"@type":"WebSite","@id":"https:\/\/dev.acls-aatc.ca\/#website","url":"https:\/\/dev.acls-aatc.ca\/","name":"ACLS AATC","description":"","potentialAction":[{"@type":"SearchAction","target":{"@type":"EntryPoint","urlTemplate":"https:\/\/dev.acls-aatc.ca\/?s={search_term_string}"},"query-input":"required name=search_term_string"}],"inLanguage":"fr-FR"},{"@type":"WebPage","@id":"https:\/\/dev.acls-aatc.ca\/fr\/expertise-autochtone\/a-propos-de-larpentage-sur-les-terres-des-reserves-des-premieres-nations\/#webpage","url":"https:\/\/dev.acls-aatc.ca\/fr\/expertise-autochtone\/a-propos-de-larpentage-sur-les-terres-des-reserves-des-premieres-nations\/","name":"\u00c0 propos de l'arpentage sur les terres des r\u00e9serves des Premi\u00e8res nations - ACLS AATC","isPartOf":{"@id":"https:\/\/dev.acls-aatc.ca\/#website"},"datePublished":"2017-06-05T16:01:20+00:00","dateModified":"2017-08-28T14:36:27+00:00","breadcrumb":{"@id":"https:\/\/dev.acls-aatc.ca\/fr\/expertise-autochtone\/a-propos-de-larpentage-sur-les-terres-des-reserves-des-premieres-nations\/#breadcrumb"},"inLanguage":"fr-FR","potentialAction":[{"@type":"ReadAction","target":["https:\/\/dev.acls-aatc.ca\/fr\/expertise-autochtone\/a-propos-de-larpentage-sur-les-terres-des-reserves-des-premieres-nations\/"]}]},{"@type":"BreadcrumbList","@id":"https:\/\/dev.acls-aatc.ca\/fr\/expertise-autochtone\/a-propos-de-larpentage-sur-les-terres-des-reserves-des-premieres-nations\/#breadcrumb","itemListElement":[{"@type":"ListItem","position":1,"name":"Home","item":"https:\/\/dev.acls-aatc.ca\/fr\/"},{"@type":"ListItem","position":2,"name":"Expertise autochtone","item":"https:\/\/dev.acls-aatc.ca\/fr\/expertise-autochtone\/"},{"@type":"ListItem","position":3,"name":"\u00c0 propos de l&#8217;arpentage sur les terres des r\u00e9serves des Premi\u00e8res nations"}]}]}},"_links":{"self":[{"href":"https:\/\/dev.acls-aatc.ca\/fr\/wp-json\/wp\/v2\/pages\/924"}],"collection":[{"href":"https:\/\/dev.acls-aatc.ca\/fr\/wp-json\/wp\/v2\/pages"}],"about":[{"href":"https:\/\/dev.acls-aatc.ca\/fr\/wp-json\/wp\/v2\/types\/page"}],"author":[{"embeddable":true,"href":"https:\/\/dev.acls-aatc.ca\/fr\/wp-json\/wp\/v2\/users\/3"}],"replies":[{"embeddable":true,"href":"https:\/\/dev.acls-aatc.ca\/fr\/wp-json\/wp\/v2\/comments?post=924"}],"version-history":[{"count":5,"href":"https:\/\/dev.acls-aatc.ca\/fr\/wp-json\/wp\/v2\/pages\/924\/revisions"}],"predecessor-version":[{"id":2072,"href":"https:\/\/dev.acls-aatc.ca\/fr\/wp-json\/wp\/v2\/pages\/924\/revisions\/2072"}],"up":[{"embeddable":true,"href":"https:\/\/dev.acls-aatc.ca\/fr\/wp-json\/wp\/v2\/pages\/1830"}],"wp:attachment":[{"href":"https:\/\/dev.acls-aatc.ca\/fr\/wp-json\/wp\/v2\/media?parent=924"}],"curies":[{"name":"wp","href":"https:\/\/api.w.org\/{rel}","templated":true}]}}