{"id":913,"date":"2017-06-05T15:02:40","date_gmt":"2017-06-05T15:02:40","guid":{"rendered":"http:\/\/acls-aatc.tui.ninja\/?page_id=913\/"},"modified":"2021-05-11T16:30:22","modified_gmt":"2021-05-11T16:30:22","slug":"publications","status":"publish","type":"page","link":"https:\/\/dev.acls-aatc.ca\/fr\/membres-acceuil-2\/publications\/","title":{"rendered":"Publications"},"content":{"rendered":"<div class=\"entry\">\n<div class=\"region region-content\">\n<div id=\"block-system-main\" class=\"block block-system\">\n<div class=\"content\">\n<div id=\"node-259\" class=\"node node-page clearfix\">\n<div class=\"content\">\n<div class=\"field field-name-body field-type-text-with-summary field-label-hidden\">\n<div class=\"field-items\">\n<div class=\"field-item even\">\n<p>Les documents (en format PDF) suivants sont des outils de pratiques de la profession de l&#8217;arpentage sur les terres du Canada:<\/p>\n<p><a href=\"https:\/\/dev.acls-aatc.ca\/fr\/a-propos-de-laatc\/participation-avec-nrcan\/acls-2020-fr\/\" rel=\"attachment wp-att-9882\">ACLS Rapport Annuel 2020<\/a><\/p>\n<p><a href=\"https:\/\/dev.acls-aatc.ca\/fr\/membres-acceuil-2\/publications\/manuel_de_pratique_-_2015\/\" rel=\"attachment wp-att-6137\">Manuel_de_Pratique 2015<\/a><\/p>\n<p><a href=\"https:\/\/dev.acls-aatc.ca\/fr\/membres-acceuil-2\/publications\/k-workshop-report-2\/\" rel=\"attachment wp-att-6132\">Workshop Report<\/a><\/p>\n<p><a href=\"http:\/\/acls-aatc.tui.ninja\/wp-content\/uploads\/2017\/06\/Insurance-Check-List.pdf\">Liste de v\u00e9rification d&#8217;assurance (ang)<\/a><\/p>\n<p><a href=\"http:\/\/www.charts.gc.ca\/data-gestion\/standards-normes\/intro-fra.asp\">Normes pour les lev\u00e9s hydrographiques<\/a><\/p>\n<p><a href=\"http:\/\/acls-aatc.tui.ninja\/wp-content\/uploads\/2017\/06\/iho-manual.pdf\">Manuel de l&#8217;IHO sur l&#8217;Hydrographie (ang)<\/a><\/p>\n<p><a href=\"http:\/\/acls-aatc.tui.ninja\/wp-content\/uploads\/2017\/06\/IHO-Standards-for-hydro-surveys.pdf\">Standards de l&#8217;HO pour les lev\u00e9s Hydrographique (ang)<\/a><\/p>\n<p><a href=\"http:\/\/acls-aatc.tui.ninja\/wp-content\/uploads\/2017\/06\/Reports-Check-Lists.pdf\">Liste de v\u00e9rification d&#8217;un rapport (ang)<\/a><\/p>\n<p><a href=\"http:\/\/acls-aatc.tui.ninja\/wp-content\/uploads\/2017\/06\/MAP-2009.pdf\">Manuel de proc\u00e9dures administratives des normes de la pratique de l&#8217;AATC (ang)<\/a><\/p>\n<p><a href=\"https:\/\/www.psc-gpc.ca\/members-area\/insurance\/risk-management-guide\/\">PSC Loss Prevention and Practice Management Guide<\/a><\/p>\n<\/div>\n<\/div>\n<\/div>\n<\/div>\n<\/div>\n<\/div>\n<\/div>\n<\/div>\n<\/div>\n","protected":false},"excerpt":{"rendered":"<p>Les documents (en format PDF) suivants sont des outils de pratiques de la profession de l&#8217;arpentage sur les terres du Canada: ACLS Rapport Annuel 2020 Manuel_de_Pratique 2015 Workshop Report Liste de v\u00e9rification d&#8217;assurance (ang) Normes pour les lev\u00e9s hydrographiques Manuel de l&#8217;IHO sur l&#8217;Hydrographie (ang) Standards de l&#8217;HO pour les lev\u00e9s Hydrographique (ang) Liste de [&hellip;]<\/p>\n","protected":false},"author":3,"featured_media":0,"parent":905,"menu_order":5,"comment_status":"closed","ping_status":"closed","template":"","meta":[],"yoast_head":"<!-- This site is optimized with the Yoast SEO plugin v17.8 - https:\/\/yoast.com\/wordpress\/plugins\/seo\/ -->\n<meta name=\"robots\" content=\"index, follow, max-snippet:-1, max-image-preview:large, max-video-preview:-1\" \/>\n<link rel=\"canonical\" href=\"https:\/\/dev.acls-aatc.ca\/fr\/membres-acceuil-2\/publications\/\" \/>\n<meta property=\"og:locale\" content=\"fr_FR\" \/>\n<meta property=\"og:type\" content=\"article\" \/>\n<meta property=\"og:title\" content=\"Publications - ACLS AATC\" \/>\n<meta property=\"og:description\" content=\"Les documents (en format PDF) suivants sont des outils de pratiques de la profession de l&#8217;arpentage sur les terres du Canada: ACLS Rapport Annuel 2020 Manuel_de_Pratique 2015 Workshop Report Liste de v\u00e9rification d&#8217;assurance (ang) Normes pour les lev\u00e9s hydrographiques Manuel de l&#8217;IHO sur l&#8217;Hydrographie (ang) Standards de l&#8217;HO pour les lev\u00e9s Hydrographique (ang) Liste de [&hellip;]\" \/>\n<meta property=\"og:url\" content=\"https:\/\/dev.acls-aatc.ca\/fr\/membres-acceuil-2\/publications\/\" \/>\n<meta property=\"og:site_name\" content=\"ACLS AATC\" \/>\n<meta property=\"article:modified_time\" content=\"2021-05-11T16:30:22+00:00\" \/>\n<meta name=\"twitter:card\" content=\"summary\" \/>\n<script type=\"application\/ld+json\" class=\"yoast-schema-graph\">{\"@context\":\"https:\/\/schema.org\",\"@graph\":[{\"@type\":\"WebSite\",\"@id\":\"https:\/\/dev.acls-aatc.ca\/#website\",\"url\":\"https:\/\/dev.acls-aatc.ca\/\",\"name\":\"ACLS AATC\",\"description\":\"\",\"potentialAction\":[{\"@type\":\"SearchAction\",\"target\":{\"@type\":\"EntryPoint\",\"urlTemplate\":\"https:\/\/dev.acls-aatc.ca\/?s={search_term_string}\"},\"query-input\":\"required name=search_term_string\"}],\"inLanguage\":\"fr-FR\"},{\"@type\":\"WebPage\",\"@id\":\"https:\/\/dev.acls-aatc.ca\/fr\/membres-acceuil-2\/publications\/#webpage\",\"url\":\"https:\/\/dev.acls-aatc.ca\/fr\/membres-acceuil-2\/publications\/\",\"name\":\"Publications - ACLS AATC\",\"isPartOf\":{\"@id\":\"https:\/\/dev.acls-aatc.ca\/#website\"},\"datePublished\":\"2017-06-05T15:02:40+00:00\",\"dateModified\":\"2021-05-11T16:30:22+00:00\",\"breadcrumb\":{\"@id\":\"https:\/\/dev.acls-aatc.ca\/fr\/membres-acceuil-2\/publications\/#breadcrumb\"},\"inLanguage\":\"fr-FR\",\"potentialAction\":[{\"@type\":\"ReadAction\",\"target\":[\"https:\/\/dev.acls-aatc.ca\/fr\/membres-acceuil-2\/publications\/\"]}]},{\"@type\":\"BreadcrumbList\",\"@id\":\"https:\/\/dev.acls-aatc.ca\/fr\/membres-acceuil-2\/publications\/#breadcrumb\",\"itemListElement\":[{\"@type\":\"ListItem\",\"position\":1,\"name\":\"Home\",\"item\":\"https:\/\/dev.acls-aatc.ca\/fr\/\"},{\"@type\":\"ListItem\",\"position\":2,\"name\":\"Membres accueil\",\"item\":\"https:\/\/dev.acls-aatc.ca\/fr\/membres-acceuil-2\/\"},{\"@type\":\"ListItem\",\"position\":3,\"name\":\"Publications\"}]}]}<\/script>\n<!-- \/ Yoast SEO plugin. -->","yoast_head_json":{"robots":{"index":"index","follow":"follow","max-snippet":"max-snippet:-1","max-image-preview":"max-image-preview:large","max-video-preview":"max-video-preview:-1"},"canonical":"https:\/\/dev.acls-aatc.ca\/fr\/membres-acceuil-2\/publications\/","og_locale":"fr_FR","og_type":"article","og_title":"Publications - ACLS AATC","og_description":"Les documents (en format PDF) suivants sont des outils de pratiques de la profession de l&#8217;arpentage sur les terres du Canada: ACLS Rapport Annuel 2020 Manuel_de_Pratique 2015 Workshop Report Liste de v\u00e9rification d&#8217;assurance (ang) Normes pour les lev\u00e9s hydrographiques Manuel de l&#8217;IHO sur l&#8217;Hydrographie (ang) Standards de l&#8217;HO pour les lev\u00e9s Hydrographique (ang) Liste de [&hellip;]","og_url":"https:\/\/dev.acls-aatc.ca\/fr\/membres-acceuil-2\/publications\/","og_site_name":"ACLS AATC","article_modified_time":"2021-05-11T16:30:22+00:00","twitter_card":"summary","schema":{"@context":"https:\/\/schema.org","@graph":[{"@type":"WebSite","@id":"https:\/\/dev.acls-aatc.ca\/#website","url":"https:\/\/dev.acls-aatc.ca\/","name":"ACLS AATC","description":"","potentialAction":[{"@type":"SearchAction","target":{"@type":"EntryPoint","urlTemplate":"https:\/\/dev.acls-aatc.ca\/?s={search_term_string}"},"query-input":"required name=search_term_string"}],"inLanguage":"fr-FR"},{"@type":"WebPage","@id":"https:\/\/dev.acls-aatc.ca\/fr\/membres-acceuil-2\/publications\/#webpage","url":"https:\/\/dev.acls-aatc.ca\/fr\/membres-acceuil-2\/publications\/","name":"Publications - ACLS AATC","isPartOf":{"@id":"https:\/\/dev.acls-aatc.ca\/#website"},"datePublished":"2017-06-05T15:02:40+00:00","dateModified":"2021-05-11T16:30:22+00:00","breadcrumb":{"@id":"https:\/\/dev.acls-aatc.ca\/fr\/membres-acceuil-2\/publications\/#breadcrumb"},"inLanguage":"fr-FR","potentialAction":[{"@type":"ReadAction","target":["https:\/\/dev.acls-aatc.ca\/fr\/membres-acceuil-2\/publications\/"]}]},{"@type":"BreadcrumbList","@id":"https:\/\/dev.acls-aatc.ca\/fr\/membres-acceuil-2\/publications\/#breadcrumb","itemListElement":[{"@type":"ListItem","position":1,"name":"Home","item":"https:\/\/dev.acls-aatc.ca\/fr\/"},{"@type":"ListItem","position":2,"name":"Membres accueil","item":"https:\/\/dev.acls-aatc.ca\/fr\/membres-acceuil-2\/"},{"@type":"ListItem","position":3,"name":"Publications"}]}]}},"_links":{"self":[{"href":"https:\/\/dev.acls-aatc.ca\/fr\/wp-json\/wp\/v2\/pages\/913"}],"collection":[{"href":"https:\/\/dev.acls-aatc.ca\/fr\/wp-json\/wp\/v2\/pages"}],"about":[{"href":"https:\/\/dev.acls-aatc.ca\/fr\/wp-json\/wp\/v2\/types\/page"}],"author":[{"embeddable":true,"href":"https:\/\/dev.acls-aatc.ca\/fr\/wp-json\/wp\/v2\/users\/3"}],"replies":[{"embeddable":true,"href":"https:\/\/dev.acls-aatc.ca\/fr\/wp-json\/wp\/v2\/comments?post=913"}],"version-history":[{"count":12,"href":"https:\/\/dev.acls-aatc.ca\/fr\/wp-json\/wp\/v2\/pages\/913\/revisions"}],"predecessor-version":[{"id":9978,"href":"https:\/\/dev.acls-aatc.ca\/fr\/wp-json\/wp\/v2\/pages\/913\/revisions\/9978"}],"up":[{"embeddable":true,"href":"https:\/\/dev.acls-aatc.ca\/fr\/wp-json\/wp\/v2\/pages\/905"}],"wp:attachment":[{"href":"https:\/\/dev.acls-aatc.ca\/fr\/wp-json\/wp\/v2\/media?parent=913"}],"curies":[{"name":"wp","href":"https:\/\/api.w.org\/{rel}","templated":true}]}}