{"id":911,"date":"2017-06-05T15:01:56","date_gmt":"2017-06-05T15:01:56","guid":{"rendered":"http:\/\/acls-aatc.tui.ninja\/?page_id=911\/"},"modified":"2021-08-18T16:34:44","modified_gmt":"2021-08-18T16:34:44","slug":"communique","status":"publish","type":"page","link":"https:\/\/dev.acls-aatc.ca\/fr\/membres-acceuil-2\/communique\/","title":{"rendered":"Communiqu\u00e9"},"content":{"rendered":"<div class=\"entry\">\n<div class=\"region region-content\">\n<div id=\"block-system-main\" class=\"block block-system\">\n<div class=\"content\">\n<div id=\"node-320\" class=\"node node-page clearfix\">\n<div class=\"content\">\n<div class=\"field field-name-body field-type-text-with-summary field-label-hidden\">\n<div class=\"field-items\">\n<div class=\"field-item even\">\n<p>Cliquez sur l&#8217;\u00e9dition de Communiqu\u00e9 que vous desirez<\/p>\n<p><a href=\"https:\/\/dev.acls-aatc.ca\/fr\/membres-acceuil-2\/communique\/communique-vol-26-no-1-fr\/\" rel=\"attachment wp-att-10372\">Communiqu\u00e9 Vol 26 No. 1<\/a><\/p>\n<p><a href=\"https:\/\/dev.acls-aatc.ca\/fr\/membres-acceuil-2\/communique\/communique-fr-vol-25-no-1-2\/\" rel=\"attachment wp-att-9038\">Communiqu\u00e9 Vol 25 No. 1<\/a><\/p>\n<p><a href=\"https:\/\/www.acls-aatc.ca\/wp-content\/uploads\/2020\/08\/Communiqu\u00e9-FR-.pdf\">Communiqu\u00e9 Vol 24 No. 1<\/a><\/p>\n<p><a href=\"https:\/\/dev.acls-aatc.ca\/fr\/membres-acceuil-2\/communique\/communique-aout-2019-final-fr-2-3\/\" rel=\"attachment wp-att-6260\">Communiqu\u00e9 Vol. 23 No. 1<\/a><\/p>\n<p><a href=\"https:\/\/www.acls-aatc.ca\/wp-content\/uploads\/2018\/08\/Ao%C3%BBt-2018-French-1.pdf\">Communiqu\u00e9 Vol 22 No. 1<\/a><\/p>\n<p><a href=\"https:\/\/www.acls-aatc.ca\/wp-content\/uploads\/2017\/10\/July-2017-French-2.pdf\" rel=\"attachment wp-att-1934\">Communiqu\u00e9 <\/a><a href=\"https:\/\/www.acls-aatc.ca\/wp-content\/uploads\/2017\/10\/July-2017-French-2.pdf\" rel=\"attachment wp-att-1934\">Vol. 21 No. 1<\/a><\/p>\n<p><a href=\"http:\/\/acls-aatc.tui.ninja\/wp-content\/uploads\/2017\/06\/August-2016-French.pdf\">Communiqu\u00e9 Vol. 20 No. 1<\/a><\/p>\n<p><a href=\"http:\/\/acls-aatc.tui.ninja\/wp-content\/uploads\/2017\/06\/August-2015-FRENCH.pdf\">Communiqu\u00e9 Vol. 19 No. 2<\/a><\/p>\n<p><a href=\"http:\/\/acls-aatc.tui.ninja\/wp-content\/uploads\/2017\/06\/March-2015-English.pdf\">Communiqu\u00e9 Vol. 19 No. 1<\/a><\/p>\n<p><a href=\"http:\/\/acls-aatc.tui.ninja\/wp-content\/uploads\/2017\/06\/August-2014-French.pdf\">Communiqu\u00e9 Vol. 18 No. 2<\/a><\/p>\n<p><a href=\"http:\/\/acls-aatc.tui.ninja\/wp-content\/uploads\/2017\/06\/February-2014-French.pdf\">Communiqu\u00e9 Vol. 18 No. 1 <\/a><\/p>\n<p><a href=\"http:\/\/acls-aatc.tui.ninja\/wp-content\/uploads\/2017\/06\/Augsut2013-French-1.pdf\">Communiqu\u00e9 Vol. 17 No. 2<\/a><\/p>\n<p><a href=\"http:\/\/acls-aatc.tui.ninja\/wp-content\/uploads\/2017\/06\/February2013-French.doc\">Communiqu\u00e9 Vol. 17 No. 1 <\/a><\/p>\n<p><a href=\"http:\/\/acls-aatc.tui.ninja\/wp-content\/uploads\/2017\/06\/September-2012-FRENCH.pdf\">Communiqu\u00e9 Vol. 16 No. 2<\/a><\/p>\n<p><a href=\"http:\/\/acls-aatc.tui.ninja\/wp-content\/uploads\/2017\/06\/February2012_French.pdf\">Communiqu\u00e9 Vol. 16 No. 1<\/a><\/p>\n<p><a href=\"https:\/\/www.acls-aatc.ca\/files\/english\/publications\/September2011.pdf\">Communiqu\u00e9 Vol 15 No. 1<\/a><\/p>\n<\/div>\n<\/div>\n<\/div>\n<\/div>\n<\/div>\n<\/div>\n<\/div>\n<\/div>\n<\/div>\n","protected":false},"excerpt":{"rendered":"<p>Cliquez sur l&#8217;\u00e9dition de Communiqu\u00e9 que vous desirez Communiqu\u00e9 Vol 26 No. 1 Communiqu\u00e9 Vol 25 No. 1 Communiqu\u00e9 Vol 24 No. 1 Communiqu\u00e9 Vol. 23 No. 1 Communiqu\u00e9 Vol 22 No. 1 Communiqu\u00e9 Vol. 21 No. 1 Communiqu\u00e9 Vol. 20 No. 1 Communiqu\u00e9 Vol. 19 No. 2 Communiqu\u00e9 Vol. 19 No. 1 Communiqu\u00e9 Vol. [&hellip;]<\/p>\n","protected":false},"author":3,"featured_media":0,"parent":905,"menu_order":6,"comment_status":"closed","ping_status":"closed","template":"","meta":[],"yoast_head":"<!-- This site is optimized with the Yoast SEO plugin v17.8 - https:\/\/yoast.com\/wordpress\/plugins\/seo\/ -->\n<meta name=\"robots\" content=\"index, follow, max-snippet:-1, max-image-preview:large, max-video-preview:-1\" \/>\n<link rel=\"canonical\" href=\"https:\/\/dev.acls-aatc.ca\/fr\/membres-acceuil-2\/communique\/\" \/>\n<meta property=\"og:locale\" content=\"fr_FR\" \/>\n<meta property=\"og:type\" content=\"article\" \/>\n<meta property=\"og:title\" content=\"Communiqu\u00e9 - ACLS AATC\" \/>\n<meta property=\"og:description\" content=\"Cliquez sur l&#8217;\u00e9dition de Communiqu\u00e9 que vous desirez Communiqu\u00e9 Vol 26 No. 1 Communiqu\u00e9 Vol 25 No. 1 Communiqu\u00e9 Vol 24 No. 1 Communiqu\u00e9 Vol. 23 No. 1 Communiqu\u00e9 Vol 22 No. 1 Communiqu\u00e9 Vol. 21 No. 1 Communiqu\u00e9 Vol. 20 No. 1 Communiqu\u00e9 Vol. 19 No. 2 Communiqu\u00e9 Vol. 19 No. 1 Communiqu\u00e9 Vol. [&hellip;]\" \/>\n<meta property=\"og:url\" content=\"https:\/\/dev.acls-aatc.ca\/fr\/membres-acceuil-2\/communique\/\" \/>\n<meta property=\"og:site_name\" content=\"ACLS AATC\" \/>\n<meta property=\"article:modified_time\" content=\"2021-08-18T16:34:44+00:00\" \/>\n<meta name=\"twitter:card\" content=\"summary\" \/>\n<meta name=\"twitter:label1\" content=\"Dur\u00e9e de lecture estim\u00e9e\" \/>\n\t<meta name=\"twitter:data1\" content=\"1 minute\" \/>\n<script type=\"application\/ld+json\" class=\"yoast-schema-graph\">{\"@context\":\"https:\/\/schema.org\",\"@graph\":[{\"@type\":\"WebSite\",\"@id\":\"https:\/\/dev.acls-aatc.ca\/#website\",\"url\":\"https:\/\/dev.acls-aatc.ca\/\",\"name\":\"ACLS AATC\",\"description\":\"\",\"potentialAction\":[{\"@type\":\"SearchAction\",\"target\":{\"@type\":\"EntryPoint\",\"urlTemplate\":\"https:\/\/dev.acls-aatc.ca\/?s={search_term_string}\"},\"query-input\":\"required name=search_term_string\"}],\"inLanguage\":\"fr-FR\"},{\"@type\":\"WebPage\",\"@id\":\"https:\/\/dev.acls-aatc.ca\/fr\/membres-acceuil-2\/communique\/#webpage\",\"url\":\"https:\/\/dev.acls-aatc.ca\/fr\/membres-acceuil-2\/communique\/\",\"name\":\"Communiqu\\u00e9 - ACLS AATC\",\"isPartOf\":{\"@id\":\"https:\/\/dev.acls-aatc.ca\/#website\"},\"datePublished\":\"2017-06-05T15:01:56+00:00\",\"dateModified\":\"2021-08-18T16:34:44+00:00\",\"breadcrumb\":{\"@id\":\"https:\/\/dev.acls-aatc.ca\/fr\/membres-acceuil-2\/communique\/#breadcrumb\"},\"inLanguage\":\"fr-FR\",\"potentialAction\":[{\"@type\":\"ReadAction\",\"target\":[\"https:\/\/dev.acls-aatc.ca\/fr\/membres-acceuil-2\/communique\/\"]}]},{\"@type\":\"BreadcrumbList\",\"@id\":\"https:\/\/dev.acls-aatc.ca\/fr\/membres-acceuil-2\/communique\/#breadcrumb\",\"itemListElement\":[{\"@type\":\"ListItem\",\"position\":1,\"name\":\"Home\",\"item\":\"https:\/\/dev.acls-aatc.ca\/fr\/\"},{\"@type\":\"ListItem\",\"position\":2,\"name\":\"Membres accueil\",\"item\":\"https:\/\/dev.acls-aatc.ca\/fr\/membres-acceuil-2\/\"},{\"@type\":\"ListItem\",\"position\":3,\"name\":\"Communiqu\\u00e9\"}]}]}<\/script>\n<!-- \/ Yoast SEO plugin. -->","yoast_head_json":{"robots":{"index":"index","follow":"follow","max-snippet":"max-snippet:-1","max-image-preview":"max-image-preview:large","max-video-preview":"max-video-preview:-1"},"canonical":"https:\/\/dev.acls-aatc.ca\/fr\/membres-acceuil-2\/communique\/","og_locale":"fr_FR","og_type":"article","og_title":"Communiqu\u00e9 - ACLS AATC","og_description":"Cliquez sur l&#8217;\u00e9dition de Communiqu\u00e9 que vous desirez Communiqu\u00e9 Vol 26 No. 1 Communiqu\u00e9 Vol 25 No. 1 Communiqu\u00e9 Vol 24 No. 1 Communiqu\u00e9 Vol. 23 No. 1 Communiqu\u00e9 Vol 22 No. 1 Communiqu\u00e9 Vol. 21 No. 1 Communiqu\u00e9 Vol. 20 No. 1 Communiqu\u00e9 Vol. 19 No. 2 Communiqu\u00e9 Vol. 19 No. 1 Communiqu\u00e9 Vol. [&hellip;]","og_url":"https:\/\/dev.acls-aatc.ca\/fr\/membres-acceuil-2\/communique\/","og_site_name":"ACLS AATC","article_modified_time":"2021-08-18T16:34:44+00:00","twitter_card":"summary","twitter_misc":{"Dur\u00e9e de lecture estim\u00e9e":"1 minute"},"schema":{"@context":"https:\/\/schema.org","@graph":[{"@type":"WebSite","@id":"https:\/\/dev.acls-aatc.ca\/#website","url":"https:\/\/dev.acls-aatc.ca\/","name":"ACLS AATC","description":"","potentialAction":[{"@type":"SearchAction","target":{"@type":"EntryPoint","urlTemplate":"https:\/\/dev.acls-aatc.ca\/?s={search_term_string}"},"query-input":"required name=search_term_string"}],"inLanguage":"fr-FR"},{"@type":"WebPage","@id":"https:\/\/dev.acls-aatc.ca\/fr\/membres-acceuil-2\/communique\/#webpage","url":"https:\/\/dev.acls-aatc.ca\/fr\/membres-acceuil-2\/communique\/","name":"Communiqu\u00e9 - ACLS AATC","isPartOf":{"@id":"https:\/\/dev.acls-aatc.ca\/#website"},"datePublished":"2017-06-05T15:01:56+00:00","dateModified":"2021-08-18T16:34:44+00:00","breadcrumb":{"@id":"https:\/\/dev.acls-aatc.ca\/fr\/membres-acceuil-2\/communique\/#breadcrumb"},"inLanguage":"fr-FR","potentialAction":[{"@type":"ReadAction","target":["https:\/\/dev.acls-aatc.ca\/fr\/membres-acceuil-2\/communique\/"]}]},{"@type":"BreadcrumbList","@id":"https:\/\/dev.acls-aatc.ca\/fr\/membres-acceuil-2\/communique\/#breadcrumb","itemListElement":[{"@type":"ListItem","position":1,"name":"Home","item":"https:\/\/dev.acls-aatc.ca\/fr\/"},{"@type":"ListItem","position":2,"name":"Membres accueil","item":"https:\/\/dev.acls-aatc.ca\/fr\/membres-acceuil-2\/"},{"@type":"ListItem","position":3,"name":"Communiqu\u00e9"}]}]}},"_links":{"self":[{"href":"https:\/\/dev.acls-aatc.ca\/fr\/wp-json\/wp\/v2\/pages\/911"}],"collection":[{"href":"https:\/\/dev.acls-aatc.ca\/fr\/wp-json\/wp\/v2\/pages"}],"about":[{"href":"https:\/\/dev.acls-aatc.ca\/fr\/wp-json\/wp\/v2\/types\/page"}],"author":[{"embeddable":true,"href":"https:\/\/dev.acls-aatc.ca\/fr\/wp-json\/wp\/v2\/users\/3"}],"replies":[{"embeddable":true,"href":"https:\/\/dev.acls-aatc.ca\/fr\/wp-json\/wp\/v2\/comments?post=911"}],"version-history":[{"count":25,"href":"https:\/\/dev.acls-aatc.ca\/fr\/wp-json\/wp\/v2\/pages\/911\/revisions"}],"predecessor-version":[{"id":10374,"href":"https:\/\/dev.acls-aatc.ca\/fr\/wp-json\/wp\/v2\/pages\/911\/revisions\/10374"}],"up":[{"embeddable":true,"href":"https:\/\/dev.acls-aatc.ca\/fr\/wp-json\/wp\/v2\/pages\/905"}],"wp:attachment":[{"href":"https:\/\/dev.acls-aatc.ca\/fr\/wp-json\/wp\/v2\/media?parent=911"}],"curies":[{"name":"wp","href":"https:\/\/api.w.org\/{rel}","templated":true}]}}