{"id":907,"date":"2017-06-05T15:00:32","date_gmt":"2017-06-05T15:00:32","guid":{"rendered":"http:\/\/acls-aatc.tui.ninja\/?page_id=907\/"},"modified":"2021-03-09T20:13:40","modified_gmt":"2021-03-09T20:13:40","slug":"reglements-administratifs","status":"publish","type":"page","link":"https:\/\/dev.acls-aatc.ca\/fr\/a-propos-de-laatc\/gouvernance-et-legislation\/reglements-administratifs\/","title":{"rendered":"R\u00e8glements administratifs"},"content":{"rendered":"<p>Une version compl\u00e8te et mis-\u00e0-jour des r\u00e8glements administratifs de l&#8217;AATC peut \u00eatre trouv\u00e9 <a href=\"https:\/\/www.acls-aatc.ca\/wp-content\/uploads\/2020\/09\/CONSOLIDATED_BYLAWS-Final.pdf\">ICI\u00a0<\/a><\/p>\n<p><a href=\"https:\/\/dev.acls-aatc.ca\/fr\/a-propos-de-laatc\/gouvernance-et-legislation\/reglements-administratifs\/recommendations_de_lassociation_concernant_la_modernization_de_la_loi-20-03-11-2\/\" rel=\"attachment wp-att-8101\">Recommendations_de_l&#8217;Association_concernant_la_modernization_de_la_Loi 20-03-11<\/a><\/p>\n","protected":false},"excerpt":{"rendered":"<p>Une version compl\u00e8te et mis-\u00e0-jour des r\u00e8glements administratifs de l&#8217;AATC peut \u00eatre trouv\u00e9 ICI\u00a0 Recommendations_de_l&#8217;Association_concernant_la_modernization_de_la_Loi 20-03-11<\/p>\n","protected":false},"author":3,"featured_media":0,"parent":399,"menu_order":2,"comment_status":"closed","ping_status":"closed","template":"","meta":[],"yoast_head":"<!-- This site is optimized with the Yoast SEO plugin v17.8 - https:\/\/yoast.com\/wordpress\/plugins\/seo\/ -->\n<meta name=\"robots\" content=\"index, follow, max-snippet:-1, max-image-preview:large, max-video-preview:-1\" \/>\n<link rel=\"canonical\" href=\"https:\/\/dev.acls-aatc.ca\/fr\/a-propos-de-laatc\/gouvernance-et-legislation\/reglements-administratifs\/\" \/>\n<meta property=\"og:locale\" content=\"fr_FR\" \/>\n<meta property=\"og:type\" content=\"article\" \/>\n<meta property=\"og:title\" content=\"R\u00e8glements administratifs - ACLS AATC\" \/>\n<meta property=\"og:description\" content=\"Une version compl\u00e8te et mis-\u00e0-jour des r\u00e8glements administratifs de l&#8217;AATC peut \u00eatre trouv\u00e9 ICI\u00a0 Recommendations_de_l&#8217;Association_concernant_la_modernization_de_la_Loi 20-03-11\" \/>\n<meta property=\"og:url\" content=\"https:\/\/dev.acls-aatc.ca\/fr\/a-propos-de-laatc\/gouvernance-et-legislation\/reglements-administratifs\/\" \/>\n<meta property=\"og:site_name\" content=\"ACLS AATC\" \/>\n<meta property=\"article:modified_time\" content=\"2021-03-09T20:13:40+00:00\" \/>\n<meta name=\"twitter:card\" content=\"summary\" \/>\n<script type=\"application\/ld+json\" class=\"yoast-schema-graph\">{\"@context\":\"https:\/\/schema.org\",\"@graph\":[{\"@type\":\"WebSite\",\"@id\":\"https:\/\/dev.acls-aatc.ca\/#website\",\"url\":\"https:\/\/dev.acls-aatc.ca\/\",\"name\":\"ACLS AATC\",\"description\":\"\",\"potentialAction\":[{\"@type\":\"SearchAction\",\"target\":{\"@type\":\"EntryPoint\",\"urlTemplate\":\"https:\/\/dev.acls-aatc.ca\/?s={search_term_string}\"},\"query-input\":\"required name=search_term_string\"}],\"inLanguage\":\"fr-FR\"},{\"@type\":\"WebPage\",\"@id\":\"https:\/\/dev.acls-aatc.ca\/fr\/a-propos-de-laatc\/gouvernance-et-legislation\/reglements-administratifs\/#webpage\",\"url\":\"https:\/\/dev.acls-aatc.ca\/fr\/a-propos-de-laatc\/gouvernance-et-legislation\/reglements-administratifs\/\",\"name\":\"R\\u00e8glements administratifs - ACLS AATC\",\"isPartOf\":{\"@id\":\"https:\/\/dev.acls-aatc.ca\/#website\"},\"datePublished\":\"2017-06-05T15:00:32+00:00\",\"dateModified\":\"2021-03-09T20:13:40+00:00\",\"breadcrumb\":{\"@id\":\"https:\/\/dev.acls-aatc.ca\/fr\/a-propos-de-laatc\/gouvernance-et-legislation\/reglements-administratifs\/#breadcrumb\"},\"inLanguage\":\"fr-FR\",\"potentialAction\":[{\"@type\":\"ReadAction\",\"target\":[\"https:\/\/dev.acls-aatc.ca\/fr\/a-propos-de-laatc\/gouvernance-et-legislation\/reglements-administratifs\/\"]}]},{\"@type\":\"BreadcrumbList\",\"@id\":\"https:\/\/dev.acls-aatc.ca\/fr\/a-propos-de-laatc\/gouvernance-et-legislation\/reglements-administratifs\/#breadcrumb\",\"itemListElement\":[{\"@type\":\"ListItem\",\"position\":1,\"name\":\"Home\",\"item\":\"https:\/\/dev.acls-aatc.ca\/fr\/\"},{\"@type\":\"ListItem\",\"position\":2,\"name\":\"Le mandat de l\\u2019AATC\",\"item\":\"https:\/\/dev.acls-aatc.ca\/fr\/a-propos-de-laatc\/\"},{\"@type\":\"ListItem\",\"position\":3,\"name\":\"Gouvernance et L\\u00e9gislation\",\"item\":\"https:\/\/dev.acls-aatc.ca\/fr\/a-propos-de-laatc\/gouvernance-et-legislation\/\"},{\"@type\":\"ListItem\",\"position\":4,\"name\":\"R\\u00e8glements administratifs\"}]}]}<\/script>\n<!-- \/ Yoast SEO plugin. -->","yoast_head_json":{"robots":{"index":"index","follow":"follow","max-snippet":"max-snippet:-1","max-image-preview":"max-image-preview:large","max-video-preview":"max-video-preview:-1"},"canonical":"https:\/\/dev.acls-aatc.ca\/fr\/a-propos-de-laatc\/gouvernance-et-legislation\/reglements-administratifs\/","og_locale":"fr_FR","og_type":"article","og_title":"R\u00e8glements administratifs - ACLS AATC","og_description":"Une version compl\u00e8te et mis-\u00e0-jour des r\u00e8glements administratifs de l&#8217;AATC peut \u00eatre trouv\u00e9 ICI\u00a0 Recommendations_de_l&#8217;Association_concernant_la_modernization_de_la_Loi 20-03-11","og_url":"https:\/\/dev.acls-aatc.ca\/fr\/a-propos-de-laatc\/gouvernance-et-legislation\/reglements-administratifs\/","og_site_name":"ACLS AATC","article_modified_time":"2021-03-09T20:13:40+00:00","twitter_card":"summary","schema":{"@context":"https:\/\/schema.org","@graph":[{"@type":"WebSite","@id":"https:\/\/dev.acls-aatc.ca\/#website","url":"https:\/\/dev.acls-aatc.ca\/","name":"ACLS AATC","description":"","potentialAction":[{"@type":"SearchAction","target":{"@type":"EntryPoint","urlTemplate":"https:\/\/dev.acls-aatc.ca\/?s={search_term_string}"},"query-input":"required name=search_term_string"}],"inLanguage":"fr-FR"},{"@type":"WebPage","@id":"https:\/\/dev.acls-aatc.ca\/fr\/a-propos-de-laatc\/gouvernance-et-legislation\/reglements-administratifs\/#webpage","url":"https:\/\/dev.acls-aatc.ca\/fr\/a-propos-de-laatc\/gouvernance-et-legislation\/reglements-administratifs\/","name":"R\u00e8glements administratifs - ACLS AATC","isPartOf":{"@id":"https:\/\/dev.acls-aatc.ca\/#website"},"datePublished":"2017-06-05T15:00:32+00:00","dateModified":"2021-03-09T20:13:40+00:00","breadcrumb":{"@id":"https:\/\/dev.acls-aatc.ca\/fr\/a-propos-de-laatc\/gouvernance-et-legislation\/reglements-administratifs\/#breadcrumb"},"inLanguage":"fr-FR","potentialAction":[{"@type":"ReadAction","target":["https:\/\/dev.acls-aatc.ca\/fr\/a-propos-de-laatc\/gouvernance-et-legislation\/reglements-administratifs\/"]}]},{"@type":"BreadcrumbList","@id":"https:\/\/dev.acls-aatc.ca\/fr\/a-propos-de-laatc\/gouvernance-et-legislation\/reglements-administratifs\/#breadcrumb","itemListElement":[{"@type":"ListItem","position":1,"name":"Home","item":"https:\/\/dev.acls-aatc.ca\/fr\/"},{"@type":"ListItem","position":2,"name":"Le mandat de l\u2019AATC","item":"https:\/\/dev.acls-aatc.ca\/fr\/a-propos-de-laatc\/"},{"@type":"ListItem","position":3,"name":"Gouvernance et L\u00e9gislation","item":"https:\/\/dev.acls-aatc.ca\/fr\/a-propos-de-laatc\/gouvernance-et-legislation\/"},{"@type":"ListItem","position":4,"name":"R\u00e8glements administratifs"}]}]}},"_links":{"self":[{"href":"https:\/\/dev.acls-aatc.ca\/fr\/wp-json\/wp\/v2\/pages\/907"}],"collection":[{"href":"https:\/\/dev.acls-aatc.ca\/fr\/wp-json\/wp\/v2\/pages"}],"about":[{"href":"https:\/\/dev.acls-aatc.ca\/fr\/wp-json\/wp\/v2\/types\/page"}],"author":[{"embeddable":true,"href":"https:\/\/dev.acls-aatc.ca\/fr\/wp-json\/wp\/v2\/users\/3"}],"replies":[{"embeddable":true,"href":"https:\/\/dev.acls-aatc.ca\/fr\/wp-json\/wp\/v2\/comments?post=907"}],"version-history":[{"count":10,"href":"https:\/\/dev.acls-aatc.ca\/fr\/wp-json\/wp\/v2\/pages\/907\/revisions"}],"predecessor-version":[{"id":8651,"href":"https:\/\/dev.acls-aatc.ca\/fr\/wp-json\/wp\/v2\/pages\/907\/revisions\/8651"}],"up":[{"embeddable":true,"href":"https:\/\/dev.acls-aatc.ca\/fr\/wp-json\/wp\/v2\/pages\/399"}],"wp:attachment":[{"href":"https:\/\/dev.acls-aatc.ca\/fr\/wp-json\/wp\/v2\/media?parent=907"}],"curies":[{"name":"wp","href":"https:\/\/api.w.org\/{rel}","templated":true}]}}