{"id":8675,"date":"2020-10-08T12:01:29","date_gmt":"2020-10-08T16:01:29","guid":{"rendered":"https:\/\/www.acls-aatc.ca\/?page_id=8675"},"modified":"2021-07-29T18:24:14","modified_gmt":"2021-07-29T18:24:14","slug":"formulaires-non-membres","status":"publish","type":"page","link":"https:\/\/dev.acls-aatc.ca\/fr\/formulaires-non-membres\/","title":{"rendered":"Formulaires (non membres)"},"content":{"rendered":"<hr \/>\n<h1 title=\"Formulaires\">Formulaires<\/h1>\n<div class=\"entry\">\n<ul>\n<li>La plupart des formulaires sont disponibles en deux versions\u00a0: une version en format Word qui peut \u00eatre compl\u00e9t\u00e9e \u00e0 l\u2019aide d\u2019une souris d\u2019ordinateur et en saisissant l\u2019information pour chacune des questions, et une version en format PDF qui peut \u00eatre imprim\u00e9e et compl\u00e9t\u00e9e \u00e0 la main. Les formulaires ne n\u00e9cessitant pas de signature peuvent \u00eatre envoy\u00e9s par courriel aux bureaux de l\u2019AATC.Plusieurs formulaires qui exigent un paiement sont li\u00e9s \u00e0 notre syst\u00e8me de commerce \u00e9lectronique, qui est s\u00e9curis\u00e9. SVP effectuez votre paiement de cette mani\u00e8re.Formulaires de candidat\n<ul>\n<li>Inscription de candidat.<a href=\"https:\/\/dev.acls-aatc.ca\/fr\/membres-acceuil-2\/cand140801pdff-2\/\" rel=\"attachment wp-att-660\">PDF<\/a>,\u00a0<a href=\"https:\/\/dev.acls-aatc.ca\/fr\/membres-acceuil-2\/cand140801wf-2\/\" rel=\"attachment wp-att-661\">WORD<\/a> (<a href=\"https:\/\/dev.acls-aatc.ca\/fr\/produit\/paiement-de-facture-ou-de-cotisation\/\">EFFECTUER LE PAIEMENT<\/a>)<\/li>\n<li>Inscription d\u2019examen(s) pour les candidats ne d\u00e9tenant pas un brevet d&#8217;a.-g. provincial <a href=\"https:\/\/dev.acls-aatc.ca\/fr\/membres-acceuil-2\/formulaires-2\/inscription-aux-examens-5\/\" rel=\"attachment wp-att-7880\">PDF<\/a><\/li>\n<li>Inscription d&#8217;examen pour les candidats d\u00e9tenant un brevet d&#8217;a.-g. provincial <a href=\"https:\/\/dev.acls-aatc.ca\/fr\/membres-acceuil-2\/exam110726pdff-2\/\" rel=\"attachment wp-att-663\">PDF<\/a><\/li>\n<li>D\u00e9claration du surveillant pour l&#8217;examen en ligne <a href=\"https:\/\/dev.acls-aatc.ca\/fr\/membres-acceuil-2\/formulaires-2\/declaration-du-surveillant-20-03-05\/\" rel=\"attachment wp-att-7944\">PDF<\/a><\/li>\n<li>Serment d\u2019ATC <a href=\"https:\/\/dev.acls-aatc.ca\/fr\/membres-acceuil-2\/oath100922pdff-2\/\" rel=\"attachment wp-att-665\">PDF<\/a>,\u00a0<a href=\"https:\/\/dev.acls-aatc.ca\/fr\/membres-acceuil-2\/oath100922wf-2\/\" rel=\"attachment wp-att-666\">WORD<\/a> (<a href=\"https:\/\/dev.acls-aatc.ca\/fr\/produit\/paiement-de-facture-ou-de-cotisation\/\">EFFECTUER LE PAIEMENT<\/a>)<\/li>\n<li>Affirmation solennelle d\u2019ATC <a href=\"https:\/\/dev.acls-aatc.ca\/fr\/membres-acceuil-2\/sole100922pdff-2\/\" rel=\"attachment wp-att-667\">PDF<\/a>,\u00a0<a href=\"https:\/\/dev.acls-aatc.ca\/fr\/membres-acceuil-2\/sole100922wf-2\/\" rel=\"attachment wp-att-668\">WORD<\/a> (<a href=\"https:\/\/dev.acls-aatc.ca\/fr\/produit\/paiement-de-facture-ou-de-cotisation\/\">EFFECTUER LE PAIEMENT<\/a>)<\/li>\n<\/ul>\n<p>Programme de certification des hydrographes<\/p>\n<ul>\n<li>PCHC manuel du candidats <a href=\"https:\/\/dev.acls-aatc.ca\/fr\/formulaires-non-membres\/pchc-manuel-du-candidate-v20-dec-2020-2\/\" rel=\"attachment wp-att-9841\">PDF<\/a><\/li>\n<li>PCHC formulaire d&#8217;inscription <a href=\"https:\/\/dev.acls-aatc.ca\/fr\/membres-acceuil-2\/pch-inscription-17-03-23-2\/\" rel=\"attachment wp-att-670\">WORD<\/a><\/li>\n<li>PCHC liste de contr\u00f4le pour inscription <a href=\"https:\/\/dev.acls-aatc.ca\/fr\/membres-acceuil-2\/formulaires-2\/pchc-liste-de-controle-inscription_v3_19-08-12\/\" rel=\"attachment wp-att-6222\">WORD<\/a><\/li>\n<li>PCHC instruction pour l&#8217;inscription <a href=\"https:\/\/dev.acls-aatc.ca\/fr\/membres-acceuil-2\/formulaires-2\/pchc_instructions_pour_l_inscription_pdf_aout_2019\/\" rel=\"attachment wp-att-6220\">PDF<\/a><\/li>\n<li>PCHC formulaire d&#8217;incription HEC <a href=\"https:\/\/dev.acls-aatc.ca\/fr\/membres-acceuil-2\/formulaires-2\/pchc_formulaire_inscription_hec\/\" rel=\"attachment wp-att-9546\">WORD<\/a><\/li>\n<li>PCHC liste de controle inscription <a href=\"https:\/\/dev.acls-aatc.ca\/fr\/membres-acceuil-2\/formulaires-2\/pchc_liste_de_controle_inscription_hec_21-03-12\/\" rel=\"attachment wp-att-9548\">PDF<\/a><\/li>\n<li>PHCP questionnaire d\u2019auto-\u00e9valuation <a href=\"https:\/\/dev.acls-aatc.ca\/fr\/membres-acceuil-2\/formulaires-2\/pchc-questionnaire-dauto-evaluation-2\/\" rel=\"attachment wp-att-10004\">WORD<\/a><\/li>\n<li>PCHC formulaire de demande d&#8217;\u00e9quivalence <a href=\"https:\/\/dev.acls-aatc.ca\/fr\/membres-acceuil-2\/pchc-demande-dequivalences-17-03-24-2\/\" rel=\"attachment wp-att-675\">WORD<\/a><\/li>\n<li>PCHC instructions pour la demande d&#8217;\u00e9quivalence <a href=\"https:\/\/dev.acls-aatc.ca\/fr\/pchc-instructions-pour-la-demande-dequivalence\/pchc-demande-dequivalences-17-03-24-3\/\" rel=\"attachment wp-att-2808\">PDF<\/a><\/li>\n<li>PCHC journal d&#8217;expereice pour inscription initial <a href=\"https:\/\/dev.acls-aatc.ca\/fr\/membres-acceuil-2\/formulaires-2\/pchc_journal_experience_17-03-23-2\/\" rel=\"attachment wp-att-6436\">WORD<\/a><\/li>\n<li>PCHC r\u00e9sum\u00e9 du journal d\u2019exp\u00e9rience <a href=\"https:\/\/dev.acls-aatc.ca\/fr\/membres-acceuil-2\/pchc-resume-du-journal-dexperience-17-03-23-2\/\" rel=\"attachment wp-att-678\">WORD<\/a><\/li>\n<li>PCHC instructions pour le journal d&#8217;exp\u00e9rience <a href=\"https:\/\/dev.acls-aatc.ca\/fr\/membres-acceuil-2\/pchc-instruction-journal-dexperience-2\/\" rel=\"attachment wp-att-679\">PDF<\/a><\/li>\n<li>PCHC cours maritimes ou \u00e9quivalences <a href=\"https:\/\/dev.acls-aatc.ca\/fr\/pchc-cours-maritimes-ou-equivalences\/pchc-cours-maritimes-ou-equivalents-3\/\" rel=\"attachment wp-att-2814\">PDF<\/a><\/li>\n<li>PCHC demande d&#8217;approbation de rapport de projet <a href=\"https:\/\/dev.acls-aatc.ca\/fr\/membres-acceuil-2\/pchc-rapport-de-projet-demande-dapprobation-2\/\" rel=\"attachment wp-att-681\">WORD<\/a><\/li>\n<li>PCHC lignes directrices pour le rapport de projet <a href=\"https:\/\/dev.acls-aatc.ca\/fr\/membres-acceuil-2\/pchc-rapport-de-projet-lignes-directrices-2\/\" rel=\"attachment wp-att-682\">PDF<\/a><\/li>\n<li>PCHC journal de l&#8217;exp\u00e9rience pour renouvellement <a href=\"https:\/\/dev.acls-aatc.ca\/fr\/membres-acceuil-2\/formulaires-2\/pchc-journal-experience-pour_renouvellement_19-10-02\/\" rel=\"attachment wp-att-6367\">PDF<\/a><\/li>\n<\/ul>\n<p>Formulaires d\u2019adh\u00e9sion de membre, permis et\u00a0 licence<\/p>\n<ul>\n<li>Adh\u00e9sion de membre <a href=\"https:\/\/dev.acls-aatc.ca\/fr\/membres-acceuil-2\/formulaires-2\/mem12182019fpdf\/\" rel=\"attachment wp-att-7103\">PDF<\/a><\/li>\n<li>Demande de permis pour les candidats qui ne d\u00e9tiennent pas un brevet provincial, <a href=\"https:\/\/dev.acls-aatc.ca\/fr\/membres-acceuil-2\/formulaires-2\/lic12182019fword\/\" rel=\"attachment wp-att-7105\">WORD<\/a> (<a href=\"https:\/\/dev.acls-aatc.ca\/fr\/produit\/paiement-de-facture-ou-de-cotisation\/\">EFFECTUER LE PAIEMENT<\/a>)<\/li>\n<li>Demande de permis pour les candidats qui d\u00e9tiennent un brevet provincial <a href=\"https:\/\/dev.acls-aatc.ca\/fr\/membres-acceuil-2\/formulaires-2\/licprov12182019fword\/\" rel=\"attachment wp-att-7107\">WORD<\/a><\/li>\n<li>Inscription pour stage de formation <a href=\"https:\/\/dev.acls-aatc.ca\/fr\/membres-acceuil-2\/formulaires-2\/training07312014pdf-2\/\" rel=\"attachment wp-att-620\">PDF<\/a><\/li>\n<li>Fiche d&#8217;evaluation de stage <a href=\"https:\/\/dev.acls-aatc.ca\/fr\/membres-acceuil-2\/assesment07312014pdff-2\/\" rel=\"attachment wp-att-687\">PDF<\/a><\/li>\n<li>Certification d&#8217;experience <a href=\"https:\/\/dev.acls-aatc.ca\/fr\/membres-acceuil-2\/experience07312014pdff-2\/\" rel=\"attachment wp-att-688\">PDF<\/a><\/li>\n<li>Affidavit (exp\u00e9rience et formation) <a href=\"https:\/\/dev.acls-aatc.ca\/fr\/membres-acceuil-2\/formulaires-2\/aff100922pdf-2\/\" rel=\"attachment wp-att-624\">PDF<\/a><\/li>\n<li>D\u00e9claration statutaire (exp\u00e9rience et formation) <a href=\"https:\/\/dev.acls-aatc.ca\/fr\/membres-acceuil-2\/stat100922pdff-2\/\" rel=\"attachment wp-att-689\">PDF<\/a><\/li>\n<li>Affidavit pour les membre d\u00e9tenant un brevet provincial <a href=\"https:\/\/dev.acls-aatc.ca\/fr\/membres-acceuil-2\/affprov110301pdff-2\/\" rel=\"attachment wp-att-690\">PDF<\/a><\/li>\n<li>D\u00e9claration statutaire pour les membre d\u00e9tenant un brevet provincial <a href=\"https:\/\/dev.acls-aatc.ca\/fr\/membres-acceuil-2\/statprov110301pdff-2\/\" rel=\"attachment wp-att-691\">PDF<\/a><\/li>\n<li>Demande de licence <a href=\"https:\/\/dev.acls-aatc.ca\/fr\/membres-acceuil-2\/formulaires-2\/permit12182019fpdf\/\" rel=\"attachment wp-att-7109\">PDF<\/a>\u00a0 <a href=\"https:\/\/dev.acls-aatc.ca\/fr\/membres-acceuil-2\/formulaires-2\/permit12182019fword\/\" rel=\"attachment wp-att-7111\">WORD<\/a>\u00a0(<a href=\"https:\/\/dev.acls-aatc.ca\/fr\/produit\/paiement-de-facture-ou-de-cotisation\/\">EFFECTUER LE PAIEMENT<\/a>)<\/li>\n<\/ul>\n<p>Formulaire reli\u00e9s \u00e0 la pratique<\/p>\n<ul>\n<li>Sceau num\u00e9rique<\/li>\n<li>Sceau physique <a href=\"https:\/\/dev.acls-aatc.ca\/fr\/membres-acceuil-2\/cri100901frpdf-2\/\" rel=\"attachment wp-att-694\">PDF<\/a>, <a href=\"https:\/\/dev.acls-aatc.ca\/fr\/membres-acceuil-2\/cri100901fword-2\/\" rel=\"attachment wp-att-695\">WORD<\/a><\/li>\n<li>Rapport sur les droits pour les rep\u00e8res et les plans\u00a0 <a href=\"https:\/\/www.acls-aatc.ca\/wp-content\/uploads\/2018\/05\/MON010518WFR.docx\" rel=\"attachment wp-att-697\">WORD<\/a><\/li>\n<\/ul>\n<p>Formulaires divers<\/p>\n<ul>\n<li>Mise en candidature pour les bourses <a href=\"https:\/\/dev.acls-aatc.ca\/fr\/membres-acceuil-2\/found110328pdff-2\/\" rel=\"attachment wp-att-698\">PDF<\/a>, <a href=\"https:\/\/dev.acls-aatc.ca\/fr\/membres-acceuil-2\/found110328f-2\/\" rel=\"attachment wp-att-699\">WORD<\/a><\/li>\n<li>Mise en candidature pour les Prix David Thompson <a href=\"https:\/\/dev.acls-aatc.ca\/fr\/membres-acceuil-2\/geo100113fpdf-2\/\" rel=\"attachment wp-att-700\">PDF<\/a>, <a href=\"https:\/\/dev.acls-aatc.ca\/fr\/membres-acceuil-2\/geo100113f-2\/\" rel=\"attachment wp-att-701\">WORD<\/a><\/li>\n<li>RICS \u2013 Request for Membership Form \u2013 ACLS Direct Entry 2016 <a href=\"https:\/\/dev.acls-aatc.ca\/fr\/membres-acceuil-2\/rics-request-for-membership-form-acls-direct-entry-20161-2\/\" rel=\"attachment wp-att-704\">WORD<\/a><\/li>\n<li>Demande de bourse de voyage <a href=\"https:\/\/dev.acls-aatc.ca\/fr\/membres-acceuil-2\/cpdtravel100922pdff-2-2\/\" rel=\"attachment wp-att-703\">PDF<\/a>, <a href=\"https:\/\/dev.acls-aatc.ca\/fr\/membres-acceuil-2\/cpdtravel100922wf-2\/\" rel=\"attachment wp-att-705\">WORD<\/a><\/li>\n<li>Bon de commande de brochure <a href=\"https:\/\/dev.acls-aatc.ca\/fr\/membres-acceuil-2\/broc100923pdff-2\/\" rel=\"attachment wp-att-706\">PDF<\/a><\/li>\n<li>Compte de d\u00e9penses <a href=\"https:\/\/dev.acls-aatc.ca\/fr\/membres-acceuil-2\/expense_claim100923f-2\/\" rel=\"attachment wp-att-707\">EXCEL<\/a><\/li>\n<\/ul>\n<\/li>\n<\/ul>\n<\/div>\n","protected":false},"excerpt":{"rendered":"<p>Formulaires La plupart des formulaires sont disponibles en deux versions\u00a0: une version en format Word qui peut \u00eatre compl\u00e9t\u00e9e \u00e0 l\u2019aide d\u2019une souris d\u2019ordinateur et en saisissant l\u2019information pour chacune des questions, et une version en format PDF qui peut \u00eatre imprim\u00e9e et compl\u00e9t\u00e9e \u00e0 la main. Les formulaires ne n\u00e9cessitant pas de signature peuvent [&hellip;]<\/p>\n","protected":false},"author":1,"featured_media":0,"parent":0,"menu_order":0,"comment_status":"closed","ping_status":"closed","template":"","meta":[],"yoast_head":"<!-- This site is optimized with the Yoast SEO plugin v17.8 - https:\/\/yoast.com\/wordpress\/plugins\/seo\/ -->\n<meta name=\"robots\" content=\"index, follow, max-snippet:-1, max-image-preview:large, max-video-preview:-1\" \/>\n<link rel=\"canonical\" href=\"https:\/\/dev.acls-aatc.ca\/fr\/formulaires-non-membres\/\" \/>\n<meta property=\"og:locale\" content=\"fr_FR\" \/>\n<meta property=\"og:type\" content=\"article\" \/>\n<meta property=\"og:title\" content=\"Formulaires (non membres) - ACLS AATC\" \/>\n<meta property=\"og:description\" content=\"Formulaires La plupart des formulaires sont disponibles en deux versions\u00a0: une version en format Word qui peut \u00eatre compl\u00e9t\u00e9e \u00e0 l\u2019aide d\u2019une souris d\u2019ordinateur et en saisissant l\u2019information pour chacune des questions, et une version en format PDF qui peut \u00eatre imprim\u00e9e et compl\u00e9t\u00e9e \u00e0 la main. Les formulaires ne n\u00e9cessitant pas de signature peuvent [&hellip;]\" \/>\n<meta property=\"og:url\" content=\"https:\/\/dev.acls-aatc.ca\/fr\/formulaires-non-membres\/\" \/>\n<meta property=\"og:site_name\" content=\"ACLS AATC\" \/>\n<meta property=\"article:modified_time\" content=\"2021-07-29T18:24:14+00:00\" \/>\n<meta name=\"twitter:card\" content=\"summary\" \/>\n<meta name=\"twitter:label1\" content=\"Dur\u00e9e de lecture estim\u00e9e\" \/>\n\t<meta name=\"twitter:data1\" content=\"2 minutes\" \/>\n<script type=\"application\/ld+json\" class=\"yoast-schema-graph\">{\"@context\":\"https:\/\/schema.org\",\"@graph\":[{\"@type\":\"WebSite\",\"@id\":\"https:\/\/dev.acls-aatc.ca\/#website\",\"url\":\"https:\/\/dev.acls-aatc.ca\/\",\"name\":\"ACLS AATC\",\"description\":\"\",\"potentialAction\":[{\"@type\":\"SearchAction\",\"target\":{\"@type\":\"EntryPoint\",\"urlTemplate\":\"https:\/\/dev.acls-aatc.ca\/?s={search_term_string}\"},\"query-input\":\"required name=search_term_string\"}],\"inLanguage\":\"fr-FR\"},{\"@type\":\"WebPage\",\"@id\":\"https:\/\/dev.acls-aatc.ca\/fr\/formulaires-non-membres\/#webpage\",\"url\":\"https:\/\/dev.acls-aatc.ca\/fr\/formulaires-non-membres\/\",\"name\":\"Formulaires (non membres) - ACLS AATC\",\"isPartOf\":{\"@id\":\"https:\/\/dev.acls-aatc.ca\/#website\"},\"datePublished\":\"2020-10-08T16:01:29+00:00\",\"dateModified\":\"2021-07-29T18:24:14+00:00\",\"breadcrumb\":{\"@id\":\"https:\/\/dev.acls-aatc.ca\/fr\/formulaires-non-membres\/#breadcrumb\"},\"inLanguage\":\"fr-FR\",\"potentialAction\":[{\"@type\":\"ReadAction\",\"target\":[\"https:\/\/dev.acls-aatc.ca\/fr\/formulaires-non-membres\/\"]}]},{\"@type\":\"BreadcrumbList\",\"@id\":\"https:\/\/dev.acls-aatc.ca\/fr\/formulaires-non-membres\/#breadcrumb\",\"itemListElement\":[{\"@type\":\"ListItem\",\"position\":1,\"name\":\"Home\",\"item\":\"https:\/\/dev.acls-aatc.ca\/fr\/\"},{\"@type\":\"ListItem\",\"position\":2,\"name\":\"Formulaires (non membres)\"}]}]}<\/script>\n<!-- \/ Yoast SEO plugin. -->","yoast_head_json":{"robots":{"index":"index","follow":"follow","max-snippet":"max-snippet:-1","max-image-preview":"max-image-preview:large","max-video-preview":"max-video-preview:-1"},"canonical":"https:\/\/dev.acls-aatc.ca\/fr\/formulaires-non-membres\/","og_locale":"fr_FR","og_type":"article","og_title":"Formulaires (non membres) - ACLS AATC","og_description":"Formulaires La plupart des formulaires sont disponibles en deux versions\u00a0: une version en format Word qui peut \u00eatre compl\u00e9t\u00e9e \u00e0 l\u2019aide d\u2019une souris d\u2019ordinateur et en saisissant l\u2019information pour chacune des questions, et une version en format PDF qui peut \u00eatre imprim\u00e9e et compl\u00e9t\u00e9e \u00e0 la main. Les formulaires ne n\u00e9cessitant pas de signature peuvent [&hellip;]","og_url":"https:\/\/dev.acls-aatc.ca\/fr\/formulaires-non-membres\/","og_site_name":"ACLS AATC","article_modified_time":"2021-07-29T18:24:14+00:00","twitter_card":"summary","twitter_misc":{"Dur\u00e9e de lecture estim\u00e9e":"2 minutes"},"schema":{"@context":"https:\/\/schema.org","@graph":[{"@type":"WebSite","@id":"https:\/\/dev.acls-aatc.ca\/#website","url":"https:\/\/dev.acls-aatc.ca\/","name":"ACLS AATC","description":"","potentialAction":[{"@type":"SearchAction","target":{"@type":"EntryPoint","urlTemplate":"https:\/\/dev.acls-aatc.ca\/?s={search_term_string}"},"query-input":"required name=search_term_string"}],"inLanguage":"fr-FR"},{"@type":"WebPage","@id":"https:\/\/dev.acls-aatc.ca\/fr\/formulaires-non-membres\/#webpage","url":"https:\/\/dev.acls-aatc.ca\/fr\/formulaires-non-membres\/","name":"Formulaires (non membres) - ACLS AATC","isPartOf":{"@id":"https:\/\/dev.acls-aatc.ca\/#website"},"datePublished":"2020-10-08T16:01:29+00:00","dateModified":"2021-07-29T18:24:14+00:00","breadcrumb":{"@id":"https:\/\/dev.acls-aatc.ca\/fr\/formulaires-non-membres\/#breadcrumb"},"inLanguage":"fr-FR","potentialAction":[{"@type":"ReadAction","target":["https:\/\/dev.acls-aatc.ca\/fr\/formulaires-non-membres\/"]}]},{"@type":"BreadcrumbList","@id":"https:\/\/dev.acls-aatc.ca\/fr\/formulaires-non-membres\/#breadcrumb","itemListElement":[{"@type":"ListItem","position":1,"name":"Home","item":"https:\/\/dev.acls-aatc.ca\/fr\/"},{"@type":"ListItem","position":2,"name":"Formulaires (non membres)"}]}]}},"_links":{"self":[{"href":"https:\/\/dev.acls-aatc.ca\/fr\/wp-json\/wp\/v2\/pages\/8675"}],"collection":[{"href":"https:\/\/dev.acls-aatc.ca\/fr\/wp-json\/wp\/v2\/pages"}],"about":[{"href":"https:\/\/dev.acls-aatc.ca\/fr\/wp-json\/wp\/v2\/types\/page"}],"author":[{"embeddable":true,"href":"https:\/\/dev.acls-aatc.ca\/fr\/wp-json\/wp\/v2\/users\/1"}],"replies":[{"embeddable":true,"href":"https:\/\/dev.acls-aatc.ca\/fr\/wp-json\/wp\/v2\/comments?post=8675"}],"version-history":[{"count":9,"href":"https:\/\/dev.acls-aatc.ca\/fr\/wp-json\/wp\/v2\/pages\/8675\/revisions"}],"predecessor-version":[{"id":10332,"href":"https:\/\/dev.acls-aatc.ca\/fr\/wp-json\/wp\/v2\/pages\/8675\/revisions\/10332"}],"wp:attachment":[{"href":"https:\/\/dev.acls-aatc.ca\/fr\/wp-json\/wp\/v2\/media?parent=8675"}],"curies":[{"name":"wp","href":"https:\/\/api.w.org\/{rel}","templated":true}]}}