{"id":8604,"date":"2020-08-26T08:54:01","date_gmt":"2020-08-26T12:54:01","guid":{"rendered":"https:\/\/www.acls-aatc.ca\/?page_id=8604"},"modified":"2020-08-27T13:50:11","modified_gmt":"2020-08-27T17:50:11","slug":"vous-souhaitez-devenir-arpenteur-des-terres-du-canada","status":"publish","type":"page","link":"https:\/\/dev.acls-aatc.ca\/fr\/quest-ce-quun-arpenteurs-des-terres-du-canada\/vous-souhaitez-devenir-arpenteur-des-terres-du-canada\/","title":{"rendered":"Vous souhaitez devenir arpenteur des terres du Canada?"},"content":{"rendered":"<p>Les candidats doivent satisfaire \u00e0 l&#8217;une des exigences suivantes:<\/p>\n<ul>\n<li>Vous \u00eates titulaire d&#8217;un brevet ou d&#8217;un permis d&#8217;arpenteur-g\u00e9om\u00e8tre dans une province canadienne ou \u00eates en train d&#8217;en obtenir un; ou,<\/li>\n<li>Vous \u00eates titulaire d&#8217;un certificat d&#8217;ach\u00e8vement du Conseil canadien des examinateurs pour les arpenteurs-g\u00e9om\u00e8tres (CCEAG).<\/li>\n<\/ul>\n<p>Si vous ne r\u00e9pondez pas aux exigences ci-dessus, vous pouvez postuler pour devenir un candidat CCEAG \u00e0: <a href=\"http:\/\/www.cebeps-cceag.ca\">www.cebeps-cceag.ca<\/a><\/p>\n<h3><span style=\"text-decoration: underline;\">Processus<\/span><\/h3>\n<p>Si vous \u00eates titulaire d&#8217;un brevet ou d&#8217;un permis d&#8217;arpenteur-g\u00e9om\u00e8tre dans une province canadienne, vous devez passer un examen en ligne de 4 heures \u00e0 livre ouvert compos\u00e9 de 4 modules (\u00e0 votre guise).<\/p>\n<p>Si vous n&#8217;\u00eates pas titulaire d&#8217;un brevet d\u2019arpenteur-g\u00e9om\u00e8tre provincial, vous devez passer 3 examens en ligne \u00e0 livre ouvert de trois heures (cela se fait \u00e9galement \u00e0 votre rythme).<\/p>\n<p>Une fois les examens termin\u00e9s et r\u00e9ussis, vous recevrez un brevet d&#8217;arpenteur des terres du Canada (ATC). (Vous aurez besoin d&#8217;un permis de pratique de l\u2019AATC pour pratiquer en tant qu\u2019ATC).<\/p>\n<p>Si vous \u00eates titulaire d&#8217;un brevet ou d&#8217;un permis d&#8217;arpenteur-g\u00e9om\u00e8tre dans une province canadienne, vous devez fournir un formulaire d&#8217;affidavit et une preuve d&#8217;assurance responsabilit\u00e9 professionnelle.<\/p>\n<p>Si vous ne d\u00e9tenez pas de droit provincial d&#8217;exercer, vous devez d\u00e9montrer que vous avez au moins 2 ann\u00e9es d&#8217;exp\u00e9rience en arpentage au cours des 5 derni\u00e8res ann\u00e9es, fournir un rapport de projet en plus d&#8217;un formulaire d&#8217;affidavit et une preuve d&#8217;assurance responsabilit\u00e9 professionnelle.<\/p>\n<p>Pour des informations compl\u00e8tes sur les exigences de l&#8217;AATC, t\u00e9l\u00e9chargez le <a href=\"https:\/\/www.acls-aatc.ca\/wp-content\/uploads\/2020\/08\/Manuel-Candidat-20-04-29.pdf\">Manuel Candidat<\/a>\u00a0de l&#8217;AATC.<\/p>\n<p><img loading=\"lazy\" class=\"alignnone size-full wp-image-8612\" src=\"https:\/\/www.acls-aatc.ca\/wp-content\/uploads\/2020\/08\/Processus-de-Permis.png\" alt=\"\" width=\"777\" height=\"436\" srcset=\"https:\/\/dev.acls-aatc.ca\/wp-content\/uploads\/2020\/08\/Processus-de-Permis.png 777w, https:\/\/dev.acls-aatc.ca\/wp-content\/uploads\/2020\/08\/Processus-de-Permis-300x168.png 300w, https:\/\/dev.acls-aatc.ca\/wp-content\/uploads\/2020\/08\/Processus-de-Permis-768x431.png 768w, https:\/\/dev.acls-aatc.ca\/wp-content\/uploads\/2020\/08\/Processus-de-Permis-600x337.png 600w\" sizes=\"(max-width: 777px) 100vw, 777px\" \/><\/p>\n<p><img loading=\"lazy\" class=\"alignnone size-full wp-image-8614\" src=\"https:\/\/www.acls-aatc.ca\/wp-content\/uploads\/2020\/08\/Processus-de-Licence.png\" alt=\"\" width=\"776\" height=\"427\" srcset=\"https:\/\/dev.acls-aatc.ca\/wp-content\/uploads\/2020\/08\/Processus-de-Licence.png 776w, https:\/\/dev.acls-aatc.ca\/wp-content\/uploads\/2020\/08\/Processus-de-Licence-300x165.png 300w, https:\/\/dev.acls-aatc.ca\/wp-content\/uploads\/2020\/08\/Processus-de-Licence-768x423.png 768w, https:\/\/dev.acls-aatc.ca\/wp-content\/uploads\/2020\/08\/Processus-de-Licence-600x330.png 600w\" sizes=\"(max-width: 776px) 100vw, 776px\" \/><\/p>\n","protected":false},"excerpt":{"rendered":"<p>Les candidats doivent satisfaire \u00e0 l&#8217;une des exigences suivantes: Vous \u00eates titulaire d&#8217;un brevet ou d&#8217;un permis d&#8217;arpenteur-g\u00e9om\u00e8tre dans une province canadienne ou \u00eates en train d&#8217;en obtenir un; ou, Vous \u00eates titulaire d&#8217;un certificat d&#8217;ach\u00e8vement du Conseil canadien des examinateurs pour les arpenteurs-g\u00e9om\u00e8tres (CCEAG). Si vous ne r\u00e9pondez pas aux exigences ci-dessus, vous pouvez [&hellip;]<\/p>\n","protected":false},"author":1,"featured_media":0,"parent":516,"menu_order":2,"comment_status":"closed","ping_status":"closed","template":"","meta":[],"yoast_head":"<!-- This site is optimized with the Yoast SEO plugin v17.8 - https:\/\/yoast.com\/wordpress\/plugins\/seo\/ -->\n<meta name=\"robots\" content=\"index, follow, max-snippet:-1, max-image-preview:large, max-video-preview:-1\" \/>\n<link rel=\"canonical\" href=\"https:\/\/dev.acls-aatc.ca\/fr\/quest-ce-quun-arpenteurs-des-terres-du-canada\/vous-souhaitez-devenir-arpenteur-des-terres-du-canada\/\" \/>\n<meta property=\"og:locale\" content=\"fr_FR\" \/>\n<meta property=\"og:type\" content=\"article\" \/>\n<meta property=\"og:title\" content=\"Vous souhaitez devenir arpenteur des terres du Canada? - ACLS AATC\" \/>\n<meta property=\"og:description\" content=\"Les candidats doivent satisfaire \u00e0 l&#8217;une des exigences suivantes: Vous \u00eates titulaire d&#8217;un brevet ou d&#8217;un permis d&#8217;arpenteur-g\u00e9om\u00e8tre dans une province canadienne ou \u00eates en train d&#8217;en obtenir un; ou, Vous \u00eates titulaire d&#8217;un certificat d&#8217;ach\u00e8vement du Conseil canadien des examinateurs pour les arpenteurs-g\u00e9om\u00e8tres (CCEAG). Si vous ne r\u00e9pondez pas aux exigences ci-dessus, vous pouvez [&hellip;]\" \/>\n<meta property=\"og:url\" content=\"https:\/\/dev.acls-aatc.ca\/fr\/quest-ce-quun-arpenteurs-des-terres-du-canada\/vous-souhaitez-devenir-arpenteur-des-terres-du-canada\/\" \/>\n<meta property=\"og:site_name\" content=\"ACLS AATC\" \/>\n<meta property=\"article:modified_time\" content=\"2020-08-27T17:50:11+00:00\" \/>\n<meta property=\"og:image\" content=\"https:\/\/www.acls-aatc.ca\/wp-content\/uploads\/2020\/08\/Processus-de-Permis.png\" \/>\n<meta name=\"twitter:card\" content=\"summary\" \/>\n<meta name=\"twitter:label1\" content=\"Dur\u00e9e de lecture estim\u00e9e\" \/>\n\t<meta name=\"twitter:data1\" content=\"1 minute\" \/>\n<script type=\"application\/ld+json\" class=\"yoast-schema-graph\">{\"@context\":\"https:\/\/schema.org\",\"@graph\":[{\"@type\":\"WebSite\",\"@id\":\"https:\/\/dev.acls-aatc.ca\/#website\",\"url\":\"https:\/\/dev.acls-aatc.ca\/\",\"name\":\"ACLS AATC\",\"description\":\"\",\"potentialAction\":[{\"@type\":\"SearchAction\",\"target\":{\"@type\":\"EntryPoint\",\"urlTemplate\":\"https:\/\/dev.acls-aatc.ca\/?s={search_term_string}\"},\"query-input\":\"required name=search_term_string\"}],\"inLanguage\":\"fr-FR\"},{\"@type\":\"ImageObject\",\"@id\":\"https:\/\/dev.acls-aatc.ca\/fr\/quest-ce-quun-arpenteurs-des-terres-du-canada\/vous-souhaitez-devenir-arpenteur-des-terres-du-canada\/#primaryimage\",\"inLanguage\":\"fr-FR\",\"url\":\"https:\/\/www.acls-aatc.ca\/wp-content\/uploads\/2020\/08\/Processus-de-Permis.png\",\"contentUrl\":\"https:\/\/www.acls-aatc.ca\/wp-content\/uploads\/2020\/08\/Processus-de-Permis.png\"},{\"@type\":\"WebPage\",\"@id\":\"https:\/\/dev.acls-aatc.ca\/fr\/quest-ce-quun-arpenteurs-des-terres-du-canada\/vous-souhaitez-devenir-arpenteur-des-terres-du-canada\/#webpage\",\"url\":\"https:\/\/dev.acls-aatc.ca\/fr\/quest-ce-quun-arpenteurs-des-terres-du-canada\/vous-souhaitez-devenir-arpenteur-des-terres-du-canada\/\",\"name\":\"Vous souhaitez devenir arpenteur des terres du Canada? - ACLS AATC\",\"isPartOf\":{\"@id\":\"https:\/\/dev.acls-aatc.ca\/#website\"},\"primaryImageOfPage\":{\"@id\":\"https:\/\/dev.acls-aatc.ca\/fr\/quest-ce-quun-arpenteurs-des-terres-du-canada\/vous-souhaitez-devenir-arpenteur-des-terres-du-canada\/#primaryimage\"},\"datePublished\":\"2020-08-26T12:54:01+00:00\",\"dateModified\":\"2020-08-27T17:50:11+00:00\",\"breadcrumb\":{\"@id\":\"https:\/\/dev.acls-aatc.ca\/fr\/quest-ce-quun-arpenteurs-des-terres-du-canada\/vous-souhaitez-devenir-arpenteur-des-terres-du-canada\/#breadcrumb\"},\"inLanguage\":\"fr-FR\",\"potentialAction\":[{\"@type\":\"ReadAction\",\"target\":[\"https:\/\/dev.acls-aatc.ca\/fr\/quest-ce-quun-arpenteurs-des-terres-du-canada\/vous-souhaitez-devenir-arpenteur-des-terres-du-canada\/\"]}]},{\"@type\":\"BreadcrumbList\",\"@id\":\"https:\/\/dev.acls-aatc.ca\/fr\/quest-ce-quun-arpenteurs-des-terres-du-canada\/vous-souhaitez-devenir-arpenteur-des-terres-du-canada\/#breadcrumb\",\"itemListElement\":[{\"@type\":\"ListItem\",\"position\":1,\"name\":\"Home\",\"item\":\"https:\/\/dev.acls-aatc.ca\/fr\/\"},{\"@type\":\"ListItem\",\"position\":2,\"name\":\"Qu&#8217;est-ce qu&#8217;un ATC\",\"item\":\"https:\/\/dev.acls-aatc.ca\/fr\/quest-ce-quun-arpenteurs-des-terres-du-canada\/\"},{\"@type\":\"ListItem\",\"position\":3,\"name\":\"Vous souhaitez devenir arpenteur des terres du Canada?\"}]}]}<\/script>\n<!-- \/ Yoast SEO plugin. -->","yoast_head_json":{"robots":{"index":"index","follow":"follow","max-snippet":"max-snippet:-1","max-image-preview":"max-image-preview:large","max-video-preview":"max-video-preview:-1"},"canonical":"https:\/\/dev.acls-aatc.ca\/fr\/quest-ce-quun-arpenteurs-des-terres-du-canada\/vous-souhaitez-devenir-arpenteur-des-terres-du-canada\/","og_locale":"fr_FR","og_type":"article","og_title":"Vous souhaitez devenir arpenteur des terres du Canada? - ACLS AATC","og_description":"Les candidats doivent satisfaire \u00e0 l&#8217;une des exigences suivantes: Vous \u00eates titulaire d&#8217;un brevet ou d&#8217;un permis d&#8217;arpenteur-g\u00e9om\u00e8tre dans une province canadienne ou \u00eates en train d&#8217;en obtenir un; ou, Vous \u00eates titulaire d&#8217;un certificat d&#8217;ach\u00e8vement du Conseil canadien des examinateurs pour les arpenteurs-g\u00e9om\u00e8tres (CCEAG). Si vous ne r\u00e9pondez pas aux exigences ci-dessus, vous pouvez [&hellip;]","og_url":"https:\/\/dev.acls-aatc.ca\/fr\/quest-ce-quun-arpenteurs-des-terres-du-canada\/vous-souhaitez-devenir-arpenteur-des-terres-du-canada\/","og_site_name":"ACLS AATC","article_modified_time":"2020-08-27T17:50:11+00:00","og_image":[{"url":"https:\/\/www.acls-aatc.ca\/wp-content\/uploads\/2020\/08\/Processus-de-Permis.png"}],"twitter_card":"summary","twitter_misc":{"Dur\u00e9e de lecture estim\u00e9e":"1 minute"},"schema":{"@context":"https:\/\/schema.org","@graph":[{"@type":"WebSite","@id":"https:\/\/dev.acls-aatc.ca\/#website","url":"https:\/\/dev.acls-aatc.ca\/","name":"ACLS AATC","description":"","potentialAction":[{"@type":"SearchAction","target":{"@type":"EntryPoint","urlTemplate":"https:\/\/dev.acls-aatc.ca\/?s={search_term_string}"},"query-input":"required name=search_term_string"}],"inLanguage":"fr-FR"},{"@type":"ImageObject","@id":"https:\/\/dev.acls-aatc.ca\/fr\/quest-ce-quun-arpenteurs-des-terres-du-canada\/vous-souhaitez-devenir-arpenteur-des-terres-du-canada\/#primaryimage","inLanguage":"fr-FR","url":"https:\/\/www.acls-aatc.ca\/wp-content\/uploads\/2020\/08\/Processus-de-Permis.png","contentUrl":"https:\/\/www.acls-aatc.ca\/wp-content\/uploads\/2020\/08\/Processus-de-Permis.png"},{"@type":"WebPage","@id":"https:\/\/dev.acls-aatc.ca\/fr\/quest-ce-quun-arpenteurs-des-terres-du-canada\/vous-souhaitez-devenir-arpenteur-des-terres-du-canada\/#webpage","url":"https:\/\/dev.acls-aatc.ca\/fr\/quest-ce-quun-arpenteurs-des-terres-du-canada\/vous-souhaitez-devenir-arpenteur-des-terres-du-canada\/","name":"Vous souhaitez devenir arpenteur des terres du Canada? - ACLS AATC","isPartOf":{"@id":"https:\/\/dev.acls-aatc.ca\/#website"},"primaryImageOfPage":{"@id":"https:\/\/dev.acls-aatc.ca\/fr\/quest-ce-quun-arpenteurs-des-terres-du-canada\/vous-souhaitez-devenir-arpenteur-des-terres-du-canada\/#primaryimage"},"datePublished":"2020-08-26T12:54:01+00:00","dateModified":"2020-08-27T17:50:11+00:00","breadcrumb":{"@id":"https:\/\/dev.acls-aatc.ca\/fr\/quest-ce-quun-arpenteurs-des-terres-du-canada\/vous-souhaitez-devenir-arpenteur-des-terres-du-canada\/#breadcrumb"},"inLanguage":"fr-FR","potentialAction":[{"@type":"ReadAction","target":["https:\/\/dev.acls-aatc.ca\/fr\/quest-ce-quun-arpenteurs-des-terres-du-canada\/vous-souhaitez-devenir-arpenteur-des-terres-du-canada\/"]}]},{"@type":"BreadcrumbList","@id":"https:\/\/dev.acls-aatc.ca\/fr\/quest-ce-quun-arpenteurs-des-terres-du-canada\/vous-souhaitez-devenir-arpenteur-des-terres-du-canada\/#breadcrumb","itemListElement":[{"@type":"ListItem","position":1,"name":"Home","item":"https:\/\/dev.acls-aatc.ca\/fr\/"},{"@type":"ListItem","position":2,"name":"Qu&#8217;est-ce qu&#8217;un ATC","item":"https:\/\/dev.acls-aatc.ca\/fr\/quest-ce-quun-arpenteurs-des-terres-du-canada\/"},{"@type":"ListItem","position":3,"name":"Vous souhaitez devenir arpenteur des terres du Canada?"}]}]}},"_links":{"self":[{"href":"https:\/\/dev.acls-aatc.ca\/fr\/wp-json\/wp\/v2\/pages\/8604"}],"collection":[{"href":"https:\/\/dev.acls-aatc.ca\/fr\/wp-json\/wp\/v2\/pages"}],"about":[{"href":"https:\/\/dev.acls-aatc.ca\/fr\/wp-json\/wp\/v2\/types\/page"}],"author":[{"embeddable":true,"href":"https:\/\/dev.acls-aatc.ca\/fr\/wp-json\/wp\/v2\/users\/1"}],"replies":[{"embeddable":true,"href":"https:\/\/dev.acls-aatc.ca\/fr\/wp-json\/wp\/v2\/comments?post=8604"}],"version-history":[{"count":4,"href":"https:\/\/dev.acls-aatc.ca\/fr\/wp-json\/wp\/v2\/pages\/8604\/revisions"}],"predecessor-version":[{"id":8622,"href":"https:\/\/dev.acls-aatc.ca\/fr\/wp-json\/wp\/v2\/pages\/8604\/revisions\/8622"}],"up":[{"embeddable":true,"href":"https:\/\/dev.acls-aatc.ca\/fr\/wp-json\/wp\/v2\/pages\/516"}],"wp:attachment":[{"href":"https:\/\/dev.acls-aatc.ca\/fr\/wp-json\/wp\/v2\/media?parent=8604"}],"curies":[{"name":"wp","href":"https:\/\/api.w.org\/{rel}","templated":true}]}}