{"id":835,"date":"2017-06-05T13:27:04","date_gmt":"2017-06-05T13:27:04","guid":{"rendered":"http:\/\/acls-aatc.tui.ninja\/?page_id=835\/"},"modified":"2017-06-07T13:45:37","modified_gmt":"2017-06-07T13:45:37","slug":"etudiants","status":"publish","type":"page","link":"https:\/\/dev.acls-aatc.ca\/fr\/etudiants\/","title":{"rendered":"\u00c9tudiants acceuil"},"content":{"rendered":"<p id=\"tw-target-text\" class=\"tw-data-text tw-ta tw-text-small\" dir=\"ltr\" data-placeholder=\"Translation\"><span lang=\"fr\">La g\u00e9omatique est la science et la technologie de la collecte, de l&#8217;analyse, de l&#8217;organisation et de la distribution de donn\u00e9es relatives \u00e0 la surface terrestre, \u00e0 l&#8217;information spatiale, aux produits et aux services. Les carri\u00e8res en g\u00e9omatique sont difficiles, diverses, int\u00e9ressantes, et il existe de nombreux domaines de sp\u00e9cialisation. Pour n&#8217;en nommer que quelques-uns, ces carri\u00e8res peuvent inclure diverses opportunit\u00e9s au sein de l&#8217;arpentage des terres cadastre, de la cartographie hydrographique, du Syst\u00e8me mondial de navigation par satellite (GNSS) et de la conception et de l&#8217;application, de la cartographie et de la navigation de l&#8217;instrumentation terrestre. Pour de nombreux g\u00e9om\u00e8tres, l&#8217;un des aspects fascinants de la g\u00e9omatique est l&#8217;option de travailler \u00e0 l&#8217;int\u00e9rieur ou \u00e0 l&#8217;ext\u00e9rieur, en milieu urbain ou rural, terrestre, maritime et a\u00e9rienne, \u00e0 l&#8217;\u00e9chelle nationale ou internationale, ou des combinaisons de toutes ces options. L&#8217;arpentage terrestre, par exemple, d\u00e9pend largement des donn\u00e9es collect\u00e9es sur le terrain, utilisant des r\u00e9cepteurs GNSS (r\u00e9cepteurs GPS), des stations totales et des \u00e9quipements de nivellement pour les mesures sur le terrain. Dans l&#8217;air et l&#8217;eau, des cam\u00e9ras avanc\u00e9es, des capteurs d&#8217;imagerie et des scanners li\u00e9s aux r\u00e9cepteurs GNSS, certains avec des syst\u00e8mes de guidage inertiel sont des outils communs sur le lieu de travail. Dans le bureau, des ordinateurs puissants dot\u00e9s d&#8217;un logiciel de calcul, de r\u00e9daction et de syst\u00e8me d&#8217;information g\u00e9ographique (SIG), connect\u00e9s \u00e0 des scanners et traceurs, sont g\u00e9n\u00e9ralement utilis\u00e9s.<\/span><\/p>\n","protected":false},"excerpt":{"rendered":"<p>La g\u00e9omatique est la science et la technologie de la collecte, de l&#8217;analyse, de l&#8217;organisation et de la distribution de donn\u00e9es relatives \u00e0 la surface terrestre, \u00e0 l&#8217;information spatiale, aux produits et aux services. Les carri\u00e8res en g\u00e9omatique sont difficiles, diverses, int\u00e9ressantes, et il existe de nombreux domaines de sp\u00e9cialisation. Pour n&#8217;en nommer que quelques-uns, [&hellip;]<\/p>\n","protected":false},"author":3,"featured_media":0,"parent":0,"menu_order":0,"comment_status":"closed","ping_status":"closed","template":"","meta":[],"yoast_head":"<!-- This site is optimized with the Yoast SEO plugin v17.8 - https:\/\/yoast.com\/wordpress\/plugins\/seo\/ -->\n<meta name=\"robots\" content=\"index, follow, max-snippet:-1, max-image-preview:large, max-video-preview:-1\" \/>\n<link rel=\"canonical\" href=\"https:\/\/dev.acls-aatc.ca\/fr\/etudiants\/\" \/>\n<meta property=\"og:locale\" content=\"fr_FR\" \/>\n<meta property=\"og:type\" content=\"article\" \/>\n<meta property=\"og:title\" content=\"\u00c9tudiants acceuil - ACLS AATC\" \/>\n<meta property=\"og:description\" content=\"La g\u00e9omatique est la science et la technologie de la collecte, de l&#8217;analyse, de l&#8217;organisation et de la distribution de donn\u00e9es relatives \u00e0 la surface terrestre, \u00e0 l&#8217;information spatiale, aux produits et aux services. Les carri\u00e8res en g\u00e9omatique sont difficiles, diverses, int\u00e9ressantes, et il existe de nombreux domaines de sp\u00e9cialisation. Pour n&#8217;en nommer que quelques-uns, [&hellip;]\" \/>\n<meta property=\"og:url\" content=\"https:\/\/dev.acls-aatc.ca\/fr\/etudiants\/\" \/>\n<meta property=\"og:site_name\" content=\"ACLS AATC\" \/>\n<meta property=\"article:modified_time\" content=\"2017-06-07T13:45:37+00:00\" \/>\n<meta name=\"twitter:card\" content=\"summary\" \/>\n<meta name=\"twitter:label1\" content=\"Dur\u00e9e de lecture estim\u00e9e\" \/>\n\t<meta name=\"twitter:data1\" content=\"1 minute\" \/>\n<script type=\"application\/ld+json\" class=\"yoast-schema-graph\">{\"@context\":\"https:\/\/schema.org\",\"@graph\":[{\"@type\":\"WebSite\",\"@id\":\"https:\/\/dev.acls-aatc.ca\/#website\",\"url\":\"https:\/\/dev.acls-aatc.ca\/\",\"name\":\"ACLS AATC\",\"description\":\"\",\"potentialAction\":[{\"@type\":\"SearchAction\",\"target\":{\"@type\":\"EntryPoint\",\"urlTemplate\":\"https:\/\/dev.acls-aatc.ca\/?s={search_term_string}\"},\"query-input\":\"required name=search_term_string\"}],\"inLanguage\":\"fr-FR\"},{\"@type\":\"WebPage\",\"@id\":\"https:\/\/dev.acls-aatc.ca\/fr\/etudiants\/#webpage\",\"url\":\"https:\/\/dev.acls-aatc.ca\/fr\/etudiants\/\",\"name\":\"\\u00c9tudiants acceuil - ACLS AATC\",\"isPartOf\":{\"@id\":\"https:\/\/dev.acls-aatc.ca\/#website\"},\"datePublished\":\"2017-06-05T13:27:04+00:00\",\"dateModified\":\"2017-06-07T13:45:37+00:00\",\"breadcrumb\":{\"@id\":\"https:\/\/dev.acls-aatc.ca\/fr\/etudiants\/#breadcrumb\"},\"inLanguage\":\"fr-FR\",\"potentialAction\":[{\"@type\":\"ReadAction\",\"target\":[\"https:\/\/dev.acls-aatc.ca\/fr\/etudiants\/\"]}]},{\"@type\":\"BreadcrumbList\",\"@id\":\"https:\/\/dev.acls-aatc.ca\/fr\/etudiants\/#breadcrumb\",\"itemListElement\":[{\"@type\":\"ListItem\",\"position\":1,\"name\":\"Home\",\"item\":\"https:\/\/dev.acls-aatc.ca\/fr\/\"},{\"@type\":\"ListItem\",\"position\":2,\"name\":\"\\u00c9tudiants acceuil\"}]}]}<\/script>\n<!-- \/ Yoast SEO plugin. -->","yoast_head_json":{"robots":{"index":"index","follow":"follow","max-snippet":"max-snippet:-1","max-image-preview":"max-image-preview:large","max-video-preview":"max-video-preview:-1"},"canonical":"https:\/\/dev.acls-aatc.ca\/fr\/etudiants\/","og_locale":"fr_FR","og_type":"article","og_title":"\u00c9tudiants acceuil - ACLS AATC","og_description":"La g\u00e9omatique est la science et la technologie de la collecte, de l&#8217;analyse, de l&#8217;organisation et de la distribution de donn\u00e9es relatives \u00e0 la surface terrestre, \u00e0 l&#8217;information spatiale, aux produits et aux services. Les carri\u00e8res en g\u00e9omatique sont difficiles, diverses, int\u00e9ressantes, et il existe de nombreux domaines de sp\u00e9cialisation. Pour n&#8217;en nommer que quelques-uns, [&hellip;]","og_url":"https:\/\/dev.acls-aatc.ca\/fr\/etudiants\/","og_site_name":"ACLS AATC","article_modified_time":"2017-06-07T13:45:37+00:00","twitter_card":"summary","twitter_misc":{"Dur\u00e9e de lecture estim\u00e9e":"1 minute"},"schema":{"@context":"https:\/\/schema.org","@graph":[{"@type":"WebSite","@id":"https:\/\/dev.acls-aatc.ca\/#website","url":"https:\/\/dev.acls-aatc.ca\/","name":"ACLS AATC","description":"","potentialAction":[{"@type":"SearchAction","target":{"@type":"EntryPoint","urlTemplate":"https:\/\/dev.acls-aatc.ca\/?s={search_term_string}"},"query-input":"required name=search_term_string"}],"inLanguage":"fr-FR"},{"@type":"WebPage","@id":"https:\/\/dev.acls-aatc.ca\/fr\/etudiants\/#webpage","url":"https:\/\/dev.acls-aatc.ca\/fr\/etudiants\/","name":"\u00c9tudiants acceuil - ACLS AATC","isPartOf":{"@id":"https:\/\/dev.acls-aatc.ca\/#website"},"datePublished":"2017-06-05T13:27:04+00:00","dateModified":"2017-06-07T13:45:37+00:00","breadcrumb":{"@id":"https:\/\/dev.acls-aatc.ca\/fr\/etudiants\/#breadcrumb"},"inLanguage":"fr-FR","potentialAction":[{"@type":"ReadAction","target":["https:\/\/dev.acls-aatc.ca\/fr\/etudiants\/"]}]},{"@type":"BreadcrumbList","@id":"https:\/\/dev.acls-aatc.ca\/fr\/etudiants\/#breadcrumb","itemListElement":[{"@type":"ListItem","position":1,"name":"Home","item":"https:\/\/dev.acls-aatc.ca\/fr\/"},{"@type":"ListItem","position":2,"name":"\u00c9tudiants acceuil"}]}]}},"_links":{"self":[{"href":"https:\/\/dev.acls-aatc.ca\/fr\/wp-json\/wp\/v2\/pages\/835"}],"collection":[{"href":"https:\/\/dev.acls-aatc.ca\/fr\/wp-json\/wp\/v2\/pages"}],"about":[{"href":"https:\/\/dev.acls-aatc.ca\/fr\/wp-json\/wp\/v2\/types\/page"}],"author":[{"embeddable":true,"href":"https:\/\/dev.acls-aatc.ca\/fr\/wp-json\/wp\/v2\/users\/3"}],"replies":[{"embeddable":true,"href":"https:\/\/dev.acls-aatc.ca\/fr\/wp-json\/wp\/v2\/comments?post=835"}],"version-history":[{"count":4,"href":"https:\/\/dev.acls-aatc.ca\/fr\/wp-json\/wp\/v2\/pages\/835\/revisions"}],"predecessor-version":[{"id":1046,"href":"https:\/\/dev.acls-aatc.ca\/fr\/wp-json\/wp\/v2\/pages\/835\/revisions\/1046"}],"wp:attachment":[{"href":"https:\/\/dev.acls-aatc.ca\/fr\/wp-json\/wp\/v2\/media?parent=835"}],"curies":[{"name":"wp","href":"https:\/\/api.w.org\/{rel}","templated":true}]}}