{"id":6083,"date":"2019-07-24T12:21:15","date_gmt":"2019-07-24T16:21:15","guid":{"rendered":"https:\/\/www.acls-aatc.ca\/?page_id=6083"},"modified":"2019-09-25T11:09:46","modified_gmt":"2019-09-25T15:09:46","slug":"cnag-2020","status":"publish","type":"page","link":"https:\/\/dev.acls-aatc.ca\/fr\/a-propos-de-laatc\/cnag-2020\/","title":{"rendered":"CNAG 2020"},"content":{"rendered":"<h3><strong><span style=\"color: #008000;\"><em>Th\u00e8me \u00ab Mont Tremblant : Perspectives internationales et autochtones pour une governance fonci<\/em><em>\u00e8<\/em><em>re durable<\/em><em>\u00bb<\/em><\/span><\/strong><\/h3>\n<p><img loading=\"lazy\" class=\"alignnone wp-image-6271\" src=\"https:\/\/www.acls-aatc.ca\/wp-content\/uploads\/2019\/08\/Tremblant-Postcard_Front.jpg\" alt=\"\" width=\"800\" height=\"534\" srcset=\"https:\/\/dev.acls-aatc.ca\/wp-content\/uploads\/2019\/08\/Tremblant-Postcard_Front.jpg 1000w, https:\/\/dev.acls-aatc.ca\/wp-content\/uploads\/2019\/08\/Tremblant-Postcard_Front-300x200.jpg 300w, https:\/\/dev.acls-aatc.ca\/wp-content\/uploads\/2019\/08\/Tremblant-Postcard_Front-768x512.jpg 768w, https:\/\/dev.acls-aatc.ca\/wp-content\/uploads\/2019\/08\/Tremblant-Postcard_Front-600x400.jpg 600w\" sizes=\"(max-width: 800px) 100vw, 800px\" \/><\/p>\n<p><b>Sujets de s\u00e9minaire<\/b><\/p>\n<p>\u00eatre bient\u00f4t disponible<\/p>\n<p><b>\u00c9v\u00e9nements pour les personnes accompagnatrices<\/b><\/p>\n<p>\u00eatre bient\u00f4t disponible<\/p>\n<p><b>\u00c9v\u00e9nements sociaux<\/b><\/p>\n<p>\u00eatre bient\u00f4t disponible<\/p>\n<p><b>R\u00e9servation de chambre:<\/b><\/p>\n<ul>\n<li>Holiday Inn Express &amp; Suites<\/li>\n<li>H\u00f4tel La Tour des Voyageurs and<\/li>\n<li>Westin Resort and Spa<\/li>\n<\/ul>\n<p><span style=\"font-weight: 400;\">Le nom et l&#8217;adresse de l&#8217;h\u00f4tel sont: Station Mont Tremblant, 1000, chemin des Voyageurs, Mont-Tremblant, QC J8E 1T1<\/span><\/p>\n<p><span style=\"font-weight: 400;\">Veuillez cliquer sur le lien mis \u00e0 jour pour r\u00e9server votre tarif de groupe: <\/span><a href=\"https:\/\/reservations.lessuitestremblant.com\/ecomm\/Package\/Packagebuilder\/5623856\/fr-CA\/?packageid=49195&amp;forceChoice=1&amp;promocode=2O9224\"><b>les arpenteurs des terres du Canada 2020<\/b><\/a><\/p>\n<p><a href=\"https:\/\/dev.acls-aatc.ca\/fr\/laga-2021\/carte-village-tremblant-2\/\" rel=\"attachment wp-att-6314\">carte-village-Tremblant<\/a><\/p>\n","protected":false},"excerpt":{"rendered":"<p>Th\u00e8me \u00ab Mont Tremblant : Perspectives internationales et autochtones pour une governance fonci\u00e8re durable\u00bb Sujets de s\u00e9minaire \u00eatre bient\u00f4t disponible \u00c9v\u00e9nements pour les personnes accompagnatrices \u00eatre bient\u00f4t disponible \u00c9v\u00e9nements sociaux \u00eatre bient\u00f4t disponible R\u00e9servation de chambre: Holiday Inn Express &amp; Suites H\u00f4tel La Tour des Voyageurs and Westin Resort and Spa Le nom et l&#8217;adresse [&hellip;]<\/p>\n","protected":false},"author":3,"featured_media":6271,"parent":384,"menu_order":0,"comment_status":"closed","ping_status":"closed","template":"","meta":[],"yoast_head":"<!-- This site is optimized with the Yoast SEO plugin v17.8 - https:\/\/yoast.com\/wordpress\/plugins\/seo\/ -->\n<meta name=\"robots\" content=\"index, follow, max-snippet:-1, max-image-preview:large, max-video-preview:-1\" \/>\n<link rel=\"canonical\" href=\"https:\/\/dev.acls-aatc.ca\/fr\/a-propos-de-laatc\/cnag-2020\/\" \/>\n<meta property=\"og:locale\" content=\"fr_FR\" \/>\n<meta property=\"og:type\" content=\"article\" \/>\n<meta property=\"og:title\" content=\"CNAG 2020 - ACLS AATC\" \/>\n<meta property=\"og:description\" content=\"Th\u00e8me \u00ab Mont Tremblant : Perspectives internationales et autochtones pour une governance fonci\u00e8re durable\u00bb Sujets de s\u00e9minaire \u00eatre bient\u00f4t disponible \u00c9v\u00e9nements pour les personnes accompagnatrices \u00eatre bient\u00f4t disponible \u00c9v\u00e9nements sociaux \u00eatre bient\u00f4t disponible R\u00e9servation de chambre: Holiday Inn Express &amp; Suites H\u00f4tel La Tour des Voyageurs and Westin Resort and Spa Le nom et l&#8217;adresse [&hellip;]\" \/>\n<meta property=\"og:url\" content=\"https:\/\/dev.acls-aatc.ca\/fr\/a-propos-de-laatc\/cnag-2020\/\" \/>\n<meta property=\"og:site_name\" content=\"ACLS AATC\" \/>\n<meta property=\"article:modified_time\" content=\"2019-09-25T15:09:46+00:00\" \/>\n<meta property=\"og:image\" content=\"https:\/\/dev.acls-aatc.ca\/wp-content\/uploads\/2019\/08\/Tremblant-Postcard_Front.jpg\" \/>\n\t<meta property=\"og:image:width\" content=\"1000\" \/>\n\t<meta property=\"og:image:height\" content=\"667\" \/>\n<meta name=\"twitter:card\" content=\"summary\" \/>\n<script type=\"application\/ld+json\" class=\"yoast-schema-graph\">{\"@context\":\"https:\/\/schema.org\",\"@graph\":[{\"@type\":\"WebSite\",\"@id\":\"https:\/\/dev.acls-aatc.ca\/#website\",\"url\":\"https:\/\/dev.acls-aatc.ca\/\",\"name\":\"ACLS AATC\",\"description\":\"\",\"potentialAction\":[{\"@type\":\"SearchAction\",\"target\":{\"@type\":\"EntryPoint\",\"urlTemplate\":\"https:\/\/dev.acls-aatc.ca\/?s={search_term_string}\"},\"query-input\":\"required name=search_term_string\"}],\"inLanguage\":\"fr-FR\"},{\"@type\":\"ImageObject\",\"@id\":\"https:\/\/dev.acls-aatc.ca\/fr\/a-propos-de-laatc\/cnag-2020\/#primaryimage\",\"inLanguage\":\"fr-FR\",\"url\":\"https:\/\/dev.acls-aatc.ca\/wp-content\/uploads\/2019\/08\/Tremblant-Postcard_Front.jpg\",\"contentUrl\":\"https:\/\/dev.acls-aatc.ca\/wp-content\/uploads\/2019\/08\/Tremblant-Postcard_Front.jpg\",\"width\":1000,\"height\":667},{\"@type\":\"WebPage\",\"@id\":\"https:\/\/dev.acls-aatc.ca\/fr\/a-propos-de-laatc\/cnag-2020\/#webpage\",\"url\":\"https:\/\/dev.acls-aatc.ca\/fr\/a-propos-de-laatc\/cnag-2020\/\",\"name\":\"CNAG 2020 - ACLS AATC\",\"isPartOf\":{\"@id\":\"https:\/\/dev.acls-aatc.ca\/#website\"},\"primaryImageOfPage\":{\"@id\":\"https:\/\/dev.acls-aatc.ca\/fr\/a-propos-de-laatc\/cnag-2020\/#primaryimage\"},\"datePublished\":\"2019-07-24T16:21:15+00:00\",\"dateModified\":\"2019-09-25T15:09:46+00:00\",\"breadcrumb\":{\"@id\":\"https:\/\/dev.acls-aatc.ca\/fr\/a-propos-de-laatc\/cnag-2020\/#breadcrumb\"},\"inLanguage\":\"fr-FR\",\"potentialAction\":[{\"@type\":\"ReadAction\",\"target\":[\"https:\/\/dev.acls-aatc.ca\/fr\/a-propos-de-laatc\/cnag-2020\/\"]}]},{\"@type\":\"BreadcrumbList\",\"@id\":\"https:\/\/dev.acls-aatc.ca\/fr\/a-propos-de-laatc\/cnag-2020\/#breadcrumb\",\"itemListElement\":[{\"@type\":\"ListItem\",\"position\":1,\"name\":\"Home\",\"item\":\"https:\/\/dev.acls-aatc.ca\/fr\/\"},{\"@type\":\"ListItem\",\"position\":2,\"name\":\"Le mandat de l\\u2019AATC\",\"item\":\"https:\/\/dev.acls-aatc.ca\/fr\/a-propos-de-laatc\/\"},{\"@type\":\"ListItem\",\"position\":3,\"name\":\"CNAG 2020\"}]}]}<\/script>\n<!-- \/ Yoast SEO plugin. -->","yoast_head_json":{"robots":{"index":"index","follow":"follow","max-snippet":"max-snippet:-1","max-image-preview":"max-image-preview:large","max-video-preview":"max-video-preview:-1"},"canonical":"https:\/\/dev.acls-aatc.ca\/fr\/a-propos-de-laatc\/cnag-2020\/","og_locale":"fr_FR","og_type":"article","og_title":"CNAG 2020 - ACLS AATC","og_description":"Th\u00e8me \u00ab Mont Tremblant : Perspectives internationales et autochtones pour une governance fonci\u00e8re durable\u00bb Sujets de s\u00e9minaire \u00eatre bient\u00f4t disponible \u00c9v\u00e9nements pour les personnes accompagnatrices \u00eatre bient\u00f4t disponible \u00c9v\u00e9nements sociaux \u00eatre bient\u00f4t disponible R\u00e9servation de chambre: Holiday Inn Express &amp; Suites H\u00f4tel La Tour des Voyageurs and Westin Resort and Spa Le nom et l&#8217;adresse [&hellip;]","og_url":"https:\/\/dev.acls-aatc.ca\/fr\/a-propos-de-laatc\/cnag-2020\/","og_site_name":"ACLS AATC","article_modified_time":"2019-09-25T15:09:46+00:00","og_image":[{"width":1000,"height":667,"url":"https:\/\/dev.acls-aatc.ca\/wp-content\/uploads\/2019\/08\/Tremblant-Postcard_Front.jpg","type":"image\/jpeg"}],"twitter_card":"summary","schema":{"@context":"https:\/\/schema.org","@graph":[{"@type":"WebSite","@id":"https:\/\/dev.acls-aatc.ca\/#website","url":"https:\/\/dev.acls-aatc.ca\/","name":"ACLS AATC","description":"","potentialAction":[{"@type":"SearchAction","target":{"@type":"EntryPoint","urlTemplate":"https:\/\/dev.acls-aatc.ca\/?s={search_term_string}"},"query-input":"required name=search_term_string"}],"inLanguage":"fr-FR"},{"@type":"ImageObject","@id":"https:\/\/dev.acls-aatc.ca\/fr\/a-propos-de-laatc\/cnag-2020\/#primaryimage","inLanguage":"fr-FR","url":"https:\/\/dev.acls-aatc.ca\/wp-content\/uploads\/2019\/08\/Tremblant-Postcard_Front.jpg","contentUrl":"https:\/\/dev.acls-aatc.ca\/wp-content\/uploads\/2019\/08\/Tremblant-Postcard_Front.jpg","width":1000,"height":667},{"@type":"WebPage","@id":"https:\/\/dev.acls-aatc.ca\/fr\/a-propos-de-laatc\/cnag-2020\/#webpage","url":"https:\/\/dev.acls-aatc.ca\/fr\/a-propos-de-laatc\/cnag-2020\/","name":"CNAG 2020 - ACLS AATC","isPartOf":{"@id":"https:\/\/dev.acls-aatc.ca\/#website"},"primaryImageOfPage":{"@id":"https:\/\/dev.acls-aatc.ca\/fr\/a-propos-de-laatc\/cnag-2020\/#primaryimage"},"datePublished":"2019-07-24T16:21:15+00:00","dateModified":"2019-09-25T15:09:46+00:00","breadcrumb":{"@id":"https:\/\/dev.acls-aatc.ca\/fr\/a-propos-de-laatc\/cnag-2020\/#breadcrumb"},"inLanguage":"fr-FR","potentialAction":[{"@type":"ReadAction","target":["https:\/\/dev.acls-aatc.ca\/fr\/a-propos-de-laatc\/cnag-2020\/"]}]},{"@type":"BreadcrumbList","@id":"https:\/\/dev.acls-aatc.ca\/fr\/a-propos-de-laatc\/cnag-2020\/#breadcrumb","itemListElement":[{"@type":"ListItem","position":1,"name":"Home","item":"https:\/\/dev.acls-aatc.ca\/fr\/"},{"@type":"ListItem","position":2,"name":"Le mandat de l\u2019AATC","item":"https:\/\/dev.acls-aatc.ca\/fr\/a-propos-de-laatc\/"},{"@type":"ListItem","position":3,"name":"CNAG 2020"}]}]}},"_links":{"self":[{"href":"https:\/\/dev.acls-aatc.ca\/fr\/wp-json\/wp\/v2\/pages\/6083"}],"collection":[{"href":"https:\/\/dev.acls-aatc.ca\/fr\/wp-json\/wp\/v2\/pages"}],"about":[{"href":"https:\/\/dev.acls-aatc.ca\/fr\/wp-json\/wp\/v2\/types\/page"}],"author":[{"embeddable":true,"href":"https:\/\/dev.acls-aatc.ca\/fr\/wp-json\/wp\/v2\/users\/3"}],"replies":[{"embeddable":true,"href":"https:\/\/dev.acls-aatc.ca\/fr\/wp-json\/wp\/v2\/comments?post=6083"}],"version-history":[{"count":6,"href":"https:\/\/dev.acls-aatc.ca\/fr\/wp-json\/wp\/v2\/pages\/6083\/revisions"}],"predecessor-version":[{"id":6316,"href":"https:\/\/dev.acls-aatc.ca\/fr\/wp-json\/wp\/v2\/pages\/6083\/revisions\/6316"}],"up":[{"embeddable":true,"href":"https:\/\/dev.acls-aatc.ca\/fr\/wp-json\/wp\/v2\/pages\/384"}],"wp:featuredmedia":[{"embeddable":true,"href":"https:\/\/dev.acls-aatc.ca\/fr\/wp-json\/wp\/v2\/media\/6271"}],"wp:attachment":[{"href":"https:\/\/dev.acls-aatc.ca\/fr\/wp-json\/wp\/v2\/media?parent=6083"}],"curies":[{"name":"wp","href":"https:\/\/api.w.org\/{rel}","templated":true}]}}