{"id":6032,"date":"2019-07-18T14:06:24","date_gmt":"2019-07-18T18:06:24","guid":{"rendered":"https:\/\/www.acls-aatc.ca\/?page_id=6032"},"modified":"2020-04-22T08:26:15","modified_gmt":"2020-04-22T12:26:15","slug":"boite-a-outils-des-arpentages-sur-les-terres-autochtones","status":"publish","type":"page","link":"https:\/\/dev.acls-aatc.ca\/fr\/expertise-autochtone\/boite-a-outils-des-arpentages-sur-les-terres-autochtones\/","title":{"rendered":"Bo\u00eete \u00e0 outils pour l&#8217;arpentage sur les terres autochtones"},"content":{"rendered":"<ul>\n<li>\n<h3><span style=\"color: #800000;\"><strong><a style=\"color: #800000;\" href=\"https:\/\/dev.acls-aatc.ca\/fr\/expertise-autochtone\/boite-a-outils-des-arpentages-sur-les-terres-autochtones\/survey-cost-study-2018-report-2-2\/\">\u00c9tude<\/a><\/strong><strong><a style=\"color: #800000;\" href=\"https:\/\/dev.acls-aatc.ca\/fr\/expertise-autochtone\/boite-a-outils-des-arpentages-sur-les-terres-autochtones\/survey-cost-study-2018-report-2-2\/\">\u00a0des co\u00fbts d&#8217;arpentage (Anglais)<\/a><\/strong><\/span><\/h3>\n<\/li>\n<li>\n<h3><strong><span style=\"color: #800000;\"><a style=\"color: #800000;\" href=\"https:\/\/dev.acls-aatc.ca\/fr\/expertise-autochtone\/boite-a-outils-des-arpentages-sur-les-terres-autochtones\/planification-preliminaire-2\/\" rel=\"attachment wp-att-8180\">Planification pr\u00e9liminaire<\/a><\/span><\/strong><\/h3>\n<\/li>\n<li>\n<h3><span style=\"color: #800000;\"><strong><a style=\"color: #800000;\" href=\"https:\/\/dev.acls-aatc.ca\/fr\/expertise-autochtone\/boite-a-outils-des-arpentages-sur-les-terres-autochtones\/travail-terrain\/\" rel=\"attachment wp-att-8195\">Travail sur le terrain<\/a><\/strong><\/span><\/h3>\n<\/li>\n<li>\n<h3><strong><span style=\"color: #800000;\"><a style=\"color: #800000;\" href=\"https:\/\/dev.acls-aatc.ca\/fr\/expertise-autochtone\/boite-a-outils-des-arpentages-sur-les-terres-autochtones\/preparation-de-plans-et-travail-de-bureau-2\/\" rel=\"attachment wp-att-8183\">Pr\u00e9paration de plans et travail de bureau<\/a><\/span><\/strong><\/h3>\n<\/li>\n<li>\n<h3><span style=\"color: #800000;\"><strong><a style=\"color: #800000;\" href=\"https:\/\/dev.acls-aatc.ca\/fr\/expertise-autochtone\/boite-a-outils-des-arpentages-sur-les-terres-autochtones\/updated-approbation-et-finalisation-des-plans\/\" rel=\"attachment wp-att-7652\">Approbation et finalisation des plans<\/a><\/strong><\/span><\/h3>\n<\/li>\n<li>\n<h3><strong><span style=\"color: #800000;\"><a style=\"color: #800000;\" href=\"https:\/\/dev.acls-aatc.ca\/fr\/membres-acceuil-2\/role-dun-arpenteur\/role_of_a_surveyor_fr-2\/\" rel=\"attachment wp-att-6187\"><span style=\"color: #800000;\">R\u00f4le d&#8217;un arpenteur des terres du Canada \/<\/span> arpenteur-g\u00e9om\u00e8tre provincial<\/a><\/span><\/strong><\/h3>\n<\/li>\n<\/ul>\n","protected":false},"excerpt":{"rendered":"<p>\u00c9tude\u00a0des co\u00fbts d&#8217;arpentage (Anglais) Planification pr\u00e9liminaire Travail sur le terrain Pr\u00e9paration de plans et travail de bureau Approbation et finalisation des plans R\u00f4le d&#8217;un arpenteur des terres du Canada \/ arpenteur-g\u00e9om\u00e8tre provincial<\/p>\n","protected":false},"author":3,"featured_media":0,"parent":1830,"menu_order":0,"comment_status":"closed","ping_status":"closed","template":"","meta":[],"yoast_head":"<!-- This site is optimized with the Yoast SEO plugin v17.8 - https:\/\/yoast.com\/wordpress\/plugins\/seo\/ -->\n<meta name=\"robots\" content=\"index, follow, max-snippet:-1, max-image-preview:large, max-video-preview:-1\" \/>\n<link rel=\"canonical\" href=\"https:\/\/dev.acls-aatc.ca\/fr\/expertise-autochtone\/boite-a-outils-des-arpentages-sur-les-terres-autochtones\/\" \/>\n<meta property=\"og:locale\" content=\"fr_FR\" \/>\n<meta property=\"og:type\" content=\"article\" \/>\n<meta property=\"og:title\" content=\"Bo\u00eete \u00e0 outils pour l&#039;arpentage sur les terres autochtones - ACLS AATC\" \/>\n<meta property=\"og:description\" content=\"\u00c9tude\u00a0des co\u00fbts d&#8217;arpentage (Anglais) Planification pr\u00e9liminaire Travail sur le terrain Pr\u00e9paration de plans et travail de bureau Approbation et finalisation des plans R\u00f4le d&#8217;un arpenteur des terres du Canada \/ arpenteur-g\u00e9om\u00e8tre provincial\" \/>\n<meta property=\"og:url\" content=\"https:\/\/dev.acls-aatc.ca\/fr\/expertise-autochtone\/boite-a-outils-des-arpentages-sur-les-terres-autochtones\/\" \/>\n<meta property=\"og:site_name\" content=\"ACLS AATC\" \/>\n<meta property=\"article:modified_time\" content=\"2020-04-22T12:26:15+00:00\" \/>\n<meta name=\"twitter:card\" content=\"summary\" \/>\n<script type=\"application\/ld+json\" class=\"yoast-schema-graph\">{\"@context\":\"https:\/\/schema.org\",\"@graph\":[{\"@type\":\"WebSite\",\"@id\":\"https:\/\/dev.acls-aatc.ca\/#website\",\"url\":\"https:\/\/dev.acls-aatc.ca\/\",\"name\":\"ACLS AATC\",\"description\":\"\",\"potentialAction\":[{\"@type\":\"SearchAction\",\"target\":{\"@type\":\"EntryPoint\",\"urlTemplate\":\"https:\/\/dev.acls-aatc.ca\/?s={search_term_string}\"},\"query-input\":\"required name=search_term_string\"}],\"inLanguage\":\"fr-FR\"},{\"@type\":\"WebPage\",\"@id\":\"https:\/\/dev.acls-aatc.ca\/fr\/expertise-autochtone\/boite-a-outils-des-arpentages-sur-les-terres-autochtones\/#webpage\",\"url\":\"https:\/\/dev.acls-aatc.ca\/fr\/expertise-autochtone\/boite-a-outils-des-arpentages-sur-les-terres-autochtones\/\",\"name\":\"Bo\\u00eete \\u00e0 outils pour l'arpentage sur les terres autochtones - ACLS AATC\",\"isPartOf\":{\"@id\":\"https:\/\/dev.acls-aatc.ca\/#website\"},\"datePublished\":\"2019-07-18T18:06:24+00:00\",\"dateModified\":\"2020-04-22T12:26:15+00:00\",\"breadcrumb\":{\"@id\":\"https:\/\/dev.acls-aatc.ca\/fr\/expertise-autochtone\/boite-a-outils-des-arpentages-sur-les-terres-autochtones\/#breadcrumb\"},\"inLanguage\":\"fr-FR\",\"potentialAction\":[{\"@type\":\"ReadAction\",\"target\":[\"https:\/\/dev.acls-aatc.ca\/fr\/expertise-autochtone\/boite-a-outils-des-arpentages-sur-les-terres-autochtones\/\"]}]},{\"@type\":\"BreadcrumbList\",\"@id\":\"https:\/\/dev.acls-aatc.ca\/fr\/expertise-autochtone\/boite-a-outils-des-arpentages-sur-les-terres-autochtones\/#breadcrumb\",\"itemListElement\":[{\"@type\":\"ListItem\",\"position\":1,\"name\":\"Home\",\"item\":\"https:\/\/dev.acls-aatc.ca\/fr\/\"},{\"@type\":\"ListItem\",\"position\":2,\"name\":\"Expertise autochtone\",\"item\":\"https:\/\/dev.acls-aatc.ca\/fr\/expertise-autochtone\/\"},{\"@type\":\"ListItem\",\"position\":3,\"name\":\"Bo\\u00eete \\u00e0 outils pour l&#8217;arpentage sur les terres autochtones\"}]}]}<\/script>\n<!-- \/ Yoast SEO plugin. -->","yoast_head_json":{"robots":{"index":"index","follow":"follow","max-snippet":"max-snippet:-1","max-image-preview":"max-image-preview:large","max-video-preview":"max-video-preview:-1"},"canonical":"https:\/\/dev.acls-aatc.ca\/fr\/expertise-autochtone\/boite-a-outils-des-arpentages-sur-les-terres-autochtones\/","og_locale":"fr_FR","og_type":"article","og_title":"Bo\u00eete \u00e0 outils pour l'arpentage sur les terres autochtones - ACLS AATC","og_description":"\u00c9tude\u00a0des co\u00fbts d&#8217;arpentage (Anglais) Planification pr\u00e9liminaire Travail sur le terrain Pr\u00e9paration de plans et travail de bureau Approbation et finalisation des plans R\u00f4le d&#8217;un arpenteur des terres du Canada \/ arpenteur-g\u00e9om\u00e8tre provincial","og_url":"https:\/\/dev.acls-aatc.ca\/fr\/expertise-autochtone\/boite-a-outils-des-arpentages-sur-les-terres-autochtones\/","og_site_name":"ACLS AATC","article_modified_time":"2020-04-22T12:26:15+00:00","twitter_card":"summary","schema":{"@context":"https:\/\/schema.org","@graph":[{"@type":"WebSite","@id":"https:\/\/dev.acls-aatc.ca\/#website","url":"https:\/\/dev.acls-aatc.ca\/","name":"ACLS AATC","description":"","potentialAction":[{"@type":"SearchAction","target":{"@type":"EntryPoint","urlTemplate":"https:\/\/dev.acls-aatc.ca\/?s={search_term_string}"},"query-input":"required name=search_term_string"}],"inLanguage":"fr-FR"},{"@type":"WebPage","@id":"https:\/\/dev.acls-aatc.ca\/fr\/expertise-autochtone\/boite-a-outils-des-arpentages-sur-les-terres-autochtones\/#webpage","url":"https:\/\/dev.acls-aatc.ca\/fr\/expertise-autochtone\/boite-a-outils-des-arpentages-sur-les-terres-autochtones\/","name":"Bo\u00eete \u00e0 outils pour l'arpentage sur les terres autochtones - ACLS AATC","isPartOf":{"@id":"https:\/\/dev.acls-aatc.ca\/#website"},"datePublished":"2019-07-18T18:06:24+00:00","dateModified":"2020-04-22T12:26:15+00:00","breadcrumb":{"@id":"https:\/\/dev.acls-aatc.ca\/fr\/expertise-autochtone\/boite-a-outils-des-arpentages-sur-les-terres-autochtones\/#breadcrumb"},"inLanguage":"fr-FR","potentialAction":[{"@type":"ReadAction","target":["https:\/\/dev.acls-aatc.ca\/fr\/expertise-autochtone\/boite-a-outils-des-arpentages-sur-les-terres-autochtones\/"]}]},{"@type":"BreadcrumbList","@id":"https:\/\/dev.acls-aatc.ca\/fr\/expertise-autochtone\/boite-a-outils-des-arpentages-sur-les-terres-autochtones\/#breadcrumb","itemListElement":[{"@type":"ListItem","position":1,"name":"Home","item":"https:\/\/dev.acls-aatc.ca\/fr\/"},{"@type":"ListItem","position":2,"name":"Expertise autochtone","item":"https:\/\/dev.acls-aatc.ca\/fr\/expertise-autochtone\/"},{"@type":"ListItem","position":3,"name":"Bo\u00eete \u00e0 outils pour l&#8217;arpentage sur les terres autochtones"}]}]}},"_links":{"self":[{"href":"https:\/\/dev.acls-aatc.ca\/fr\/wp-json\/wp\/v2\/pages\/6032"}],"collection":[{"href":"https:\/\/dev.acls-aatc.ca\/fr\/wp-json\/wp\/v2\/pages"}],"about":[{"href":"https:\/\/dev.acls-aatc.ca\/fr\/wp-json\/wp\/v2\/types\/page"}],"author":[{"embeddable":true,"href":"https:\/\/dev.acls-aatc.ca\/fr\/wp-json\/wp\/v2\/users\/3"}],"replies":[{"embeddable":true,"href":"https:\/\/dev.acls-aatc.ca\/fr\/wp-json\/wp\/v2\/comments?post=6032"}],"version-history":[{"count":20,"href":"https:\/\/dev.acls-aatc.ca\/fr\/wp-json\/wp\/v2\/pages\/6032\/revisions"}],"predecessor-version":[{"id":8197,"href":"https:\/\/dev.acls-aatc.ca\/fr\/wp-json\/wp\/v2\/pages\/6032\/revisions\/8197"}],"up":[{"embeddable":true,"href":"https:\/\/dev.acls-aatc.ca\/fr\/wp-json\/wp\/v2\/pages\/1830"}],"wp:attachment":[{"href":"https:\/\/dev.acls-aatc.ca\/fr\/wp-json\/wp\/v2\/media?parent=6032"}],"curies":[{"name":"wp","href":"https:\/\/api.w.org\/{rel}","templated":true}]}}