{"id":518,"date":"2017-05-30T15:35:40","date_gmt":"2017-05-30T15:35:40","guid":{"rendered":"http:\/\/acls-aatc.tui.ninja\/?page_id=518"},"modified":"2020-11-26T12:53:55","modified_gmt":"2020-11-26T12:53:55","slug":"plan-strategique","status":"publish","type":"page","link":"https:\/\/dev.acls-aatc.ca\/fr\/a-propos-de-laatc\/plan-strategique\/","title":{"rendered":"Plan Strat\u00e9gique"},"content":{"rendered":"<p>L\u2019Association a mis en place un plan strat\u00e9gique.<\/p>\n<h4><span style=\"text-decoration: underline;\"><strong>VISION<\/strong><\/span><\/h4>\n<p>Instaurer la confiance du public dans la r\u00e9glementation des arpenteurs des terres du Canada.<\/p>\n<h4><span style=\"text-decoration: underline;\"><strong>MISSION<\/strong><\/span><\/h4>\n<p>Fid\u00e8les \u00e0 notre mandat, nous instaurons la confiance et le respect mutuel gr\u00e2ce \u00e0 une gouvernance solide, une autor\u00e9glementation efficace et des comp\u00e9tences individuelles<\/p>\n<h4><strong><span style=\"text-decoration: underline;\">VALEURS<\/span><\/strong><\/h4>\n<p><strong>Int\u00e9grit\u00e9:<\/strong> On peut nous faire enti\u00e8re confiance pour prot\u00e9ger l\u2019int\u00e9grit\u00e9 des terres du Canada et le r\u00e9gime foncier avec justesse et impartialit\u00e9.<\/p>\n<p><strong>Responsabilit\u00e9:<\/strong> Nous respectons nos engagements et assumons nos actions.<\/p>\n<p><strong>Comp\u00e9tence:<\/strong> Nous sommes professionnels, comp\u00e9tents et maintenons nos comp\u00e9tences en permanence gr\u00e2ce \u00e0 un examen des pratiques et un perfectionnement professionnel continu.<\/p>\n<p><strong>Innovation:<\/strong> Nous suivons le rythme des technologies nouvelles et \u00e9mergentes, en nous transformant et en \u00e9voluant au besoin pour apporter la plus grande valeur et une efficacit\u00e9 optimale au grand public et \u00e0 nos membres.<\/p>\n<p><strong>Excellence:<\/strong> Nous nous engageons \u00e0 assurer la qualit\u00e9 et le perfectionnement continu. Nous visons des performances intrins\u00e8quement sup\u00e9rieures, \u00e9tablissant des normes \u00e9lev\u00e9es pour nos membres et nous-m\u00eames.<\/p>\n<h4><span style=\"text-decoration: underline;\"><strong>Initiatives strat\u00e9giques<\/strong><\/span><\/h4>\n<ul>\n<li>Communiquer le r\u00f4le et la valeur de l\u2019arpentage \u00e0 la gouvernance et au bien-\u00eatre socio-\u00e9conomique du pays\u2009;<\/li>\n<li>Consulter les organisations concern\u00e9es et collaborer sur la solution des probl\u00e8mes et l\u2019atteinte d\u2019objectifs communs\u2009;<\/li>\n<li>D\u00e9velopper, motiver et engager un solide effectif de membres diversifi\u00e9s\u2009;<\/li>\n<li>Favoriser les relations entre les communaut\u00e9s des Premi\u00e8res Nations et la profession d\u2019arpentage.<\/li>\n<\/ul>\n","protected":false},"excerpt":{"rendered":"<p>L\u2019Association a mis en place un plan strat\u00e9gique. VISION Instaurer la confiance du public dans la r\u00e9glementation des arpenteurs des terres du Canada. MISSION Fid\u00e8les \u00e0 notre mandat, nous instaurons la confiance et le respect mutuel gr\u00e2ce \u00e0 une gouvernance solide, une autor\u00e9glementation efficace et des comp\u00e9tences individuelles VALEURS Int\u00e9grit\u00e9: On peut nous faire enti\u00e8re [&hellip;]<\/p>\n","protected":false},"author":3,"featured_media":0,"parent":384,"menu_order":0,"comment_status":"closed","ping_status":"closed","template":"","meta":[],"yoast_head":"<!-- This site is optimized with the Yoast SEO plugin v17.8 - https:\/\/yoast.com\/wordpress\/plugins\/seo\/ -->\n<meta name=\"robots\" content=\"index, follow, max-snippet:-1, max-image-preview:large, max-video-preview:-1\" \/>\n<link rel=\"canonical\" href=\"https:\/\/dev.acls-aatc.ca\/fr\/a-propos-de-laatc\/plan-strategique\/\" \/>\n<meta property=\"og:locale\" content=\"fr_FR\" \/>\n<meta property=\"og:type\" content=\"article\" \/>\n<meta property=\"og:title\" content=\"Plan Strat\u00e9gique - ACLS AATC\" \/>\n<meta property=\"og:description\" content=\"L\u2019Association a mis en place un plan strat\u00e9gique. VISION Instaurer la confiance du public dans la r\u00e9glementation des arpenteurs des terres du Canada. MISSION Fid\u00e8les \u00e0 notre mandat, nous instaurons la confiance et le respect mutuel gr\u00e2ce \u00e0 une gouvernance solide, une autor\u00e9glementation efficace et des comp\u00e9tences individuelles VALEURS Int\u00e9grit\u00e9: On peut nous faire enti\u00e8re [&hellip;]\" \/>\n<meta property=\"og:url\" content=\"https:\/\/dev.acls-aatc.ca\/fr\/a-propos-de-laatc\/plan-strategique\/\" \/>\n<meta property=\"og:site_name\" content=\"ACLS AATC\" \/>\n<meta property=\"article:modified_time\" content=\"2020-11-26T12:53:55+00:00\" \/>\n<meta name=\"twitter:card\" content=\"summary\" \/>\n<meta name=\"twitter:label1\" content=\"Dur\u00e9e de lecture estim\u00e9e\" \/>\n\t<meta name=\"twitter:data1\" content=\"1 minute\" \/>\n<script type=\"application\/ld+json\" class=\"yoast-schema-graph\">{\"@context\":\"https:\/\/schema.org\",\"@graph\":[{\"@type\":\"WebSite\",\"@id\":\"https:\/\/dev.acls-aatc.ca\/#website\",\"url\":\"https:\/\/dev.acls-aatc.ca\/\",\"name\":\"ACLS AATC\",\"description\":\"\",\"potentialAction\":[{\"@type\":\"SearchAction\",\"target\":{\"@type\":\"EntryPoint\",\"urlTemplate\":\"https:\/\/dev.acls-aatc.ca\/?s={search_term_string}\"},\"query-input\":\"required name=search_term_string\"}],\"inLanguage\":\"fr-FR\"},{\"@type\":\"WebPage\",\"@id\":\"https:\/\/dev.acls-aatc.ca\/fr\/a-propos-de-laatc\/plan-strategique\/#webpage\",\"url\":\"https:\/\/dev.acls-aatc.ca\/fr\/a-propos-de-laatc\/plan-strategique\/\",\"name\":\"Plan Strat\\u00e9gique - ACLS AATC\",\"isPartOf\":{\"@id\":\"https:\/\/dev.acls-aatc.ca\/#website\"},\"datePublished\":\"2017-05-30T15:35:40+00:00\",\"dateModified\":\"2020-11-26T12:53:55+00:00\",\"breadcrumb\":{\"@id\":\"https:\/\/dev.acls-aatc.ca\/fr\/a-propos-de-laatc\/plan-strategique\/#breadcrumb\"},\"inLanguage\":\"fr-FR\",\"potentialAction\":[{\"@type\":\"ReadAction\",\"target\":[\"https:\/\/dev.acls-aatc.ca\/fr\/a-propos-de-laatc\/plan-strategique\/\"]}]},{\"@type\":\"BreadcrumbList\",\"@id\":\"https:\/\/dev.acls-aatc.ca\/fr\/a-propos-de-laatc\/plan-strategique\/#breadcrumb\",\"itemListElement\":[{\"@type\":\"ListItem\",\"position\":1,\"name\":\"Home\",\"item\":\"https:\/\/dev.acls-aatc.ca\/fr\/\"},{\"@type\":\"ListItem\",\"position\":2,\"name\":\"Le mandat de l\\u2019AATC\",\"item\":\"https:\/\/dev.acls-aatc.ca\/fr\/a-propos-de-laatc\/\"},{\"@type\":\"ListItem\",\"position\":3,\"name\":\"Plan Strat\\u00e9gique\"}]}]}<\/script>\n<!-- \/ Yoast SEO plugin. -->","yoast_head_json":{"robots":{"index":"index","follow":"follow","max-snippet":"max-snippet:-1","max-image-preview":"max-image-preview:large","max-video-preview":"max-video-preview:-1"},"canonical":"https:\/\/dev.acls-aatc.ca\/fr\/a-propos-de-laatc\/plan-strategique\/","og_locale":"fr_FR","og_type":"article","og_title":"Plan Strat\u00e9gique - ACLS AATC","og_description":"L\u2019Association a mis en place un plan strat\u00e9gique. VISION Instaurer la confiance du public dans la r\u00e9glementation des arpenteurs des terres du Canada. MISSION Fid\u00e8les \u00e0 notre mandat, nous instaurons la confiance et le respect mutuel gr\u00e2ce \u00e0 une gouvernance solide, une autor\u00e9glementation efficace et des comp\u00e9tences individuelles VALEURS Int\u00e9grit\u00e9: On peut nous faire enti\u00e8re [&hellip;]","og_url":"https:\/\/dev.acls-aatc.ca\/fr\/a-propos-de-laatc\/plan-strategique\/","og_site_name":"ACLS AATC","article_modified_time":"2020-11-26T12:53:55+00:00","twitter_card":"summary","twitter_misc":{"Dur\u00e9e de lecture estim\u00e9e":"1 minute"},"schema":{"@context":"https:\/\/schema.org","@graph":[{"@type":"WebSite","@id":"https:\/\/dev.acls-aatc.ca\/#website","url":"https:\/\/dev.acls-aatc.ca\/","name":"ACLS AATC","description":"","potentialAction":[{"@type":"SearchAction","target":{"@type":"EntryPoint","urlTemplate":"https:\/\/dev.acls-aatc.ca\/?s={search_term_string}"},"query-input":"required name=search_term_string"}],"inLanguage":"fr-FR"},{"@type":"WebPage","@id":"https:\/\/dev.acls-aatc.ca\/fr\/a-propos-de-laatc\/plan-strategique\/#webpage","url":"https:\/\/dev.acls-aatc.ca\/fr\/a-propos-de-laatc\/plan-strategique\/","name":"Plan Strat\u00e9gique - ACLS AATC","isPartOf":{"@id":"https:\/\/dev.acls-aatc.ca\/#website"},"datePublished":"2017-05-30T15:35:40+00:00","dateModified":"2020-11-26T12:53:55+00:00","breadcrumb":{"@id":"https:\/\/dev.acls-aatc.ca\/fr\/a-propos-de-laatc\/plan-strategique\/#breadcrumb"},"inLanguage":"fr-FR","potentialAction":[{"@type":"ReadAction","target":["https:\/\/dev.acls-aatc.ca\/fr\/a-propos-de-laatc\/plan-strategique\/"]}]},{"@type":"BreadcrumbList","@id":"https:\/\/dev.acls-aatc.ca\/fr\/a-propos-de-laatc\/plan-strategique\/#breadcrumb","itemListElement":[{"@type":"ListItem","position":1,"name":"Home","item":"https:\/\/dev.acls-aatc.ca\/fr\/"},{"@type":"ListItem","position":2,"name":"Le mandat de l\u2019AATC","item":"https:\/\/dev.acls-aatc.ca\/fr\/a-propos-de-laatc\/"},{"@type":"ListItem","position":3,"name":"Plan Strat\u00e9gique"}]}]}},"_links":{"self":[{"href":"https:\/\/dev.acls-aatc.ca\/fr\/wp-json\/wp\/v2\/pages\/518"}],"collection":[{"href":"https:\/\/dev.acls-aatc.ca\/fr\/wp-json\/wp\/v2\/pages"}],"about":[{"href":"https:\/\/dev.acls-aatc.ca\/fr\/wp-json\/wp\/v2\/types\/page"}],"author":[{"embeddable":true,"href":"https:\/\/dev.acls-aatc.ca\/fr\/wp-json\/wp\/v2\/users\/3"}],"replies":[{"embeddable":true,"href":"https:\/\/dev.acls-aatc.ca\/fr\/wp-json\/wp\/v2\/comments?post=518"}],"version-history":[{"count":5,"href":"https:\/\/dev.acls-aatc.ca\/fr\/wp-json\/wp\/v2\/pages\/518\/revisions"}],"predecessor-version":[{"id":8918,"href":"https:\/\/dev.acls-aatc.ca\/fr\/wp-json\/wp\/v2\/pages\/518\/revisions\/8918"}],"up":[{"embeddable":true,"href":"https:\/\/dev.acls-aatc.ca\/fr\/wp-json\/wp\/v2\/pages\/384"}],"wp:attachment":[{"href":"https:\/\/dev.acls-aatc.ca\/fr\/wp-json\/wp\/v2\/media?parent=518"}],"curies":[{"name":"wp","href":"https:\/\/api.w.org\/{rel}","templated":true}]}}