{"id":503,"date":"2017-05-30T14:56:22","date_gmt":"2017-05-30T14:56:22","guid":{"rendered":"http:\/\/acls-aatc.tui.ninja\/?page_id=503"},"modified":"2017-06-27T10:45:24","modified_gmt":"2017-06-27T14:45:24","slug":"publique","status":"publish","type":"page","link":"https:\/\/dev.acls-aatc.ca\/fr\/publique\/","title":{"rendered":"Public accueil"},"content":{"rendered":"<p>L\u2019AATC \u00e9tablit et maintient les normes pour les qualifications des arpenteurs des terres du Canada (ATC), ainsi que les normes de conduite, les connaissances et les comp\u00e9tences des membres de l\u2019Association et leurs firmes. Elle poss\u00e8de un programme de perfectionnement professionnel continu destin\u00e9 au maintien et au renouvellement des connaissances des membres de l\u2019ATC, ainsi qu\u2019un programme d\u2019inspection professionnelle obligatoire par lequel les projets des membres d\u00e9tenteurs de permis en r\u00e8gle sont soumis \u00e0 un examen tous les trois ans.<\/p>\n<p>Elle m\u00e8ne aussi, d\u2019apr\u00e8s la nature de son mandat de protection du public, des enqu\u00eates lorsque des plaintes sont d\u00e9pos\u00e9es contre ses membres.<\/p>\n<p><a class=\"btn btn-danger\" href=\"https:\/\/dev.acls-aatc.ca\/fr\/trouver-un-arpenteur\/\">Trouver un arpenteur dans votre r\u00e9gion<\/a><\/p>\n","protected":false},"excerpt":{"rendered":"<p>L\u2019AATC \u00e9tablit et maintient les normes pour les qualifications des arpenteurs des terres du Canada (ATC), ainsi que les normes de conduite, les connaissances et les comp\u00e9tences des membres de l\u2019Association et leurs firmes. Elle poss\u00e8de un programme de perfectionnement professionnel continu destin\u00e9 au maintien et au renouvellement des connaissances des membres de l\u2019ATC, ainsi [&hellip;]<\/p>\n","protected":false},"author":3,"featured_media":0,"parent":0,"menu_order":0,"comment_status":"closed","ping_status":"closed","template":"","meta":[],"yoast_head":"<!-- This site is optimized with the Yoast SEO plugin v17.8 - https:\/\/yoast.com\/wordpress\/plugins\/seo\/ -->\n<meta name=\"robots\" content=\"index, follow, max-snippet:-1, max-image-preview:large, max-video-preview:-1\" \/>\n<link rel=\"canonical\" href=\"https:\/\/dev.acls-aatc.ca\/fr\/publique\/\" \/>\n<meta property=\"og:locale\" content=\"fr_FR\" \/>\n<meta property=\"og:type\" content=\"article\" \/>\n<meta property=\"og:title\" content=\"Public accueil - ACLS AATC\" \/>\n<meta property=\"og:description\" content=\"L\u2019AATC \u00e9tablit et maintient les normes pour les qualifications des arpenteurs des terres du Canada (ATC), ainsi que les normes de conduite, les connaissances et les comp\u00e9tences des membres de l\u2019Association et leurs firmes. Elle poss\u00e8de un programme de perfectionnement professionnel continu destin\u00e9 au maintien et au renouvellement des connaissances des membres de l\u2019ATC, ainsi [&hellip;]\" \/>\n<meta property=\"og:url\" content=\"https:\/\/dev.acls-aatc.ca\/fr\/publique\/\" \/>\n<meta property=\"og:site_name\" content=\"ACLS AATC\" \/>\n<meta property=\"article:modified_time\" content=\"2017-06-27T14:45:24+00:00\" \/>\n<meta name=\"twitter:card\" content=\"summary\" \/>\n<meta name=\"twitter:label1\" content=\"Dur\u00e9e de lecture estim\u00e9e\" \/>\n\t<meta name=\"twitter:data1\" content=\"1 minute\" \/>\n<script type=\"application\/ld+json\" class=\"yoast-schema-graph\">{\"@context\":\"https:\/\/schema.org\",\"@graph\":[{\"@type\":\"WebSite\",\"@id\":\"https:\/\/dev.acls-aatc.ca\/#website\",\"url\":\"https:\/\/dev.acls-aatc.ca\/\",\"name\":\"ACLS AATC\",\"description\":\"\",\"potentialAction\":[{\"@type\":\"SearchAction\",\"target\":{\"@type\":\"EntryPoint\",\"urlTemplate\":\"https:\/\/dev.acls-aatc.ca\/?s={search_term_string}\"},\"query-input\":\"required name=search_term_string\"}],\"inLanguage\":\"fr-FR\"},{\"@type\":\"WebPage\",\"@id\":\"https:\/\/dev.acls-aatc.ca\/fr\/publique\/#webpage\",\"url\":\"https:\/\/dev.acls-aatc.ca\/fr\/publique\/\",\"name\":\"Public accueil - ACLS AATC\",\"isPartOf\":{\"@id\":\"https:\/\/dev.acls-aatc.ca\/#website\"},\"datePublished\":\"2017-05-30T14:56:22+00:00\",\"dateModified\":\"2017-06-27T14:45:24+00:00\",\"breadcrumb\":{\"@id\":\"https:\/\/dev.acls-aatc.ca\/fr\/publique\/#breadcrumb\"},\"inLanguage\":\"fr-FR\",\"potentialAction\":[{\"@type\":\"ReadAction\",\"target\":[\"https:\/\/dev.acls-aatc.ca\/fr\/publique\/\"]}]},{\"@type\":\"BreadcrumbList\",\"@id\":\"https:\/\/dev.acls-aatc.ca\/fr\/publique\/#breadcrumb\",\"itemListElement\":[{\"@type\":\"ListItem\",\"position\":1,\"name\":\"Home\",\"item\":\"https:\/\/dev.acls-aatc.ca\/fr\/\"},{\"@type\":\"ListItem\",\"position\":2,\"name\":\"Public accueil\"}]}]}<\/script>\n<!-- \/ Yoast SEO plugin. -->","yoast_head_json":{"robots":{"index":"index","follow":"follow","max-snippet":"max-snippet:-1","max-image-preview":"max-image-preview:large","max-video-preview":"max-video-preview:-1"},"canonical":"https:\/\/dev.acls-aatc.ca\/fr\/publique\/","og_locale":"fr_FR","og_type":"article","og_title":"Public accueil - ACLS AATC","og_description":"L\u2019AATC \u00e9tablit et maintient les normes pour les qualifications des arpenteurs des terres du Canada (ATC), ainsi que les normes de conduite, les connaissances et les comp\u00e9tences des membres de l\u2019Association et leurs firmes. Elle poss\u00e8de un programme de perfectionnement professionnel continu destin\u00e9 au maintien et au renouvellement des connaissances des membres de l\u2019ATC, ainsi [&hellip;]","og_url":"https:\/\/dev.acls-aatc.ca\/fr\/publique\/","og_site_name":"ACLS AATC","article_modified_time":"2017-06-27T14:45:24+00:00","twitter_card":"summary","twitter_misc":{"Dur\u00e9e de lecture estim\u00e9e":"1 minute"},"schema":{"@context":"https:\/\/schema.org","@graph":[{"@type":"WebSite","@id":"https:\/\/dev.acls-aatc.ca\/#website","url":"https:\/\/dev.acls-aatc.ca\/","name":"ACLS AATC","description":"","potentialAction":[{"@type":"SearchAction","target":{"@type":"EntryPoint","urlTemplate":"https:\/\/dev.acls-aatc.ca\/?s={search_term_string}"},"query-input":"required name=search_term_string"}],"inLanguage":"fr-FR"},{"@type":"WebPage","@id":"https:\/\/dev.acls-aatc.ca\/fr\/publique\/#webpage","url":"https:\/\/dev.acls-aatc.ca\/fr\/publique\/","name":"Public accueil - ACLS AATC","isPartOf":{"@id":"https:\/\/dev.acls-aatc.ca\/#website"},"datePublished":"2017-05-30T14:56:22+00:00","dateModified":"2017-06-27T14:45:24+00:00","breadcrumb":{"@id":"https:\/\/dev.acls-aatc.ca\/fr\/publique\/#breadcrumb"},"inLanguage":"fr-FR","potentialAction":[{"@type":"ReadAction","target":["https:\/\/dev.acls-aatc.ca\/fr\/publique\/"]}]},{"@type":"BreadcrumbList","@id":"https:\/\/dev.acls-aatc.ca\/fr\/publique\/#breadcrumb","itemListElement":[{"@type":"ListItem","position":1,"name":"Home","item":"https:\/\/dev.acls-aatc.ca\/fr\/"},{"@type":"ListItem","position":2,"name":"Public accueil"}]}]}},"_links":{"self":[{"href":"https:\/\/dev.acls-aatc.ca\/fr\/wp-json\/wp\/v2\/pages\/503"}],"collection":[{"href":"https:\/\/dev.acls-aatc.ca\/fr\/wp-json\/wp\/v2\/pages"}],"about":[{"href":"https:\/\/dev.acls-aatc.ca\/fr\/wp-json\/wp\/v2\/types\/page"}],"author":[{"embeddable":true,"href":"https:\/\/dev.acls-aatc.ca\/fr\/wp-json\/wp\/v2\/users\/3"}],"replies":[{"embeddable":true,"href":"https:\/\/dev.acls-aatc.ca\/fr\/wp-json\/wp\/v2\/comments?post=503"}],"version-history":[{"count":7,"href":"https:\/\/dev.acls-aatc.ca\/fr\/wp-json\/wp\/v2\/pages\/503\/revisions"}],"predecessor-version":[{"id":1749,"href":"https:\/\/dev.acls-aatc.ca\/fr\/wp-json\/wp\/v2\/pages\/503\/revisions\/1749"}],"wp:attachment":[{"href":"https:\/\/dev.acls-aatc.ca\/fr\/wp-json\/wp\/v2\/media?parent=503"}],"curies":[{"name":"wp","href":"https:\/\/api.w.org\/{rel}","templated":true}]}}