{"id":499,"date":"2017-05-30T14:47:29","date_gmt":"2017-05-30T14:47:29","guid":{"rendered":"http:\/\/acls-aatc.tui.ninja\/?page_id=499"},"modified":"2017-05-30T14:47:29","modified_gmt":"2017-05-30T14:47:29","slug":"expertise-extracotier","status":"publish","type":"page","link":"https:\/\/dev.acls-aatc.ca\/fr\/expertise-extracotier\/","title":{"rendered":"Expertise extrac\u00f4tier"},"content":{"rendered":"<p>Parce que les zones extrac\u00f4ti\u00e8res composent la plus grande partie de sa juridiction, l\u2019AATC a su exercer son leadership dans la mise en \u0153uvre des initiatives suivantes :<\/p>\n<ul>\n<li>Promotion d\u2019un cadastre marin au Canada;<\/li>\n<li>Promotion du r\u00f4le des ATC dans la d\u00e9termination des limites extrac\u00f4ti\u00e8res selon la Convention des Nations unies sur le Droit de la Mer (CNUDM);<\/li>\n<li>Implantation du programme canadien de certification des hydrographes qui a \u00e9t\u00e9 officiellement agr\u00e9e par le Comit\u00e9 international FIG-OHI-ACI sur les normes de comp\u00e9tence pour les hydrographes et les sp\u00e9cialistes en cartographie marine (IBSC);<\/li>\n<li>Publication et promotion du livre intitul\u00e9: \u201cZone extrac\u00f4ti\u00e8re canadienne: juridiction, droits et gestion\u201d dans les deux langues officielles.<\/li>\n<\/ul>\n","protected":false},"excerpt":{"rendered":"<p>Parce que les zones extrac\u00f4ti\u00e8res composent la plus grande partie de sa juridiction, l\u2019AATC a su exercer son leadership dans la mise en \u0153uvre des initiatives suivantes : Promotion d\u2019un cadastre marin au Canada; Promotion du r\u00f4le des ATC dans la d\u00e9termination des limites extrac\u00f4ti\u00e8res selon la Convention des Nations unies sur le Droit de [&hellip;]<\/p>\n","protected":false},"author":3,"featured_media":0,"parent":0,"menu_order":0,"comment_status":"closed","ping_status":"closed","template":"","meta":[],"yoast_head":"<!-- This site is optimized with the Yoast SEO plugin v17.8 - https:\/\/yoast.com\/wordpress\/plugins\/seo\/ -->\n<meta name=\"robots\" content=\"index, follow, max-snippet:-1, max-image-preview:large, max-video-preview:-1\" \/>\n<link rel=\"canonical\" href=\"https:\/\/dev.acls-aatc.ca\/fr\/expertise-extracotier\/\" \/>\n<meta property=\"og:locale\" content=\"fr_FR\" \/>\n<meta property=\"og:type\" content=\"article\" \/>\n<meta property=\"og:title\" content=\"Expertise extrac\u00f4tier - ACLS AATC\" \/>\n<meta property=\"og:description\" content=\"Parce que les zones extrac\u00f4ti\u00e8res composent la plus grande partie de sa juridiction, l\u2019AATC a su exercer son leadership dans la mise en \u0153uvre des initiatives suivantes : Promotion d\u2019un cadastre marin au Canada; Promotion du r\u00f4le des ATC dans la d\u00e9termination des limites extrac\u00f4ti\u00e8res selon la Convention des Nations unies sur le Droit de [&hellip;]\" \/>\n<meta property=\"og:url\" content=\"https:\/\/dev.acls-aatc.ca\/fr\/expertise-extracotier\/\" \/>\n<meta property=\"og:site_name\" content=\"ACLS AATC\" \/>\n<meta name=\"twitter:card\" content=\"summary\" \/>\n<meta name=\"twitter:label1\" content=\"Dur\u00e9e de lecture estim\u00e9e\" \/>\n\t<meta name=\"twitter:data1\" content=\"1 minute\" \/>\n<script type=\"application\/ld+json\" class=\"yoast-schema-graph\">{\"@context\":\"https:\/\/schema.org\",\"@graph\":[{\"@type\":\"WebSite\",\"@id\":\"https:\/\/dev.acls-aatc.ca\/#website\",\"url\":\"https:\/\/dev.acls-aatc.ca\/\",\"name\":\"ACLS AATC\",\"description\":\"\",\"potentialAction\":[{\"@type\":\"SearchAction\",\"target\":{\"@type\":\"EntryPoint\",\"urlTemplate\":\"https:\/\/dev.acls-aatc.ca\/?s={search_term_string}\"},\"query-input\":\"required name=search_term_string\"}],\"inLanguage\":\"fr-FR\"},{\"@type\":\"WebPage\",\"@id\":\"https:\/\/dev.acls-aatc.ca\/fr\/expertise-extracotier\/#webpage\",\"url\":\"https:\/\/dev.acls-aatc.ca\/fr\/expertise-extracotier\/\",\"name\":\"Expertise extrac\\u00f4tier - ACLS AATC\",\"isPartOf\":{\"@id\":\"https:\/\/dev.acls-aatc.ca\/#website\"},\"datePublished\":\"2017-05-30T14:47:29+00:00\",\"dateModified\":\"2017-05-30T14:47:29+00:00\",\"breadcrumb\":{\"@id\":\"https:\/\/dev.acls-aatc.ca\/fr\/expertise-extracotier\/#breadcrumb\"},\"inLanguage\":\"fr-FR\",\"potentialAction\":[{\"@type\":\"ReadAction\",\"target\":[\"https:\/\/dev.acls-aatc.ca\/fr\/expertise-extracotier\/\"]}]},{\"@type\":\"BreadcrumbList\",\"@id\":\"https:\/\/dev.acls-aatc.ca\/fr\/expertise-extracotier\/#breadcrumb\",\"itemListElement\":[{\"@type\":\"ListItem\",\"position\":1,\"name\":\"Home\",\"item\":\"https:\/\/dev.acls-aatc.ca\/fr\/\"},{\"@type\":\"ListItem\",\"position\":2,\"name\":\"Expertise extrac\\u00f4tier\"}]}]}<\/script>\n<!-- \/ Yoast SEO plugin. -->","yoast_head_json":{"robots":{"index":"index","follow":"follow","max-snippet":"max-snippet:-1","max-image-preview":"max-image-preview:large","max-video-preview":"max-video-preview:-1"},"canonical":"https:\/\/dev.acls-aatc.ca\/fr\/expertise-extracotier\/","og_locale":"fr_FR","og_type":"article","og_title":"Expertise extrac\u00f4tier - ACLS AATC","og_description":"Parce que les zones extrac\u00f4ti\u00e8res composent la plus grande partie de sa juridiction, l\u2019AATC a su exercer son leadership dans la mise en \u0153uvre des initiatives suivantes : Promotion d\u2019un cadastre marin au Canada; Promotion du r\u00f4le des ATC dans la d\u00e9termination des limites extrac\u00f4ti\u00e8res selon la Convention des Nations unies sur le Droit de [&hellip;]","og_url":"https:\/\/dev.acls-aatc.ca\/fr\/expertise-extracotier\/","og_site_name":"ACLS AATC","twitter_card":"summary","twitter_misc":{"Dur\u00e9e de lecture estim\u00e9e":"1 minute"},"schema":{"@context":"https:\/\/schema.org","@graph":[{"@type":"WebSite","@id":"https:\/\/dev.acls-aatc.ca\/#website","url":"https:\/\/dev.acls-aatc.ca\/","name":"ACLS AATC","description":"","potentialAction":[{"@type":"SearchAction","target":{"@type":"EntryPoint","urlTemplate":"https:\/\/dev.acls-aatc.ca\/?s={search_term_string}"},"query-input":"required name=search_term_string"}],"inLanguage":"fr-FR"},{"@type":"WebPage","@id":"https:\/\/dev.acls-aatc.ca\/fr\/expertise-extracotier\/#webpage","url":"https:\/\/dev.acls-aatc.ca\/fr\/expertise-extracotier\/","name":"Expertise extrac\u00f4tier - ACLS AATC","isPartOf":{"@id":"https:\/\/dev.acls-aatc.ca\/#website"},"datePublished":"2017-05-30T14:47:29+00:00","dateModified":"2017-05-30T14:47:29+00:00","breadcrumb":{"@id":"https:\/\/dev.acls-aatc.ca\/fr\/expertise-extracotier\/#breadcrumb"},"inLanguage":"fr-FR","potentialAction":[{"@type":"ReadAction","target":["https:\/\/dev.acls-aatc.ca\/fr\/expertise-extracotier\/"]}]},{"@type":"BreadcrumbList","@id":"https:\/\/dev.acls-aatc.ca\/fr\/expertise-extracotier\/#breadcrumb","itemListElement":[{"@type":"ListItem","position":1,"name":"Home","item":"https:\/\/dev.acls-aatc.ca\/fr\/"},{"@type":"ListItem","position":2,"name":"Expertise extrac\u00f4tier"}]}]}},"_links":{"self":[{"href":"https:\/\/dev.acls-aatc.ca\/fr\/wp-json\/wp\/v2\/pages\/499"}],"collection":[{"href":"https:\/\/dev.acls-aatc.ca\/fr\/wp-json\/wp\/v2\/pages"}],"about":[{"href":"https:\/\/dev.acls-aatc.ca\/fr\/wp-json\/wp\/v2\/types\/page"}],"author":[{"embeddable":true,"href":"https:\/\/dev.acls-aatc.ca\/fr\/wp-json\/wp\/v2\/users\/3"}],"replies":[{"embeddable":true,"href":"https:\/\/dev.acls-aatc.ca\/fr\/wp-json\/wp\/v2\/comments?post=499"}],"version-history":[{"count":1,"href":"https:\/\/dev.acls-aatc.ca\/fr\/wp-json\/wp\/v2\/pages\/499\/revisions"}],"predecessor-version":[{"id":500,"href":"https:\/\/dev.acls-aatc.ca\/fr\/wp-json\/wp\/v2\/pages\/499\/revisions\/500"}],"wp:attachment":[{"href":"https:\/\/dev.acls-aatc.ca\/fr\/wp-json\/wp\/v2\/media?parent=499"}],"curies":[{"name":"wp","href":"https:\/\/api.w.org\/{rel}","templated":true}]}}