{"id":497,"date":"2017-05-30T14:46:10","date_gmt":"2017-05-30T14:46:10","guid":{"rendered":"http:\/\/acls-aatc.tui.ninja\/?page_id=497"},"modified":"2017-06-07T13:46:37","modified_gmt":"2017-06-07T13:46:37","slug":"permis","status":"publish","type":"page","link":"https:\/\/dev.acls-aatc.ca\/fr\/etudiants\/permis\/","title":{"rendered":"Permis"},"content":{"rendered":"<p>Avec un brevet de l\u2019A.T.C. en mains, le candidat doit r\u00e9pondre aux exigences suivantes afin d\u2019obtenir son permis de pratique :<\/p>\n<ul>\n<li>\u00catre un membre r\u00e9gulier de l\u2019AATC;<\/li>\n<li>a compl\u00e9t\u00e9 avec succ\u00e8s la p\u00e9riode de formation professionnelle conform\u00e9ment au Guide du candidat;<\/li>\n<li>a fourni un rapport de projet conform\u00e9ment aux exigences du rapport de projet du Guide du candidat qui a \u00e9t\u00e9 approuv\u00e9 par le Comit\u00e9 d\u2019examen;<\/li>\n<li>a fourni un affidavit conform\u00e9ment au R\u00e8glement sur les arpenteurs des terres du Canada;<\/li>\n<li>a envoy\u00e9 au registraire un formulaire demande d\u00fbment remplie d&#8217;un permis;<\/li>\n<li>a envoy\u00e9 une preuve de police d\u2019assurance responsabilit\u00e9 professionnelle pour une couverture d\u2019au moins $250 000 par \u00e9v\u00e9nement et $500 000 pour la totalit\u00e9 des \u00e9v\u00e8nements au cours d\u2019une p\u00e9riode de douze (12) mois ou preuve d\u2019exemption;<\/li>\n<li>et le paiement des frais.<\/li>\n<\/ul>\n<p>Les candidats qui sont autoris\u00e9s \u00e0 pratiquer l&#8217;arpentage cadastral dans une province canadienne sont exempt\u00e9s des deuxi\u00e8me et troisi\u00e8me exigences (p\u00e9riode de formation et rapport de projet) et doivent fournir l&#8217;affidavit (ou la d\u00e9claration statutaire) pour les personnes titulaires d&#8217;un brevet provincial (diff\u00e9rente de &#8220;Affidavit &amp; Exp\u00e9rience)&#8221;).<\/p>\n<p>Tous les formulaires sont disponible sur la page \u00ab\u00a0Formulaires\u00a0\u00bb.<\/p>\n","protected":false},"excerpt":{"rendered":"<p>Avec un brevet de l\u2019A.T.C. en mains, le candidat doit r\u00e9pondre aux exigences suivantes afin d\u2019obtenir son permis de pratique : \u00catre un membre r\u00e9gulier de l\u2019AATC; a compl\u00e9t\u00e9 avec succ\u00e8s la p\u00e9riode de formation professionnelle conform\u00e9ment au Guide du candidat; a fourni un rapport de projet conform\u00e9ment aux exigences du rapport de projet du [&hellip;]<\/p>\n","protected":false},"author":3,"featured_media":0,"parent":835,"menu_order":0,"comment_status":"closed","ping_status":"closed","template":"","meta":[],"yoast_head":"<!-- This site is optimized with the Yoast SEO plugin v17.8 - https:\/\/yoast.com\/wordpress\/plugins\/seo\/ -->\n<meta name=\"robots\" content=\"index, follow, max-snippet:-1, max-image-preview:large, max-video-preview:-1\" \/>\n<link rel=\"canonical\" href=\"https:\/\/dev.acls-aatc.ca\/fr\/etudiants\/permis\/\" \/>\n<meta property=\"og:locale\" content=\"fr_FR\" \/>\n<meta property=\"og:type\" content=\"article\" \/>\n<meta property=\"og:title\" content=\"Permis - ACLS AATC\" \/>\n<meta property=\"og:description\" content=\"Avec un brevet de l\u2019A.T.C. en mains, le candidat doit r\u00e9pondre aux exigences suivantes afin d\u2019obtenir son permis de pratique : \u00catre un membre r\u00e9gulier de l\u2019AATC; a compl\u00e9t\u00e9 avec succ\u00e8s la p\u00e9riode de formation professionnelle conform\u00e9ment au Guide du candidat; a fourni un rapport de projet conform\u00e9ment aux exigences du rapport de projet du [&hellip;]\" \/>\n<meta property=\"og:url\" content=\"https:\/\/dev.acls-aatc.ca\/fr\/etudiants\/permis\/\" \/>\n<meta property=\"og:site_name\" content=\"ACLS AATC\" \/>\n<meta property=\"article:modified_time\" content=\"2017-06-07T13:46:37+00:00\" \/>\n<meta name=\"twitter:card\" content=\"summary\" \/>\n<meta name=\"twitter:label1\" content=\"Dur\u00e9e de lecture estim\u00e9e\" \/>\n\t<meta name=\"twitter:data1\" content=\"1 minute\" \/>\n<script type=\"application\/ld+json\" class=\"yoast-schema-graph\">{\"@context\":\"https:\/\/schema.org\",\"@graph\":[{\"@type\":\"WebSite\",\"@id\":\"https:\/\/dev.acls-aatc.ca\/#website\",\"url\":\"https:\/\/dev.acls-aatc.ca\/\",\"name\":\"ACLS AATC\",\"description\":\"\",\"potentialAction\":[{\"@type\":\"SearchAction\",\"target\":{\"@type\":\"EntryPoint\",\"urlTemplate\":\"https:\/\/dev.acls-aatc.ca\/?s={search_term_string}\"},\"query-input\":\"required name=search_term_string\"}],\"inLanguage\":\"fr-FR\"},{\"@type\":\"WebPage\",\"@id\":\"https:\/\/dev.acls-aatc.ca\/fr\/etudiants\/permis\/#webpage\",\"url\":\"https:\/\/dev.acls-aatc.ca\/fr\/etudiants\/permis\/\",\"name\":\"Permis - ACLS AATC\",\"isPartOf\":{\"@id\":\"https:\/\/dev.acls-aatc.ca\/#website\"},\"datePublished\":\"2017-05-30T14:46:10+00:00\",\"dateModified\":\"2017-06-07T13:46:37+00:00\",\"breadcrumb\":{\"@id\":\"https:\/\/dev.acls-aatc.ca\/fr\/etudiants\/permis\/#breadcrumb\"},\"inLanguage\":\"fr-FR\",\"potentialAction\":[{\"@type\":\"ReadAction\",\"target\":[\"https:\/\/dev.acls-aatc.ca\/fr\/etudiants\/permis\/\"]}]},{\"@type\":\"BreadcrumbList\",\"@id\":\"https:\/\/dev.acls-aatc.ca\/fr\/etudiants\/permis\/#breadcrumb\",\"itemListElement\":[{\"@type\":\"ListItem\",\"position\":1,\"name\":\"Home\",\"item\":\"https:\/\/dev.acls-aatc.ca\/fr\/\"},{\"@type\":\"ListItem\",\"position\":2,\"name\":\"\\u00c9tudiants acceuil\",\"item\":\"https:\/\/dev.acls-aatc.ca\/fr\/etudiants\/\"},{\"@type\":\"ListItem\",\"position\":3,\"name\":\"Permis\"}]}]}<\/script>\n<!-- \/ Yoast SEO plugin. -->","yoast_head_json":{"robots":{"index":"index","follow":"follow","max-snippet":"max-snippet:-1","max-image-preview":"max-image-preview:large","max-video-preview":"max-video-preview:-1"},"canonical":"https:\/\/dev.acls-aatc.ca\/fr\/etudiants\/permis\/","og_locale":"fr_FR","og_type":"article","og_title":"Permis - ACLS AATC","og_description":"Avec un brevet de l\u2019A.T.C. en mains, le candidat doit r\u00e9pondre aux exigences suivantes afin d\u2019obtenir son permis de pratique : \u00catre un membre r\u00e9gulier de l\u2019AATC; a compl\u00e9t\u00e9 avec succ\u00e8s la p\u00e9riode de formation professionnelle conform\u00e9ment au Guide du candidat; a fourni un rapport de projet conform\u00e9ment aux exigences du rapport de projet du [&hellip;]","og_url":"https:\/\/dev.acls-aatc.ca\/fr\/etudiants\/permis\/","og_site_name":"ACLS AATC","article_modified_time":"2017-06-07T13:46:37+00:00","twitter_card":"summary","twitter_misc":{"Dur\u00e9e de lecture estim\u00e9e":"1 minute"},"schema":{"@context":"https:\/\/schema.org","@graph":[{"@type":"WebSite","@id":"https:\/\/dev.acls-aatc.ca\/#website","url":"https:\/\/dev.acls-aatc.ca\/","name":"ACLS AATC","description":"","potentialAction":[{"@type":"SearchAction","target":{"@type":"EntryPoint","urlTemplate":"https:\/\/dev.acls-aatc.ca\/?s={search_term_string}"},"query-input":"required name=search_term_string"}],"inLanguage":"fr-FR"},{"@type":"WebPage","@id":"https:\/\/dev.acls-aatc.ca\/fr\/etudiants\/permis\/#webpage","url":"https:\/\/dev.acls-aatc.ca\/fr\/etudiants\/permis\/","name":"Permis - ACLS AATC","isPartOf":{"@id":"https:\/\/dev.acls-aatc.ca\/#website"},"datePublished":"2017-05-30T14:46:10+00:00","dateModified":"2017-06-07T13:46:37+00:00","breadcrumb":{"@id":"https:\/\/dev.acls-aatc.ca\/fr\/etudiants\/permis\/#breadcrumb"},"inLanguage":"fr-FR","potentialAction":[{"@type":"ReadAction","target":["https:\/\/dev.acls-aatc.ca\/fr\/etudiants\/permis\/"]}]},{"@type":"BreadcrumbList","@id":"https:\/\/dev.acls-aatc.ca\/fr\/etudiants\/permis\/#breadcrumb","itemListElement":[{"@type":"ListItem","position":1,"name":"Home","item":"https:\/\/dev.acls-aatc.ca\/fr\/"},{"@type":"ListItem","position":2,"name":"\u00c9tudiants acceuil","item":"https:\/\/dev.acls-aatc.ca\/fr\/etudiants\/"},{"@type":"ListItem","position":3,"name":"Permis"}]}]}},"_links":{"self":[{"href":"https:\/\/dev.acls-aatc.ca\/fr\/wp-json\/wp\/v2\/pages\/497"}],"collection":[{"href":"https:\/\/dev.acls-aatc.ca\/fr\/wp-json\/wp\/v2\/pages"}],"about":[{"href":"https:\/\/dev.acls-aatc.ca\/fr\/wp-json\/wp\/v2\/types\/page"}],"author":[{"embeddable":true,"href":"https:\/\/dev.acls-aatc.ca\/fr\/wp-json\/wp\/v2\/users\/3"}],"replies":[{"embeddable":true,"href":"https:\/\/dev.acls-aatc.ca\/fr\/wp-json\/wp\/v2\/comments?post=497"}],"version-history":[{"count":2,"href":"https:\/\/dev.acls-aatc.ca\/fr\/wp-json\/wp\/v2\/pages\/497\/revisions"}],"predecessor-version":[{"id":1040,"href":"https:\/\/dev.acls-aatc.ca\/fr\/wp-json\/wp\/v2\/pages\/497\/revisions\/1040"}],"up":[{"embeddable":true,"href":"https:\/\/dev.acls-aatc.ca\/fr\/wp-json\/wp\/v2\/pages\/835"}],"wp:attachment":[{"href":"https:\/\/dev.acls-aatc.ca\/fr\/wp-json\/wp\/v2\/media?parent=497"}],"curies":[{"name":"wp","href":"https:\/\/api.w.org\/{rel}","templated":true}]}}