{"id":490,"date":"2017-05-30T14:41:09","date_gmt":"2017-05-30T14:41:09","guid":{"rendered":"http:\/\/acls-aatc.tui.ninja\/?page_id=490"},"modified":"2021-05-05T13:12:36","modified_gmt":"2021-05-05T13:12:36","slug":"devenir-un-candidat","status":"publish","type":"page","link":"https:\/\/dev.acls-aatc.ca\/fr\/etudiants\/devenir-un-candidat\/","title":{"rendered":"Devenir un candidat"},"content":{"rendered":"<p>Seules les personnes qui d\u00e9tiennent un brevet d\u2019arpenteur des terres du Canada et d\u00e9tenant un\u00a0 permis de pratique de l\u2019Association sont autoris\u00e9s \u00e0 effectuer de l&#8217;arpentage foncier sur des terres du Canada et des terres priv\u00e9es dans les Territoires. Alors la premi\u00e8re \u00e9tape est d\u2019obtenir le brevet d\u2019a.t.C.<\/p>\n<p>Le processus d&#8217;obtention d&#8217;un brevet d\u2019ATC commence par \u00eatre accept\u00e9 comme candidat. Si vous rencontrez un ou plusieurs des conditions suivantes, vous pouvez appliquer directement \u00e0 l&#8217;AATC pour devenir un candidat:<\/p>\n<ul>\n<li>Si vous d\u00e9tenez un permis ou un brevet d\u2019arpenteur-g\u00e9om\u00e8tre dans une province canadienne, ou \u00eates sur le point de l\u2019obtenir; ou,<\/li>\n<li>Si vous d\u00e9tenez un certificat d&#8217;ach\u00e8vement du Conseil canadien des examinateurs pour les arpenteurs-g\u00e9om\u00e8tres (CCEAG).<\/li>\n<\/ul>\n<p>Si vous ne remplissez pas les crit\u00e8res ci-dessus, vous devez d&#8217;abord obtenir un certificat d&#8217;ach\u00e8vement du CCEAG. Pour faire une demande au CCEAG, <a href=\"https:\/\/cbeps-cceag.ca\/landing\/\" rel=\"attachment wp-att-1949\">cliquez ici<\/a>.<\/p>\n<p>Le formulaire de demande est disponible \u00e0 la page \u00ab\u00a0formulaires\u00a0\u00bb.<\/p>\n<p>Si vous \u00eates un arpenteur-g\u00e9om\u00e8tre dans une province, demandez \u00e0 votre ordre professionnel d\u2019envoyer un certificat de bonne conduite directement au registraire.<\/p>\n<p>Si vous ne d\u00e9tenez pas un brevet et avez en votre possession un certificat d\u2019ach\u00e8vement du CCEAG, indiquer le num\u00e9ro du certificat sur le formulaire de demande.<\/p>\n<p>Le \u00ab\u00a0Guide du candidat\u00a0\u00bb qui contient des informations d\u00e9taill\u00e9es sur le processus est disponible \u00e0 partir de la page \u00ab\u00a0Examens\u00a0\u00bb.<\/p>\n","protected":false},"excerpt":{"rendered":"<p>Seules les personnes qui d\u00e9tiennent un brevet d\u2019arpenteur des terres du Canada et d\u00e9tenant un\u00a0 permis de pratique de l\u2019Association sont autoris\u00e9s \u00e0 effectuer de l&#8217;arpentage foncier sur des terres du Canada et des terres priv\u00e9es dans les Territoires. Alors la premi\u00e8re \u00e9tape est d\u2019obtenir le brevet d\u2019a.t.C. Le processus d&#8217;obtention d&#8217;un brevet d\u2019ATC commence [&hellip;]<\/p>\n","protected":false},"author":3,"featured_media":0,"parent":835,"menu_order":0,"comment_status":"closed","ping_status":"closed","template":"","meta":[],"yoast_head":"<!-- This site is optimized with the Yoast SEO plugin v17.8 - https:\/\/yoast.com\/wordpress\/plugins\/seo\/ -->\n<meta name=\"robots\" content=\"index, follow, max-snippet:-1, max-image-preview:large, max-video-preview:-1\" \/>\n<link rel=\"canonical\" href=\"https:\/\/dev.acls-aatc.ca\/fr\/etudiants\/devenir-un-candidat\/\" \/>\n<meta property=\"og:locale\" content=\"fr_FR\" \/>\n<meta property=\"og:type\" content=\"article\" \/>\n<meta property=\"og:title\" content=\"Devenir un candidat - ACLS AATC\" \/>\n<meta property=\"og:description\" content=\"Seules les personnes qui d\u00e9tiennent un brevet d\u2019arpenteur des terres du Canada et d\u00e9tenant un\u00a0 permis de pratique de l\u2019Association sont autoris\u00e9s \u00e0 effectuer de l&#8217;arpentage foncier sur des terres du Canada et des terres priv\u00e9es dans les Territoires. Alors la premi\u00e8re \u00e9tape est d\u2019obtenir le brevet d\u2019a.t.C. Le processus d&#8217;obtention d&#8217;un brevet d\u2019ATC commence [&hellip;]\" \/>\n<meta property=\"og:url\" content=\"https:\/\/dev.acls-aatc.ca\/fr\/etudiants\/devenir-un-candidat\/\" \/>\n<meta property=\"og:site_name\" content=\"ACLS AATC\" \/>\n<meta property=\"article:modified_time\" content=\"2021-05-05T13:12:36+00:00\" \/>\n<meta name=\"twitter:card\" content=\"summary\" \/>\n<meta name=\"twitter:label1\" content=\"Dur\u00e9e de lecture estim\u00e9e\" \/>\n\t<meta name=\"twitter:data1\" content=\"1 minute\" \/>\n<script type=\"application\/ld+json\" class=\"yoast-schema-graph\">{\"@context\":\"https:\/\/schema.org\",\"@graph\":[{\"@type\":\"WebSite\",\"@id\":\"https:\/\/dev.acls-aatc.ca\/#website\",\"url\":\"https:\/\/dev.acls-aatc.ca\/\",\"name\":\"ACLS AATC\",\"description\":\"\",\"potentialAction\":[{\"@type\":\"SearchAction\",\"target\":{\"@type\":\"EntryPoint\",\"urlTemplate\":\"https:\/\/dev.acls-aatc.ca\/?s={search_term_string}\"},\"query-input\":\"required name=search_term_string\"}],\"inLanguage\":\"fr-FR\"},{\"@type\":\"WebPage\",\"@id\":\"https:\/\/dev.acls-aatc.ca\/fr\/etudiants\/devenir-un-candidat\/#webpage\",\"url\":\"https:\/\/dev.acls-aatc.ca\/fr\/etudiants\/devenir-un-candidat\/\",\"name\":\"Devenir un candidat - ACLS AATC\",\"isPartOf\":{\"@id\":\"https:\/\/dev.acls-aatc.ca\/#website\"},\"datePublished\":\"2017-05-30T14:41:09+00:00\",\"dateModified\":\"2021-05-05T13:12:36+00:00\",\"breadcrumb\":{\"@id\":\"https:\/\/dev.acls-aatc.ca\/fr\/etudiants\/devenir-un-candidat\/#breadcrumb\"},\"inLanguage\":\"fr-FR\",\"potentialAction\":[{\"@type\":\"ReadAction\",\"target\":[\"https:\/\/dev.acls-aatc.ca\/fr\/etudiants\/devenir-un-candidat\/\"]}]},{\"@type\":\"BreadcrumbList\",\"@id\":\"https:\/\/dev.acls-aatc.ca\/fr\/etudiants\/devenir-un-candidat\/#breadcrumb\",\"itemListElement\":[{\"@type\":\"ListItem\",\"position\":1,\"name\":\"Home\",\"item\":\"https:\/\/dev.acls-aatc.ca\/fr\/\"},{\"@type\":\"ListItem\",\"position\":2,\"name\":\"\\u00c9tudiants acceuil\",\"item\":\"https:\/\/dev.acls-aatc.ca\/fr\/etudiants\/\"},{\"@type\":\"ListItem\",\"position\":3,\"name\":\"Devenir un candidat\"}]}]}<\/script>\n<!-- \/ Yoast SEO plugin. -->","yoast_head_json":{"robots":{"index":"index","follow":"follow","max-snippet":"max-snippet:-1","max-image-preview":"max-image-preview:large","max-video-preview":"max-video-preview:-1"},"canonical":"https:\/\/dev.acls-aatc.ca\/fr\/etudiants\/devenir-un-candidat\/","og_locale":"fr_FR","og_type":"article","og_title":"Devenir un candidat - ACLS AATC","og_description":"Seules les personnes qui d\u00e9tiennent un brevet d\u2019arpenteur des terres du Canada et d\u00e9tenant un\u00a0 permis de pratique de l\u2019Association sont autoris\u00e9s \u00e0 effectuer de l&#8217;arpentage foncier sur des terres du Canada et des terres priv\u00e9es dans les Territoires. Alors la premi\u00e8re \u00e9tape est d\u2019obtenir le brevet d\u2019a.t.C. Le processus d&#8217;obtention d&#8217;un brevet d\u2019ATC commence [&hellip;]","og_url":"https:\/\/dev.acls-aatc.ca\/fr\/etudiants\/devenir-un-candidat\/","og_site_name":"ACLS AATC","article_modified_time":"2021-05-05T13:12:36+00:00","twitter_card":"summary","twitter_misc":{"Dur\u00e9e de lecture estim\u00e9e":"1 minute"},"schema":{"@context":"https:\/\/schema.org","@graph":[{"@type":"WebSite","@id":"https:\/\/dev.acls-aatc.ca\/#website","url":"https:\/\/dev.acls-aatc.ca\/","name":"ACLS AATC","description":"","potentialAction":[{"@type":"SearchAction","target":{"@type":"EntryPoint","urlTemplate":"https:\/\/dev.acls-aatc.ca\/?s={search_term_string}"},"query-input":"required name=search_term_string"}],"inLanguage":"fr-FR"},{"@type":"WebPage","@id":"https:\/\/dev.acls-aatc.ca\/fr\/etudiants\/devenir-un-candidat\/#webpage","url":"https:\/\/dev.acls-aatc.ca\/fr\/etudiants\/devenir-un-candidat\/","name":"Devenir un candidat - ACLS AATC","isPartOf":{"@id":"https:\/\/dev.acls-aatc.ca\/#website"},"datePublished":"2017-05-30T14:41:09+00:00","dateModified":"2021-05-05T13:12:36+00:00","breadcrumb":{"@id":"https:\/\/dev.acls-aatc.ca\/fr\/etudiants\/devenir-un-candidat\/#breadcrumb"},"inLanguage":"fr-FR","potentialAction":[{"@type":"ReadAction","target":["https:\/\/dev.acls-aatc.ca\/fr\/etudiants\/devenir-un-candidat\/"]}]},{"@type":"BreadcrumbList","@id":"https:\/\/dev.acls-aatc.ca\/fr\/etudiants\/devenir-un-candidat\/#breadcrumb","itemListElement":[{"@type":"ListItem","position":1,"name":"Home","item":"https:\/\/dev.acls-aatc.ca\/fr\/"},{"@type":"ListItem","position":2,"name":"\u00c9tudiants acceuil","item":"https:\/\/dev.acls-aatc.ca\/fr\/etudiants\/"},{"@type":"ListItem","position":3,"name":"Devenir un candidat"}]}]}},"_links":{"self":[{"href":"https:\/\/dev.acls-aatc.ca\/fr\/wp-json\/wp\/v2\/pages\/490"}],"collection":[{"href":"https:\/\/dev.acls-aatc.ca\/fr\/wp-json\/wp\/v2\/pages"}],"about":[{"href":"https:\/\/dev.acls-aatc.ca\/fr\/wp-json\/wp\/v2\/types\/page"}],"author":[{"embeddable":true,"href":"https:\/\/dev.acls-aatc.ca\/fr\/wp-json\/wp\/v2\/users\/3"}],"replies":[{"embeddable":true,"href":"https:\/\/dev.acls-aatc.ca\/fr\/wp-json\/wp\/v2\/comments?post=490"}],"version-history":[{"count":4,"href":"https:\/\/dev.acls-aatc.ca\/fr\/wp-json\/wp\/v2\/pages\/490\/revisions"}],"predecessor-version":[{"id":9952,"href":"https:\/\/dev.acls-aatc.ca\/fr\/wp-json\/wp\/v2\/pages\/490\/revisions\/9952"}],"up":[{"embeddable":true,"href":"https:\/\/dev.acls-aatc.ca\/fr\/wp-json\/wp\/v2\/pages\/835"}],"wp:attachment":[{"href":"https:\/\/dev.acls-aatc.ca\/fr\/wp-json\/wp\/v2\/media?parent=490"}],"curies":[{"name":"wp","href":"https:\/\/api.w.org\/{rel}","templated":true}]}}