{"id":421,"date":"2017-05-26T20:44:26","date_gmt":"2017-05-26T20:44:26","guid":{"rendered":"http:\/\/acls-aatc.tui.ninja\/?page_id=421"},"modified":"2017-08-28T10:24:55","modified_gmt":"2017-08-28T14:24:55","slug":"liens-et-ressources","status":"publish","type":"page","link":"https:\/\/dev.acls-aatc.ca\/fr\/expertise-autochtone\/liens-et-ressources\/","title":{"rendered":"Liens et ressources"},"content":{"rendered":"<p class=\"lead\">Ci-dessous, vous trouverez de nombreux liens et ressources utiles<\/p>\n<h3>Liens<\/h3>\n<p><a href=\"http:\/\/www.ainc-inac.gc.ca\">Minist\u00e8res des affaires autochtones et du Nord Canada<\/a><\/p>\n<p><a href=\"http:\/\/www.afn.ca\/\">Assembl\u00e9e des Premi\u00e8res Nations<\/a><\/p>\n<p><a href=\"http:\/\/www.nalma.ca\/\">Association nationale des gestionnaires des terres autochtones <\/a><\/p>\n<p><a href=\"https:\/\/labrc.com\/fr\/accueil\/\">Centre de ressources sur la gestion des terres des Premi\u00e8res Nations<\/a><\/p>\n<p title=\"\u00c0 propos de l\u2019arpentage sur les terres des r\u00e9serves des Premi\u00e8res nations\"><a href=\"https:\/\/dev.acls-aatc.ca\/fr\/expertise-autochtone\/a-propos-de-larpentage-sur-les-terres-des-reserves-des-premieres-nations\/\">\u00c0 propos de l\u2019arpentage sur les terres des r\u00e9serves des Premi\u00e8res nations<\/a><\/p>\n<h3>Ressources<\/h3>\n<p id=\"tw-target-text\" class=\"tw-data-text tw-ta tw-text-small\" data-placeholder=\"Translation\"><a href=\"https:\/\/www.acls-aatc.ca\/files\/english\/aboriginal\/Aboriginal%20Programs%20in%20Canadian%20Colleges.pdf\"><span lang=\"fr\">Programmes autochtones li\u00e9s \u00e0 l&#8217;arpentage dans les coll\u00e8ges Canadiens (ang)<\/span><\/a><\/p>\n<p id=\"tw-target-text\" class=\"tw-data-text tw-ta tw-text-medium\" data-placeholder=\"Translation\"><span lang=\"fr\"><a href=\"https:\/\/dev.acls-aatc.ca\/fr\/expertise-autochtone\/liens-et-ressources\/property-rights-2010-31\/\" rel=\"attachment wp-att-1847\">Droits de propri\u00e9t\u00e9 sur les terres autochtones (ang)<\/a><\/span><\/p>\n<p><a href=\"https:\/\/www.acls-aatc.ca\/policy-2017-1-jurisdictional-boundaries-doc\/\">Politique de gestion de la DAG 2017-1: Limites administratives<\/a><\/p>\n<p><a href=\"https:\/\/dev.acls-aatc.ca\/fr\/expertise-autochtone\/a-propos-de-larpentage-sur-les-terres-des-reserves-des-premieres-nations\/question-6_how-can-we-learn-more-2\/\" rel=\"attachment wp-att-590\">Comment en apprendre d&#8217;avantage \u00e0 propos de l&#8217;arpentage sur les terres des r\u00e9serves des Premi\u00e8res nations? (ang)<\/a><\/p>\n","protected":false},"excerpt":{"rendered":"<p>Ci-dessous, vous trouverez de nombreux liens et ressources utiles Liens Minist\u00e8res des affaires autochtones et du Nord Canada Assembl\u00e9e des Premi\u00e8res Nations Association nationale des gestionnaires des terres autochtones Centre de ressources sur la gestion des terres des Premi\u00e8res Nations \u00c0 propos de l\u2019arpentage sur les terres des r\u00e9serves des Premi\u00e8res nations Ressources Programmes autochtones [&hellip;]<\/p>\n","protected":false},"author":3,"featured_media":0,"parent":1830,"menu_order":0,"comment_status":"closed","ping_status":"closed","template":"","meta":[],"yoast_head":"<!-- This site is optimized with the Yoast SEO plugin v17.8 - https:\/\/yoast.com\/wordpress\/plugins\/seo\/ -->\n<meta name=\"robots\" content=\"index, follow, max-snippet:-1, max-image-preview:large, max-video-preview:-1\" \/>\n<link rel=\"canonical\" href=\"https:\/\/dev.acls-aatc.ca\/fr\/expertise-autochtone\/liens-et-ressources\/\" \/>\n<meta property=\"og:locale\" content=\"fr_FR\" \/>\n<meta property=\"og:type\" content=\"article\" \/>\n<meta property=\"og:title\" content=\"Liens et ressources - ACLS AATC\" \/>\n<meta property=\"og:description\" content=\"Ci-dessous, vous trouverez de nombreux liens et ressources utiles Liens Minist\u00e8res des affaires autochtones et du Nord Canada Assembl\u00e9e des Premi\u00e8res Nations Association nationale des gestionnaires des terres autochtones Centre de ressources sur la gestion des terres des Premi\u00e8res Nations \u00c0 propos de l\u2019arpentage sur les terres des r\u00e9serves des Premi\u00e8res nations Ressources Programmes autochtones [&hellip;]\" \/>\n<meta property=\"og:url\" content=\"https:\/\/dev.acls-aatc.ca\/fr\/expertise-autochtone\/liens-et-ressources\/\" \/>\n<meta property=\"og:site_name\" content=\"ACLS AATC\" \/>\n<meta property=\"article:modified_time\" content=\"2017-08-28T14:24:55+00:00\" \/>\n<meta name=\"twitter:card\" content=\"summary\" \/>\n<meta name=\"twitter:label1\" content=\"Dur\u00e9e de lecture estim\u00e9e\" \/>\n\t<meta name=\"twitter:data1\" content=\"1 minute\" \/>\n<script type=\"application\/ld+json\" class=\"yoast-schema-graph\">{\"@context\":\"https:\/\/schema.org\",\"@graph\":[{\"@type\":\"WebSite\",\"@id\":\"https:\/\/dev.acls-aatc.ca\/#website\",\"url\":\"https:\/\/dev.acls-aatc.ca\/\",\"name\":\"ACLS AATC\",\"description\":\"\",\"potentialAction\":[{\"@type\":\"SearchAction\",\"target\":{\"@type\":\"EntryPoint\",\"urlTemplate\":\"https:\/\/dev.acls-aatc.ca\/?s={search_term_string}\"},\"query-input\":\"required name=search_term_string\"}],\"inLanguage\":\"fr-FR\"},{\"@type\":\"WebPage\",\"@id\":\"https:\/\/dev.acls-aatc.ca\/fr\/expertise-autochtone\/liens-et-ressources\/#webpage\",\"url\":\"https:\/\/dev.acls-aatc.ca\/fr\/expertise-autochtone\/liens-et-ressources\/\",\"name\":\"Liens et ressources - ACLS AATC\",\"isPartOf\":{\"@id\":\"https:\/\/dev.acls-aatc.ca\/#website\"},\"datePublished\":\"2017-05-26T20:44:26+00:00\",\"dateModified\":\"2017-08-28T14:24:55+00:00\",\"breadcrumb\":{\"@id\":\"https:\/\/dev.acls-aatc.ca\/fr\/expertise-autochtone\/liens-et-ressources\/#breadcrumb\"},\"inLanguage\":\"fr-FR\",\"potentialAction\":[{\"@type\":\"ReadAction\",\"target\":[\"https:\/\/dev.acls-aatc.ca\/fr\/expertise-autochtone\/liens-et-ressources\/\"]}]},{\"@type\":\"BreadcrumbList\",\"@id\":\"https:\/\/dev.acls-aatc.ca\/fr\/expertise-autochtone\/liens-et-ressources\/#breadcrumb\",\"itemListElement\":[{\"@type\":\"ListItem\",\"position\":1,\"name\":\"Home\",\"item\":\"https:\/\/dev.acls-aatc.ca\/fr\/\"},{\"@type\":\"ListItem\",\"position\":2,\"name\":\"Expertise autochtone\",\"item\":\"https:\/\/dev.acls-aatc.ca\/fr\/expertise-autochtone\/\"},{\"@type\":\"ListItem\",\"position\":3,\"name\":\"Liens et ressources\"}]}]}<\/script>\n<!-- \/ Yoast SEO plugin. -->","yoast_head_json":{"robots":{"index":"index","follow":"follow","max-snippet":"max-snippet:-1","max-image-preview":"max-image-preview:large","max-video-preview":"max-video-preview:-1"},"canonical":"https:\/\/dev.acls-aatc.ca\/fr\/expertise-autochtone\/liens-et-ressources\/","og_locale":"fr_FR","og_type":"article","og_title":"Liens et ressources - ACLS AATC","og_description":"Ci-dessous, vous trouverez de nombreux liens et ressources utiles Liens Minist\u00e8res des affaires autochtones et du Nord Canada Assembl\u00e9e des Premi\u00e8res Nations Association nationale des gestionnaires des terres autochtones Centre de ressources sur la gestion des terres des Premi\u00e8res Nations \u00c0 propos de l\u2019arpentage sur les terres des r\u00e9serves des Premi\u00e8res nations Ressources Programmes autochtones [&hellip;]","og_url":"https:\/\/dev.acls-aatc.ca\/fr\/expertise-autochtone\/liens-et-ressources\/","og_site_name":"ACLS AATC","article_modified_time":"2017-08-28T14:24:55+00:00","twitter_card":"summary","twitter_misc":{"Dur\u00e9e de lecture estim\u00e9e":"1 minute"},"schema":{"@context":"https:\/\/schema.org","@graph":[{"@type":"WebSite","@id":"https:\/\/dev.acls-aatc.ca\/#website","url":"https:\/\/dev.acls-aatc.ca\/","name":"ACLS AATC","description":"","potentialAction":[{"@type":"SearchAction","target":{"@type":"EntryPoint","urlTemplate":"https:\/\/dev.acls-aatc.ca\/?s={search_term_string}"},"query-input":"required name=search_term_string"}],"inLanguage":"fr-FR"},{"@type":"WebPage","@id":"https:\/\/dev.acls-aatc.ca\/fr\/expertise-autochtone\/liens-et-ressources\/#webpage","url":"https:\/\/dev.acls-aatc.ca\/fr\/expertise-autochtone\/liens-et-ressources\/","name":"Liens et ressources - ACLS AATC","isPartOf":{"@id":"https:\/\/dev.acls-aatc.ca\/#website"},"datePublished":"2017-05-26T20:44:26+00:00","dateModified":"2017-08-28T14:24:55+00:00","breadcrumb":{"@id":"https:\/\/dev.acls-aatc.ca\/fr\/expertise-autochtone\/liens-et-ressources\/#breadcrumb"},"inLanguage":"fr-FR","potentialAction":[{"@type":"ReadAction","target":["https:\/\/dev.acls-aatc.ca\/fr\/expertise-autochtone\/liens-et-ressources\/"]}]},{"@type":"BreadcrumbList","@id":"https:\/\/dev.acls-aatc.ca\/fr\/expertise-autochtone\/liens-et-ressources\/#breadcrumb","itemListElement":[{"@type":"ListItem","position":1,"name":"Home","item":"https:\/\/dev.acls-aatc.ca\/fr\/"},{"@type":"ListItem","position":2,"name":"Expertise autochtone","item":"https:\/\/dev.acls-aatc.ca\/fr\/expertise-autochtone\/"},{"@type":"ListItem","position":3,"name":"Liens et ressources"}]}]}},"_links":{"self":[{"href":"https:\/\/dev.acls-aatc.ca\/fr\/wp-json\/wp\/v2\/pages\/421"}],"collection":[{"href":"https:\/\/dev.acls-aatc.ca\/fr\/wp-json\/wp\/v2\/pages"}],"about":[{"href":"https:\/\/dev.acls-aatc.ca\/fr\/wp-json\/wp\/v2\/types\/page"}],"author":[{"embeddable":true,"href":"https:\/\/dev.acls-aatc.ca\/fr\/wp-json\/wp\/v2\/users\/3"}],"replies":[{"embeddable":true,"href":"https:\/\/dev.acls-aatc.ca\/fr\/wp-json\/wp\/v2\/comments?post=421"}],"version-history":[{"count":13,"href":"https:\/\/dev.acls-aatc.ca\/fr\/wp-json\/wp\/v2\/pages\/421\/revisions"}],"predecessor-version":[{"id":2071,"href":"https:\/\/dev.acls-aatc.ca\/fr\/wp-json\/wp\/v2\/pages\/421\/revisions\/2071"}],"up":[{"embeddable":true,"href":"https:\/\/dev.acls-aatc.ca\/fr\/wp-json\/wp\/v2\/pages\/1830"}],"wp:attachment":[{"href":"https:\/\/dev.acls-aatc.ca\/fr\/wp-json\/wp\/v2\/media?parent=421"}],"curies":[{"name":"wp","href":"https:\/\/api.w.org\/{rel}","templated":true}]}}