{"id":409,"date":"2017-05-26T20:14:39","date_gmt":"2017-05-26T20:14:39","guid":{"rendered":"http:\/\/acls-aatc.tui.ninja\/?page_id=409"},"modified":"2019-07-17T15:07:24","modified_gmt":"2019-07-17T19:07:24","slug":"historique","status":"publish","type":"page","link":"https:\/\/dev.acls-aatc.ca\/fr\/a-propos-de-laatc\/historique\/","title":{"rendered":"Historique"},"content":{"rendered":"<h5 class=\"lead\"><span style=\"color: #000000;\">L\u2019Association s\u2019est incorpor\u00e9e le 24 mai 1985 et est devenue un organisme de d\u00e9livrance des permis le 18 mars 1999, \u00e0 l\u2019entr\u00e9e en vigueur de Loi sur les arpenteurs des terres du Canada.<\/span> <a href=\"https:\/\/dev.acls-aatc.ca\/fr\/a-propos-de-laatc\/historique\/histoire-2\/\" rel=\"attachment wp-att-653\">Cliquez ici<\/a> <span style=\"color: #000000;\">pour acc\u00e9der \u00e0 l\u2019historique d\u00e9taill\u00e9 de l\u2019AATC.<\/span><\/h5>\n","protected":false},"excerpt":{"rendered":"<p>L\u2019Association s\u2019est incorpor\u00e9e le 24 mai 1985 et est devenue un organisme de d\u00e9livrance des permis le 18 mars 1999, \u00e0 l\u2019entr\u00e9e en vigueur de Loi sur les arpenteurs des terres du Canada. Cliquez ici pour acc\u00e9der \u00e0 l\u2019historique d\u00e9taill\u00e9 de l\u2019AATC.<\/p>\n","protected":false},"author":3,"featured_media":0,"parent":384,"menu_order":0,"comment_status":"closed","ping_status":"closed","template":"","meta":[],"yoast_head":"<!-- This site is optimized with the Yoast SEO plugin v17.8 - https:\/\/yoast.com\/wordpress\/plugins\/seo\/ -->\n<meta name=\"robots\" content=\"index, follow, max-snippet:-1, max-image-preview:large, max-video-preview:-1\" \/>\n<link rel=\"canonical\" href=\"https:\/\/dev.acls-aatc.ca\/fr\/a-propos-de-laatc\/historique\/\" \/>\n<meta property=\"og:locale\" content=\"fr_FR\" \/>\n<meta property=\"og:type\" content=\"article\" \/>\n<meta property=\"og:title\" content=\"Historique - ACLS AATC\" \/>\n<meta property=\"og:description\" content=\"L\u2019Association s\u2019est incorpor\u00e9e le 24 mai 1985 et est devenue un organisme de d\u00e9livrance des permis le 18 mars 1999, \u00e0 l\u2019entr\u00e9e en vigueur de Loi sur les arpenteurs des terres du Canada. Cliquez ici pour acc\u00e9der \u00e0 l\u2019historique d\u00e9taill\u00e9 de l\u2019AATC.\" \/>\n<meta property=\"og:url\" content=\"https:\/\/dev.acls-aatc.ca\/fr\/a-propos-de-laatc\/historique\/\" \/>\n<meta property=\"og:site_name\" content=\"ACLS AATC\" \/>\n<meta property=\"article:modified_time\" content=\"2019-07-17T19:07:24+00:00\" \/>\n<meta name=\"twitter:card\" content=\"summary\" \/>\n<script type=\"application\/ld+json\" class=\"yoast-schema-graph\">{\"@context\":\"https:\/\/schema.org\",\"@graph\":[{\"@type\":\"WebSite\",\"@id\":\"https:\/\/dev.acls-aatc.ca\/#website\",\"url\":\"https:\/\/dev.acls-aatc.ca\/\",\"name\":\"ACLS AATC\",\"description\":\"\",\"potentialAction\":[{\"@type\":\"SearchAction\",\"target\":{\"@type\":\"EntryPoint\",\"urlTemplate\":\"https:\/\/dev.acls-aatc.ca\/?s={search_term_string}\"},\"query-input\":\"required name=search_term_string\"}],\"inLanguage\":\"fr-FR\"},{\"@type\":\"WebPage\",\"@id\":\"https:\/\/dev.acls-aatc.ca\/fr\/a-propos-de-laatc\/historique\/#webpage\",\"url\":\"https:\/\/dev.acls-aatc.ca\/fr\/a-propos-de-laatc\/historique\/\",\"name\":\"Historique - ACLS AATC\",\"isPartOf\":{\"@id\":\"https:\/\/dev.acls-aatc.ca\/#website\"},\"datePublished\":\"2017-05-26T20:14:39+00:00\",\"dateModified\":\"2019-07-17T19:07:24+00:00\",\"breadcrumb\":{\"@id\":\"https:\/\/dev.acls-aatc.ca\/fr\/a-propos-de-laatc\/historique\/#breadcrumb\"},\"inLanguage\":\"fr-FR\",\"potentialAction\":[{\"@type\":\"ReadAction\",\"target\":[\"https:\/\/dev.acls-aatc.ca\/fr\/a-propos-de-laatc\/historique\/\"]}]},{\"@type\":\"BreadcrumbList\",\"@id\":\"https:\/\/dev.acls-aatc.ca\/fr\/a-propos-de-laatc\/historique\/#breadcrumb\",\"itemListElement\":[{\"@type\":\"ListItem\",\"position\":1,\"name\":\"Home\",\"item\":\"https:\/\/dev.acls-aatc.ca\/fr\/\"},{\"@type\":\"ListItem\",\"position\":2,\"name\":\"Le mandat de l\\u2019AATC\",\"item\":\"https:\/\/dev.acls-aatc.ca\/fr\/a-propos-de-laatc\/\"},{\"@type\":\"ListItem\",\"position\":3,\"name\":\"Historique\"}]}]}<\/script>\n<!-- \/ Yoast SEO plugin. -->","yoast_head_json":{"robots":{"index":"index","follow":"follow","max-snippet":"max-snippet:-1","max-image-preview":"max-image-preview:large","max-video-preview":"max-video-preview:-1"},"canonical":"https:\/\/dev.acls-aatc.ca\/fr\/a-propos-de-laatc\/historique\/","og_locale":"fr_FR","og_type":"article","og_title":"Historique - ACLS AATC","og_description":"L\u2019Association s\u2019est incorpor\u00e9e le 24 mai 1985 et est devenue un organisme de d\u00e9livrance des permis le 18 mars 1999, \u00e0 l\u2019entr\u00e9e en vigueur de Loi sur les arpenteurs des terres du Canada. Cliquez ici pour acc\u00e9der \u00e0 l\u2019historique d\u00e9taill\u00e9 de l\u2019AATC.","og_url":"https:\/\/dev.acls-aatc.ca\/fr\/a-propos-de-laatc\/historique\/","og_site_name":"ACLS AATC","article_modified_time":"2019-07-17T19:07:24+00:00","twitter_card":"summary","schema":{"@context":"https:\/\/schema.org","@graph":[{"@type":"WebSite","@id":"https:\/\/dev.acls-aatc.ca\/#website","url":"https:\/\/dev.acls-aatc.ca\/","name":"ACLS AATC","description":"","potentialAction":[{"@type":"SearchAction","target":{"@type":"EntryPoint","urlTemplate":"https:\/\/dev.acls-aatc.ca\/?s={search_term_string}"},"query-input":"required name=search_term_string"}],"inLanguage":"fr-FR"},{"@type":"WebPage","@id":"https:\/\/dev.acls-aatc.ca\/fr\/a-propos-de-laatc\/historique\/#webpage","url":"https:\/\/dev.acls-aatc.ca\/fr\/a-propos-de-laatc\/historique\/","name":"Historique - ACLS AATC","isPartOf":{"@id":"https:\/\/dev.acls-aatc.ca\/#website"},"datePublished":"2017-05-26T20:14:39+00:00","dateModified":"2019-07-17T19:07:24+00:00","breadcrumb":{"@id":"https:\/\/dev.acls-aatc.ca\/fr\/a-propos-de-laatc\/historique\/#breadcrumb"},"inLanguage":"fr-FR","potentialAction":[{"@type":"ReadAction","target":["https:\/\/dev.acls-aatc.ca\/fr\/a-propos-de-laatc\/historique\/"]}]},{"@type":"BreadcrumbList","@id":"https:\/\/dev.acls-aatc.ca\/fr\/a-propos-de-laatc\/historique\/#breadcrumb","itemListElement":[{"@type":"ListItem","position":1,"name":"Home","item":"https:\/\/dev.acls-aatc.ca\/fr\/"},{"@type":"ListItem","position":2,"name":"Le mandat de l\u2019AATC","item":"https:\/\/dev.acls-aatc.ca\/fr\/a-propos-de-laatc\/"},{"@type":"ListItem","position":3,"name":"Historique"}]}]}},"_links":{"self":[{"href":"https:\/\/dev.acls-aatc.ca\/fr\/wp-json\/wp\/v2\/pages\/409"}],"collection":[{"href":"https:\/\/dev.acls-aatc.ca\/fr\/wp-json\/wp\/v2\/pages"}],"about":[{"href":"https:\/\/dev.acls-aatc.ca\/fr\/wp-json\/wp\/v2\/types\/page"}],"author":[{"embeddable":true,"href":"https:\/\/dev.acls-aatc.ca\/fr\/wp-json\/wp\/v2\/users\/3"}],"replies":[{"embeddable":true,"href":"https:\/\/dev.acls-aatc.ca\/fr\/wp-json\/wp\/v2\/comments?post=409"}],"version-history":[{"count":5,"href":"https:\/\/dev.acls-aatc.ca\/fr\/wp-json\/wp\/v2\/pages\/409\/revisions"}],"predecessor-version":[{"id":5999,"href":"https:\/\/dev.acls-aatc.ca\/fr\/wp-json\/wp\/v2\/pages\/409\/revisions\/5999"}],"up":[{"embeddable":true,"href":"https:\/\/dev.acls-aatc.ca\/fr\/wp-json\/wp\/v2\/pages\/384"}],"wp:attachment":[{"href":"https:\/\/dev.acls-aatc.ca\/fr\/wp-json\/wp\/v2\/media?parent=409"}],"curies":[{"name":"wp","href":"https:\/\/api.w.org\/{rel}","templated":true}]}}