{"id":405,"date":"2017-05-26T20:09:01","date_gmt":"2017-05-26T20:09:01","guid":{"rendered":"http:\/\/acls-aatc.tui.ninja\/?page_id=405"},"modified":"2021-07-16T15:24:19","modified_gmt":"2021-07-16T15:24:19","slug":"participation-avec-nrcan","status":"publish","type":"page","link":"https:\/\/dev.acls-aatc.ca\/fr\/a-propos-de-laatc\/participation-avec-nrcan\/","title":{"rendered":"Participation avec RNCan"},"content":{"rendered":"<div class=\"region region-content\">\n<div id=\"node-26\" class=\"node node-page clearfix\">\n<div class=\"content\">\n<div class=\"field field-name-body field-type-text-with-summary field-label-hidden\">\n<div class=\"field-items\">\n<div class=\"field-item even\">\n<p>L\u2019AATC n\u2019est ni une soci\u00e9t\u00e9 d\u2019\u00c9tat ni un minist\u00e8re gouvernemental, mais elle entretient des liens privil\u00e9gi\u00e9s avec le\u00a0<span style=\"text-decoration: underline; color: #800000;\"><strong><a style=\"color: #800000; text-decoration: underline;\" href=\"http:\/\/www.rncan.gc.ca\/sciences-terre\/geomatique\/arpentage-terres-canada\/10798\">Direction de l\u2019arpenteur g\u00e9n\u00e9ral<\/a><\/strong><\/span>, qui fait partie de Ressources Naturelles Canada (RNCan).<\/p>\n<p>De fait, si l\u2019Association ne rencontre pas ses objectifs, le ministre f\u00e9d\u00e9ral des Ressources Naturelles a le pouvoir l\u00e9gislatif de prendre les mesures n\u00e9cessaires pour qu\u2019elle puisse y parvenir. Chaque ann\u00e9e, l\u2019AATC soumet un rapport au ministre de RNCan.\u00a0Cliquez ici pour avoir acc\u00e8s au plus r\u00e9cent <span style=\"text-decoration: underline;\"><span style=\"color: #800000;\"><strong><a style=\"color: #800000; text-decoration: underline;\" href=\"https:\/\/dev.acls-aatc.ca\/fr\/a-propos-de-laatc\/participation-avec-nrcan\/acls-2020-fr\/\" rel=\"attachment wp-att-9882\">2020 Rapport annuel<\/a><\/strong><\/span><\/span><\/p>\n<p>Pour s\u2019assurer que l\u2019AATC remplisse son mandat de prot\u00e9ger le public, le ministre d\u00e9signe deux repr\u00e9sentants \u00e0 titre de conseillers votants au sein du Conseil de l\u2019Association.<\/p>\n<p>Plusieurs membres du personnel du CCGC sont par ailleurs tr\u00e8s impliqu\u00e9s dans les initiatives de l\u2019AATC en tant que participants b\u00e9n\u00e9voles dans divers comit\u00e9s et groupes de travail.<\/p>\n<p>&nbsp;<\/p>\n<\/div>\n<\/div>\n<\/div>\n<\/div>\n<\/div>\n<\/div>\n","protected":false},"excerpt":{"rendered":"<p>L\u2019AATC n\u2019est ni une soci\u00e9t\u00e9 d\u2019\u00c9tat ni un minist\u00e8re gouvernemental, mais elle entretient des liens privil\u00e9gi\u00e9s avec le\u00a0Direction de l\u2019arpenteur g\u00e9n\u00e9ral, qui fait partie de Ressources Naturelles Canada (RNCan). De fait, si l\u2019Association ne rencontre pas ses objectifs, le ministre f\u00e9d\u00e9ral des Ressources Naturelles a le pouvoir l\u00e9gislatif de prendre les mesures n\u00e9cessaires pour qu\u2019elle [&hellip;]<\/p>\n","protected":false},"author":3,"featured_media":0,"parent":384,"menu_order":0,"comment_status":"closed","ping_status":"closed","template":"","meta":[],"yoast_head":"<!-- This site is optimized with the Yoast SEO plugin v17.8 - https:\/\/yoast.com\/wordpress\/plugins\/seo\/ -->\n<meta name=\"robots\" content=\"index, follow, max-snippet:-1, max-image-preview:large, max-video-preview:-1\" \/>\n<link rel=\"canonical\" href=\"https:\/\/dev.acls-aatc.ca\/fr\/a-propos-de-laatc\/participation-avec-nrcan\/\" \/>\n<meta property=\"og:locale\" content=\"fr_FR\" \/>\n<meta property=\"og:type\" content=\"article\" \/>\n<meta property=\"og:title\" content=\"Participation avec RNCan - ACLS AATC\" \/>\n<meta property=\"og:description\" content=\"L\u2019AATC n\u2019est ni une soci\u00e9t\u00e9 d\u2019\u00c9tat ni un minist\u00e8re gouvernemental, mais elle entretient des liens privil\u00e9gi\u00e9s avec le\u00a0Direction de l\u2019arpenteur g\u00e9n\u00e9ral, qui fait partie de Ressources Naturelles Canada (RNCan). De fait, si l\u2019Association ne rencontre pas ses objectifs, le ministre f\u00e9d\u00e9ral des Ressources Naturelles a le pouvoir l\u00e9gislatif de prendre les mesures n\u00e9cessaires pour qu\u2019elle [&hellip;]\" \/>\n<meta property=\"og:url\" content=\"https:\/\/dev.acls-aatc.ca\/fr\/a-propos-de-laatc\/participation-avec-nrcan\/\" \/>\n<meta property=\"og:site_name\" content=\"ACLS AATC\" \/>\n<meta property=\"article:modified_time\" content=\"2021-07-16T15:24:19+00:00\" \/>\n<meta name=\"twitter:card\" content=\"summary\" \/>\n<meta name=\"twitter:label1\" content=\"Dur\u00e9e de lecture estim\u00e9e\" \/>\n\t<meta name=\"twitter:data1\" content=\"1 minute\" \/>\n<script type=\"application\/ld+json\" class=\"yoast-schema-graph\">{\"@context\":\"https:\/\/schema.org\",\"@graph\":[{\"@type\":\"WebSite\",\"@id\":\"https:\/\/dev.acls-aatc.ca\/#website\",\"url\":\"https:\/\/dev.acls-aatc.ca\/\",\"name\":\"ACLS AATC\",\"description\":\"\",\"potentialAction\":[{\"@type\":\"SearchAction\",\"target\":{\"@type\":\"EntryPoint\",\"urlTemplate\":\"https:\/\/dev.acls-aatc.ca\/?s={search_term_string}\"},\"query-input\":\"required name=search_term_string\"}],\"inLanguage\":\"fr-FR\"},{\"@type\":\"WebPage\",\"@id\":\"https:\/\/dev.acls-aatc.ca\/fr\/a-propos-de-laatc\/participation-avec-nrcan\/#webpage\",\"url\":\"https:\/\/dev.acls-aatc.ca\/fr\/a-propos-de-laatc\/participation-avec-nrcan\/\",\"name\":\"Participation avec RNCan - ACLS AATC\",\"isPartOf\":{\"@id\":\"https:\/\/dev.acls-aatc.ca\/#website\"},\"datePublished\":\"2017-05-26T20:09:01+00:00\",\"dateModified\":\"2021-07-16T15:24:19+00:00\",\"breadcrumb\":{\"@id\":\"https:\/\/dev.acls-aatc.ca\/fr\/a-propos-de-laatc\/participation-avec-nrcan\/#breadcrumb\"},\"inLanguage\":\"fr-FR\",\"potentialAction\":[{\"@type\":\"ReadAction\",\"target\":[\"https:\/\/dev.acls-aatc.ca\/fr\/a-propos-de-laatc\/participation-avec-nrcan\/\"]}]},{\"@type\":\"BreadcrumbList\",\"@id\":\"https:\/\/dev.acls-aatc.ca\/fr\/a-propos-de-laatc\/participation-avec-nrcan\/#breadcrumb\",\"itemListElement\":[{\"@type\":\"ListItem\",\"position\":1,\"name\":\"Home\",\"item\":\"https:\/\/dev.acls-aatc.ca\/fr\/\"},{\"@type\":\"ListItem\",\"position\":2,\"name\":\"Le mandat de l\\u2019AATC\",\"item\":\"https:\/\/dev.acls-aatc.ca\/fr\/a-propos-de-laatc\/\"},{\"@type\":\"ListItem\",\"position\":3,\"name\":\"Participation avec RNCan\"}]}]}<\/script>\n<!-- \/ Yoast SEO plugin. -->","yoast_head_json":{"robots":{"index":"index","follow":"follow","max-snippet":"max-snippet:-1","max-image-preview":"max-image-preview:large","max-video-preview":"max-video-preview:-1"},"canonical":"https:\/\/dev.acls-aatc.ca\/fr\/a-propos-de-laatc\/participation-avec-nrcan\/","og_locale":"fr_FR","og_type":"article","og_title":"Participation avec RNCan - ACLS AATC","og_description":"L\u2019AATC n\u2019est ni une soci\u00e9t\u00e9 d\u2019\u00c9tat ni un minist\u00e8re gouvernemental, mais elle entretient des liens privil\u00e9gi\u00e9s avec le\u00a0Direction de l\u2019arpenteur g\u00e9n\u00e9ral, qui fait partie de Ressources Naturelles Canada (RNCan). De fait, si l\u2019Association ne rencontre pas ses objectifs, le ministre f\u00e9d\u00e9ral des Ressources Naturelles a le pouvoir l\u00e9gislatif de prendre les mesures n\u00e9cessaires pour qu\u2019elle [&hellip;]","og_url":"https:\/\/dev.acls-aatc.ca\/fr\/a-propos-de-laatc\/participation-avec-nrcan\/","og_site_name":"ACLS AATC","article_modified_time":"2021-07-16T15:24:19+00:00","twitter_card":"summary","twitter_misc":{"Dur\u00e9e de lecture estim\u00e9e":"1 minute"},"schema":{"@context":"https:\/\/schema.org","@graph":[{"@type":"WebSite","@id":"https:\/\/dev.acls-aatc.ca\/#website","url":"https:\/\/dev.acls-aatc.ca\/","name":"ACLS AATC","description":"","potentialAction":[{"@type":"SearchAction","target":{"@type":"EntryPoint","urlTemplate":"https:\/\/dev.acls-aatc.ca\/?s={search_term_string}"},"query-input":"required name=search_term_string"}],"inLanguage":"fr-FR"},{"@type":"WebPage","@id":"https:\/\/dev.acls-aatc.ca\/fr\/a-propos-de-laatc\/participation-avec-nrcan\/#webpage","url":"https:\/\/dev.acls-aatc.ca\/fr\/a-propos-de-laatc\/participation-avec-nrcan\/","name":"Participation avec RNCan - ACLS AATC","isPartOf":{"@id":"https:\/\/dev.acls-aatc.ca\/#website"},"datePublished":"2017-05-26T20:09:01+00:00","dateModified":"2021-07-16T15:24:19+00:00","breadcrumb":{"@id":"https:\/\/dev.acls-aatc.ca\/fr\/a-propos-de-laatc\/participation-avec-nrcan\/#breadcrumb"},"inLanguage":"fr-FR","potentialAction":[{"@type":"ReadAction","target":["https:\/\/dev.acls-aatc.ca\/fr\/a-propos-de-laatc\/participation-avec-nrcan\/"]}]},{"@type":"BreadcrumbList","@id":"https:\/\/dev.acls-aatc.ca\/fr\/a-propos-de-laatc\/participation-avec-nrcan\/#breadcrumb","itemListElement":[{"@type":"ListItem","position":1,"name":"Home","item":"https:\/\/dev.acls-aatc.ca\/fr\/"},{"@type":"ListItem","position":2,"name":"Le mandat de l\u2019AATC","item":"https:\/\/dev.acls-aatc.ca\/fr\/a-propos-de-laatc\/"},{"@type":"ListItem","position":3,"name":"Participation avec RNCan"}]}]}},"_links":{"self":[{"href":"https:\/\/dev.acls-aatc.ca\/fr\/wp-json\/wp\/v2\/pages\/405"}],"collection":[{"href":"https:\/\/dev.acls-aatc.ca\/fr\/wp-json\/wp\/v2\/pages"}],"about":[{"href":"https:\/\/dev.acls-aatc.ca\/fr\/wp-json\/wp\/v2\/types\/page"}],"author":[{"embeddable":true,"href":"https:\/\/dev.acls-aatc.ca\/fr\/wp-json\/wp\/v2\/users\/3"}],"replies":[{"embeddable":true,"href":"https:\/\/dev.acls-aatc.ca\/fr\/wp-json\/wp\/v2\/comments?post=405"}],"version-history":[{"count":19,"href":"https:\/\/dev.acls-aatc.ca\/fr\/wp-json\/wp\/v2\/pages\/405\/revisions"}],"predecessor-version":[{"id":10240,"href":"https:\/\/dev.acls-aatc.ca\/fr\/wp-json\/wp\/v2\/pages\/405\/revisions\/10240"}],"up":[{"embeddable":true,"href":"https:\/\/dev.acls-aatc.ca\/fr\/wp-json\/wp\/v2\/pages\/384"}],"wp:attachment":[{"href":"https:\/\/dev.acls-aatc.ca\/fr\/wp-json\/wp\/v2\/media?parent=405"}],"curies":[{"name":"wp","href":"https:\/\/api.w.org\/{rel}","templated":true}]}}