{"id":399,"date":"2017-05-26T19:52:52","date_gmt":"2017-05-26T19:52:52","guid":{"rendered":"http:\/\/acls-aatc.tui.ninja\/?page_id=399"},"modified":"2021-06-08T15:10:20","modified_gmt":"2021-06-08T15:10:20","slug":"gouvernance-et-legislation","status":"publish","type":"page","link":"https:\/\/dev.acls-aatc.ca\/fr\/a-propos-de-laatc\/gouvernance-et-legislation\/","title":{"rendered":"Gouvernance et L\u00e9gislation"},"content":{"rendered":"<div class=\"region region-content\">\n<div id=\"node-25\" class=\"node node-page clearfix\">\n<div class=\"content\">\n<div class=\"field field-name-body field-type-text-with-summary field-label-hidden\">\n<div class=\"field-items\">\n<div class=\"field-item even\">\n<p class=\"lead\">La gouvernance de l\u2019Association est assur\u00e9e par un Conseil \u00a0form\u00e9 de personnes \u00e9lues et de personnes d\u00e9sign\u00e9es. Voici la liste des membres du Conseil de l\u2019AATC pour la p\u00e9riode 2021-2022.<\/p>\n<\/div>\n<ul>\n<li>Pr\u00e9sident sortant \u2013 Jim Christie, BCLS, ATC, Vancouver, Colombie-Britannique<\/li>\n<li>Vice-pr\u00e9sident \u2013 Robert Halliday, a.-g, ATC, Espanola, Ontario<\/li>\n<li>Conseiller de 3i\u00e8me ann\u00e9e \u2013 Max Putnam, a.-g, ATC Saskatoon, Saskatchewan<\/li>\n<li>Conseiller de 2i\u00e8me ann\u00e9e &#8211; David Rochette, a.-g, Quebec, Quebec<\/li>\n<li>Li\u00e8re ann\u00e9e\u2013 eid Egger, ATC, ALS, BCLS, Edmonton, Alberta<\/li>\n<li>Conseiller nomm\u00e9 par le Ministre: Leona Irons, Curve Lake, Ontario<\/li>\n<li>Conseiller nomm\u00e9 par le Ministre: Gordon MacInnis, \u00cele-du-Prince-\u00c9douard<\/li>\n<li>Arpenteur g\u00e9n\u00e9ral: Jean Gagnon, a.-g.N.-B., ATC, Ottawa, Ontario<\/li>\n<li>Pr\u00e9sident \u2013 Philippe Breau, a.-g.N.-B., ALS, ATC, N\u00e9guac, Nouveau-Brunswick<\/li>\n<\/ul>\n<div class=\"field-item even\">\n<p>Au dessous vous allez trouvez les liens \u00e0 la l\u00e9gislation appartenant au arpenteur dans le Canada<\/p>\n<ul>\n<li><span lang=\"FR-CA\" xml:lang=\"FR-CA\">Loi sur les arpenteurs des terres du Canada (S.C. 1998, c. 14)<\/span><\/li>\n<\/ul>\n<p><a href=\"http:\/\/laws-lois.justice.gc.ca\/fra\/lois\/L-5.8\/\"><span lang=\"FR-CA\" xml:lang=\"FR-CA\">\u00a0\u00a0\u00a0\u00a0\u00a0\u00a0\u00a0\u00a0 Loi sur les arpenteurs des terres du Canada<\/span><\/a><\/p>\n<ul>\n<li><span lang=\"FR-CA\" xml:lang=\"FR-CA\">Loi sur l\u2019arpentage des terres du Canada (R.S.C., 1985, c. L-6)<\/span><\/li>\n<\/ul>\n<p><a href=\"http:\/\/laws-lois.justice.gc.ca\/fra\/lois\/L-6\/\"><span lang=\"FR-CA\" xml:lang=\"FR-CA\">\u00a0\u00a0\u00a0\u00a0\u00a0\u00a0\u00a0\u00a0 Loi sur l\u2019arpentage des terres du Canada<\/span><\/a><\/p>\n<p><span lang=\"FR-CA\" xml:lang=\"FR-CA\">\u00a0\u00a0\u00a0\u00a0\u00a0\u00a0\u00a0\u00a0 R\u00e8glement sur les arpenteurs des terres du Canada (SOR\/99-142)<\/span><\/p>\n<ul>\n<li><a href=\"http:\/\/laws-lois.justice.gc.ca\/fra\/reglements\/DORS-99-142\/index.html\"><span lang=\"FR-CA\" xml:lang=\"FR-CA\">R\u00e8glement sur les arpenteurs des terres du Canada<\/span><\/a><\/li>\n<\/ul>\n<p>&nbsp;<\/p>\n<\/div>\n<\/div>\n<\/div>\n<\/div>\n<\/div>\n<\/div>\n","protected":false},"excerpt":{"rendered":"<p>La gouvernance de l\u2019Association est assur\u00e9e par un Conseil \u00a0form\u00e9 de personnes \u00e9lues et de personnes d\u00e9sign\u00e9es. Voici la liste des membres du Conseil de l\u2019AATC pour la p\u00e9riode 2021-2022. Pr\u00e9sident sortant \u2013 Jim Christie, BCLS, ATC, Vancouver, Colombie-Britannique Vice-pr\u00e9sident \u2013 Robert Halliday, a.-g, ATC, Espanola, Ontario Conseiller de 3i\u00e8me ann\u00e9e \u2013 Max Putnam, a.-g, [&hellip;]<\/p>\n","protected":false},"author":3,"featured_media":0,"parent":384,"menu_order":0,"comment_status":"closed","ping_status":"closed","template":"","meta":[],"yoast_head":"<!-- This site is optimized with the Yoast SEO plugin v17.8 - https:\/\/yoast.com\/wordpress\/plugins\/seo\/ -->\n<meta name=\"robots\" content=\"index, follow, max-snippet:-1, max-image-preview:large, max-video-preview:-1\" \/>\n<link rel=\"canonical\" href=\"https:\/\/dev.acls-aatc.ca\/fr\/a-propos-de-laatc\/gouvernance-et-legislation\/\" \/>\n<meta property=\"og:locale\" content=\"fr_FR\" \/>\n<meta property=\"og:type\" content=\"article\" \/>\n<meta property=\"og:title\" content=\"Gouvernance et L\u00e9gislation - ACLS AATC\" \/>\n<meta property=\"og:description\" content=\"La gouvernance de l\u2019Association est assur\u00e9e par un Conseil \u00a0form\u00e9 de personnes \u00e9lues et de personnes d\u00e9sign\u00e9es. Voici la liste des membres du Conseil de l\u2019AATC pour la p\u00e9riode 2021-2022. Pr\u00e9sident sortant \u2013 Jim Christie, BCLS, ATC, Vancouver, Colombie-Britannique Vice-pr\u00e9sident \u2013 Robert Halliday, a.-g, ATC, Espanola, Ontario Conseiller de 3i\u00e8me ann\u00e9e \u2013 Max Putnam, a.-g, [&hellip;]\" \/>\n<meta property=\"og:url\" content=\"https:\/\/dev.acls-aatc.ca\/fr\/a-propos-de-laatc\/gouvernance-et-legislation\/\" \/>\n<meta property=\"og:site_name\" content=\"ACLS AATC\" \/>\n<meta property=\"article:modified_time\" content=\"2021-06-08T15:10:20+00:00\" \/>\n<meta name=\"twitter:card\" content=\"summary\" \/>\n<meta name=\"twitter:label1\" content=\"Dur\u00e9e de lecture estim\u00e9e\" \/>\n\t<meta name=\"twitter:data1\" content=\"1 minute\" \/>\n<script type=\"application\/ld+json\" class=\"yoast-schema-graph\">{\"@context\":\"https:\/\/schema.org\",\"@graph\":[{\"@type\":\"WebSite\",\"@id\":\"https:\/\/dev.acls-aatc.ca\/#website\",\"url\":\"https:\/\/dev.acls-aatc.ca\/\",\"name\":\"ACLS AATC\",\"description\":\"\",\"potentialAction\":[{\"@type\":\"SearchAction\",\"target\":{\"@type\":\"EntryPoint\",\"urlTemplate\":\"https:\/\/dev.acls-aatc.ca\/?s={search_term_string}\"},\"query-input\":\"required name=search_term_string\"}],\"inLanguage\":\"fr-FR\"},{\"@type\":\"WebPage\",\"@id\":\"https:\/\/dev.acls-aatc.ca\/fr\/a-propos-de-laatc\/gouvernance-et-legislation\/#webpage\",\"url\":\"https:\/\/dev.acls-aatc.ca\/fr\/a-propos-de-laatc\/gouvernance-et-legislation\/\",\"name\":\"Gouvernance et L\\u00e9gislation - ACLS AATC\",\"isPartOf\":{\"@id\":\"https:\/\/dev.acls-aatc.ca\/#website\"},\"datePublished\":\"2017-05-26T19:52:52+00:00\",\"dateModified\":\"2021-06-08T15:10:20+00:00\",\"breadcrumb\":{\"@id\":\"https:\/\/dev.acls-aatc.ca\/fr\/a-propos-de-laatc\/gouvernance-et-legislation\/#breadcrumb\"},\"inLanguage\":\"fr-FR\",\"potentialAction\":[{\"@type\":\"ReadAction\",\"target\":[\"https:\/\/dev.acls-aatc.ca\/fr\/a-propos-de-laatc\/gouvernance-et-legislation\/\"]}]},{\"@type\":\"BreadcrumbList\",\"@id\":\"https:\/\/dev.acls-aatc.ca\/fr\/a-propos-de-laatc\/gouvernance-et-legislation\/#breadcrumb\",\"itemListElement\":[{\"@type\":\"ListItem\",\"position\":1,\"name\":\"Home\",\"item\":\"https:\/\/dev.acls-aatc.ca\/fr\/\"},{\"@type\":\"ListItem\",\"position\":2,\"name\":\"Le mandat de l\\u2019AATC\",\"item\":\"https:\/\/dev.acls-aatc.ca\/fr\/a-propos-de-laatc\/\"},{\"@type\":\"ListItem\",\"position\":3,\"name\":\"Gouvernance et L\\u00e9gislation\"}]}]}<\/script>\n<!-- \/ Yoast SEO plugin. -->","yoast_head_json":{"robots":{"index":"index","follow":"follow","max-snippet":"max-snippet:-1","max-image-preview":"max-image-preview:large","max-video-preview":"max-video-preview:-1"},"canonical":"https:\/\/dev.acls-aatc.ca\/fr\/a-propos-de-laatc\/gouvernance-et-legislation\/","og_locale":"fr_FR","og_type":"article","og_title":"Gouvernance et L\u00e9gislation - ACLS AATC","og_description":"La gouvernance de l\u2019Association est assur\u00e9e par un Conseil \u00a0form\u00e9 de personnes \u00e9lues et de personnes d\u00e9sign\u00e9es. Voici la liste des membres du Conseil de l\u2019AATC pour la p\u00e9riode 2021-2022. Pr\u00e9sident sortant \u2013 Jim Christie, BCLS, ATC, Vancouver, Colombie-Britannique Vice-pr\u00e9sident \u2013 Robert Halliday, a.-g, ATC, Espanola, Ontario Conseiller de 3i\u00e8me ann\u00e9e \u2013 Max Putnam, a.-g, [&hellip;]","og_url":"https:\/\/dev.acls-aatc.ca\/fr\/a-propos-de-laatc\/gouvernance-et-legislation\/","og_site_name":"ACLS AATC","article_modified_time":"2021-06-08T15:10:20+00:00","twitter_card":"summary","twitter_misc":{"Dur\u00e9e de lecture estim\u00e9e":"1 minute"},"schema":{"@context":"https:\/\/schema.org","@graph":[{"@type":"WebSite","@id":"https:\/\/dev.acls-aatc.ca\/#website","url":"https:\/\/dev.acls-aatc.ca\/","name":"ACLS AATC","description":"","potentialAction":[{"@type":"SearchAction","target":{"@type":"EntryPoint","urlTemplate":"https:\/\/dev.acls-aatc.ca\/?s={search_term_string}"},"query-input":"required name=search_term_string"}],"inLanguage":"fr-FR"},{"@type":"WebPage","@id":"https:\/\/dev.acls-aatc.ca\/fr\/a-propos-de-laatc\/gouvernance-et-legislation\/#webpage","url":"https:\/\/dev.acls-aatc.ca\/fr\/a-propos-de-laatc\/gouvernance-et-legislation\/","name":"Gouvernance et L\u00e9gislation - ACLS AATC","isPartOf":{"@id":"https:\/\/dev.acls-aatc.ca\/#website"},"datePublished":"2017-05-26T19:52:52+00:00","dateModified":"2021-06-08T15:10:20+00:00","breadcrumb":{"@id":"https:\/\/dev.acls-aatc.ca\/fr\/a-propos-de-laatc\/gouvernance-et-legislation\/#breadcrumb"},"inLanguage":"fr-FR","potentialAction":[{"@type":"ReadAction","target":["https:\/\/dev.acls-aatc.ca\/fr\/a-propos-de-laatc\/gouvernance-et-legislation\/"]}]},{"@type":"BreadcrumbList","@id":"https:\/\/dev.acls-aatc.ca\/fr\/a-propos-de-laatc\/gouvernance-et-legislation\/#breadcrumb","itemListElement":[{"@type":"ListItem","position":1,"name":"Home","item":"https:\/\/dev.acls-aatc.ca\/fr\/"},{"@type":"ListItem","position":2,"name":"Le mandat de l\u2019AATC","item":"https:\/\/dev.acls-aatc.ca\/fr\/a-propos-de-laatc\/"},{"@type":"ListItem","position":3,"name":"Gouvernance et L\u00e9gislation"}]}]}},"_links":{"self":[{"href":"https:\/\/dev.acls-aatc.ca\/fr\/wp-json\/wp\/v2\/pages\/399"}],"collection":[{"href":"https:\/\/dev.acls-aatc.ca\/fr\/wp-json\/wp\/v2\/pages"}],"about":[{"href":"https:\/\/dev.acls-aatc.ca\/fr\/wp-json\/wp\/v2\/types\/page"}],"author":[{"embeddable":true,"href":"https:\/\/dev.acls-aatc.ca\/fr\/wp-json\/wp\/v2\/users\/3"}],"replies":[{"embeddable":true,"href":"https:\/\/dev.acls-aatc.ca\/fr\/wp-json\/wp\/v2\/comments?post=399"}],"version-history":[{"count":19,"href":"https:\/\/dev.acls-aatc.ca\/fr\/wp-json\/wp\/v2\/pages\/399\/revisions"}],"predecessor-version":[{"id":10067,"href":"https:\/\/dev.acls-aatc.ca\/fr\/wp-json\/wp\/v2\/pages\/399\/revisions\/10067"}],"up":[{"embeddable":true,"href":"https:\/\/dev.acls-aatc.ca\/fr\/wp-json\/wp\/v2\/pages\/384"}],"wp:attachment":[{"href":"https:\/\/dev.acls-aatc.ca\/fr\/wp-json\/wp\/v2\/media?parent=399"}],"curies":[{"name":"wp","href":"https:\/\/api.w.org\/{rel}","templated":true}]}}