{"id":378,"date":"2017-05-26T15:14:32","date_gmt":"2017-05-26T15:14:32","guid":{"rendered":"http:\/\/acls-aatc.tui.ninja\/?page_id=378"},"modified":"2020-05-05T11:40:42","modified_gmt":"2020-05-05T15:40:42","slug":"examens","status":"publish","type":"page","link":"https:\/\/dev.acls-aatc.ca\/fr\/etudiants\/examens\/","title":{"rendered":"Examens"},"content":{"rendered":"<p>Depuis la mise en \u0153uvre de l&#8217;Entente de reconnaissance mutuelle pour la mobilit\u00e9 de la main-d\u2019\u0153uvre, l\u2019AATC a deux voies pour l&#8217;obtention d\u2019un brevet d\u2019a.t.C. Pour une description compl\u00e8te des examens, mat\u00e9riel didactique recommand\u00e9 et des explications d\u00e9taill\u00e9es sur les proc\u00e9dures d&#8217;examen, s&#8217;il vous pla\u00eet t\u00e9l\u00e9charger le <a href=\"https:\/\/dev.acls-aatc.ca\/fr\/etudiants\/examens\/manuel-candidat-20-05-04-002\/\" rel=\"attachment wp-att-8303\">Manuel Candidat.<\/a><\/p>\n<p>En r\u00e9sum\u00e9, les candidats ne d\u00e9tenant pas un brevet d&#8217;arpenteur-g\u00e9om\u00e8tre provincial doivent subir trois examens portant sur les sujets suivants.<\/p>\n<ul>\n<li>P1 \u2013 \u00ab\u00a0Lois et r\u00e8glements et Normes nationales pour l\u2019arpentage des terres du Canada\u00a0\u00bb<\/li>\n<li>P2 A \u2013 \u00ab\u00a0Droits fonciers sur les terres du Canada\u00a0\u00bb<\/li>\n<li>P2 B- \u00ab\u00a0R\u00e9gimes fonciers en zone extrac\u00f4ti\u00e8re\u00a0\u00bb<\/li>\n<li>P3 \u2013 \u00ab\u00a0Droits de propri\u00e9t\u00e9 autochtones et autres sujets\u00a0\u00bb<\/li>\n<\/ul>\n<p>Les examens sont dispens\u00e9s en ligne sur demande.\u00a0 Allez \u00e0 la page des formulaires pour trouver le formulaire d\u2019inscription aux examens.<\/p>\n<p>Les candidats d\u00e9tenant un brevet d&#8217;arpenteur-g\u00e9om\u00e8tre dans une province doivent passer l&#8217;examen professionnel en ligne sur demande de 4 heures qui porte sur les sujets suivants:<\/p>\n<ul>\n<li>\u00ab\u00a0Lois, r\u00e8glements et Normes nationales pour l\u2019arpentage des terres du Canada\u00a0\u00bb<\/li>\n<li>\u00ab\u00a0R\u00e9gimes des droits fonciers\u00a0\u00bb\n<ul>\n<li>\u00ab\u00a0sur terre\u00a0\u00bb<\/li>\n<li>\u00ab\u00a0extrac\u00f4tiers\u00a0\u00bb<\/li>\n<\/ul>\n<\/li>\n<li>\u00ab\u00a0Sujets autochtones\u00a0\u00bb<\/li>\n<\/ul>\n<p>L&#8217;examen est s\u00e9par\u00e9 en 4 modules individuels qui peuvent \u00eatre \u00e9crits \u00e0 diff\u00e9rents moments.<\/p>\n<p>Pour vous inscrire \u00e0 un examen en ligne, s&#8217;il vous pla\u00eet voir la section des formulaires du site web <a href=\"https:\/\/dev.acls-aatc.ca\/fr\/membres-acceuil-2\/formulaires-2\/\">ici<\/a>.<\/p>\n","protected":false},"excerpt":{"rendered":"<p>Depuis la mise en \u0153uvre de l&#8217;Entente de reconnaissance mutuelle pour la mobilit\u00e9 de la main-d\u2019\u0153uvre, l\u2019AATC a deux voies pour l&#8217;obtention d\u2019un brevet d\u2019a.t.C. Pour une description compl\u00e8te des examens, mat\u00e9riel didactique recommand\u00e9 et des explications d\u00e9taill\u00e9es sur les proc\u00e9dures d&#8217;examen, s&#8217;il vous pla\u00eet t\u00e9l\u00e9charger le Manuel Candidat. En r\u00e9sum\u00e9, les candidats ne d\u00e9tenant [&hellip;]<\/p>\n","protected":false},"author":3,"featured_media":0,"parent":835,"menu_order":0,"comment_status":"closed","ping_status":"closed","template":"","meta":[],"yoast_head":"<!-- This site is optimized with the Yoast SEO plugin v17.8 - https:\/\/yoast.com\/wordpress\/plugins\/seo\/ -->\n<meta name=\"robots\" content=\"index, follow, max-snippet:-1, max-image-preview:large, max-video-preview:-1\" \/>\n<link rel=\"canonical\" href=\"https:\/\/dev.acls-aatc.ca\/fr\/etudiants\/examens\/\" \/>\n<meta property=\"og:locale\" content=\"fr_FR\" \/>\n<meta property=\"og:type\" content=\"article\" \/>\n<meta property=\"og:title\" content=\"Examens - ACLS AATC\" \/>\n<meta property=\"og:description\" content=\"Depuis la mise en \u0153uvre de l&#8217;Entente de reconnaissance mutuelle pour la mobilit\u00e9 de la main-d\u2019\u0153uvre, l\u2019AATC a deux voies pour l&#8217;obtention d\u2019un brevet d\u2019a.t.C. Pour une description compl\u00e8te des examens, mat\u00e9riel didactique recommand\u00e9 et des explications d\u00e9taill\u00e9es sur les proc\u00e9dures d&#8217;examen, s&#8217;il vous pla\u00eet t\u00e9l\u00e9charger le Manuel Candidat. En r\u00e9sum\u00e9, les candidats ne d\u00e9tenant [&hellip;]\" \/>\n<meta property=\"og:url\" content=\"https:\/\/dev.acls-aatc.ca\/fr\/etudiants\/examens\/\" \/>\n<meta property=\"og:site_name\" content=\"ACLS AATC\" \/>\n<meta property=\"article:modified_time\" content=\"2020-05-05T15:40:42+00:00\" \/>\n<meta name=\"twitter:card\" content=\"summary\" \/>\n<meta name=\"twitter:label1\" content=\"Dur\u00e9e de lecture estim\u00e9e\" \/>\n\t<meta name=\"twitter:data1\" content=\"1 minute\" \/>\n<script type=\"application\/ld+json\" class=\"yoast-schema-graph\">{\"@context\":\"https:\/\/schema.org\",\"@graph\":[{\"@type\":\"WebSite\",\"@id\":\"https:\/\/dev.acls-aatc.ca\/#website\",\"url\":\"https:\/\/dev.acls-aatc.ca\/\",\"name\":\"ACLS AATC\",\"description\":\"\",\"potentialAction\":[{\"@type\":\"SearchAction\",\"target\":{\"@type\":\"EntryPoint\",\"urlTemplate\":\"https:\/\/dev.acls-aatc.ca\/?s={search_term_string}\"},\"query-input\":\"required name=search_term_string\"}],\"inLanguage\":\"fr-FR\"},{\"@type\":\"WebPage\",\"@id\":\"https:\/\/dev.acls-aatc.ca\/fr\/etudiants\/examens\/#webpage\",\"url\":\"https:\/\/dev.acls-aatc.ca\/fr\/etudiants\/examens\/\",\"name\":\"Examens - ACLS AATC\",\"isPartOf\":{\"@id\":\"https:\/\/dev.acls-aatc.ca\/#website\"},\"datePublished\":\"2017-05-26T15:14:32+00:00\",\"dateModified\":\"2020-05-05T15:40:42+00:00\",\"breadcrumb\":{\"@id\":\"https:\/\/dev.acls-aatc.ca\/fr\/etudiants\/examens\/#breadcrumb\"},\"inLanguage\":\"fr-FR\",\"potentialAction\":[{\"@type\":\"ReadAction\",\"target\":[\"https:\/\/dev.acls-aatc.ca\/fr\/etudiants\/examens\/\"]}]},{\"@type\":\"BreadcrumbList\",\"@id\":\"https:\/\/dev.acls-aatc.ca\/fr\/etudiants\/examens\/#breadcrumb\",\"itemListElement\":[{\"@type\":\"ListItem\",\"position\":1,\"name\":\"Home\",\"item\":\"https:\/\/dev.acls-aatc.ca\/fr\/\"},{\"@type\":\"ListItem\",\"position\":2,\"name\":\"\\u00c9tudiants acceuil\",\"item\":\"https:\/\/dev.acls-aatc.ca\/fr\/etudiants\/\"},{\"@type\":\"ListItem\",\"position\":3,\"name\":\"Examens\"}]}]}<\/script>\n<!-- \/ Yoast SEO plugin. -->","yoast_head_json":{"robots":{"index":"index","follow":"follow","max-snippet":"max-snippet:-1","max-image-preview":"max-image-preview:large","max-video-preview":"max-video-preview:-1"},"canonical":"https:\/\/dev.acls-aatc.ca\/fr\/etudiants\/examens\/","og_locale":"fr_FR","og_type":"article","og_title":"Examens - ACLS AATC","og_description":"Depuis la mise en \u0153uvre de l&#8217;Entente de reconnaissance mutuelle pour la mobilit\u00e9 de la main-d\u2019\u0153uvre, l\u2019AATC a deux voies pour l&#8217;obtention d\u2019un brevet d\u2019a.t.C. Pour une description compl\u00e8te des examens, mat\u00e9riel didactique recommand\u00e9 et des explications d\u00e9taill\u00e9es sur les proc\u00e9dures d&#8217;examen, s&#8217;il vous pla\u00eet t\u00e9l\u00e9charger le Manuel Candidat. En r\u00e9sum\u00e9, les candidats ne d\u00e9tenant [&hellip;]","og_url":"https:\/\/dev.acls-aatc.ca\/fr\/etudiants\/examens\/","og_site_name":"ACLS AATC","article_modified_time":"2020-05-05T15:40:42+00:00","twitter_card":"summary","twitter_misc":{"Dur\u00e9e de lecture estim\u00e9e":"1 minute"},"schema":{"@context":"https:\/\/schema.org","@graph":[{"@type":"WebSite","@id":"https:\/\/dev.acls-aatc.ca\/#website","url":"https:\/\/dev.acls-aatc.ca\/","name":"ACLS AATC","description":"","potentialAction":[{"@type":"SearchAction","target":{"@type":"EntryPoint","urlTemplate":"https:\/\/dev.acls-aatc.ca\/?s={search_term_string}"},"query-input":"required name=search_term_string"}],"inLanguage":"fr-FR"},{"@type":"WebPage","@id":"https:\/\/dev.acls-aatc.ca\/fr\/etudiants\/examens\/#webpage","url":"https:\/\/dev.acls-aatc.ca\/fr\/etudiants\/examens\/","name":"Examens - ACLS AATC","isPartOf":{"@id":"https:\/\/dev.acls-aatc.ca\/#website"},"datePublished":"2017-05-26T15:14:32+00:00","dateModified":"2020-05-05T15:40:42+00:00","breadcrumb":{"@id":"https:\/\/dev.acls-aatc.ca\/fr\/etudiants\/examens\/#breadcrumb"},"inLanguage":"fr-FR","potentialAction":[{"@type":"ReadAction","target":["https:\/\/dev.acls-aatc.ca\/fr\/etudiants\/examens\/"]}]},{"@type":"BreadcrumbList","@id":"https:\/\/dev.acls-aatc.ca\/fr\/etudiants\/examens\/#breadcrumb","itemListElement":[{"@type":"ListItem","position":1,"name":"Home","item":"https:\/\/dev.acls-aatc.ca\/fr\/"},{"@type":"ListItem","position":2,"name":"\u00c9tudiants acceuil","item":"https:\/\/dev.acls-aatc.ca\/fr\/etudiants\/"},{"@type":"ListItem","position":3,"name":"Examens"}]}]}},"_links":{"self":[{"href":"https:\/\/dev.acls-aatc.ca\/fr\/wp-json\/wp\/v2\/pages\/378"}],"collection":[{"href":"https:\/\/dev.acls-aatc.ca\/fr\/wp-json\/wp\/v2\/pages"}],"about":[{"href":"https:\/\/dev.acls-aatc.ca\/fr\/wp-json\/wp\/v2\/types\/page"}],"author":[{"embeddable":true,"href":"https:\/\/dev.acls-aatc.ca\/fr\/wp-json\/wp\/v2\/users\/3"}],"replies":[{"embeddable":true,"href":"https:\/\/dev.acls-aatc.ca\/fr\/wp-json\/wp\/v2\/comments?post=378"}],"version-history":[{"count":17,"href":"https:\/\/dev.acls-aatc.ca\/fr\/wp-json\/wp\/v2\/pages\/378\/revisions"}],"predecessor-version":[{"id":8305,"href":"https:\/\/dev.acls-aatc.ca\/fr\/wp-json\/wp\/v2\/pages\/378\/revisions\/8305"}],"up":[{"embeddable":true,"href":"https:\/\/dev.acls-aatc.ca\/fr\/wp-json\/wp\/v2\/pages\/835"}],"wp:attachment":[{"href":"https:\/\/dev.acls-aatc.ca\/fr\/wp-json\/wp\/v2\/media?parent=378"}],"curies":[{"name":"wp","href":"https:\/\/api.w.org\/{rel}","templated":true}]}}