{"id":1754,"date":"2017-06-27T16:55:07","date_gmt":"2017-06-27T20:55:07","guid":{"rendered":"https:\/\/www.acls-aatc.ca\/?page_id=1754\/"},"modified":"2019-07-18T14:14:00","modified_gmt":"2019-07-18T18:14:00","slug":"gestion-integree-des-terres","status":"publish","type":"page","link":"https:\/\/dev.acls-aatc.ca\/fr\/expertise-autochtone\/gestion-integree-des-terres\/","title":{"rendered":"Gestion int\u00e9gr\u00e9e des terres"},"content":{"rendered":"<p><em>Am\u00e9liorer la valeur des actifs autochtones en identifiant les occasions de d\u00e9veloppement \u00e9conomique, en faisant valoir les partenariats, par la gestion des actifs communautaires et en modernisant la gestion des terres.<\/em><\/p>\n<p>Cette extrait est tir\u00e9 du rapport annuel 2013-2014 de l\u2019Association des arpenteurs des terres du Canada.<\/p>\n<p>Vers une gestion int\u00e9gr\u00e9e des terres pour le d\u00e9veloppement \u00e9conomique durable des terres des premi\u00e8res nations.<\/p>\n<p>Le sous-comit\u00e9 de la gestion int\u00e9gr\u00e9e des terres a \u00e9t\u00e9 \u00e9tablit sous la direction du comit\u00e9 de liaison autochtones pour travailler \u00e0 am\u00e9liorer et documenter les meilleurs pratiques sur la gestion des terres autochtones qui comprend l&#8217;int\u00e9gration des connaissances et de l\u2019expertise sur l&#8217;enregistrement des terres, l\u2019arpentage, la planification, les SIG et l&#8217;ing\u00e9nierie.<\/p>\n<p>Une approche int\u00e9gr\u00e9e de la gestion des terres va supporter l&#8217;utilisation des terres d&#8217;une fa\u00e7on efficace et durable qui facilitera le development socio-\u00e9conomique sur les terres autochtones, et supportera le cadre F\u00e9d\u00e9rale pour le development \u00e9conomique autochtones.<\/p>\n<p>Si vous avez des questions sur le processus de la gestion des terres sur les terres autochtones, svp entrez votre question dans le la bo\u00eete ci-dessous. La question sera envoyer au groupe de revision de la GIT. Assurez-vous d&#8217;inclure votre adresse courriel.<\/p>\n<div role=\"form\" class=\"wpcf7\" id=\"wpcf7-f1756-o1\" lang=\"en-US\" dir=\"ltr\">\n<div class=\"screen-reader-response\"><p role=\"status\" aria-live=\"polite\" aria-atomic=\"true\"><\/p> <ul><\/ul><\/div>\n<form action=\"\/fr\/wp-json\/wp\/v2\/pages\/1754#wpcf7-f1756-o1\" method=\"post\" class=\"wpcf7-form init\" novalidate=\"novalidate\" data-status=\"init\">\n<div style=\"display: none;\">\n<input type=\"hidden\" name=\"_wpcf7\" value=\"1756\" \/>\n<input type=\"hidden\" name=\"_wpcf7_version\" value=\"5.5.3\" \/>\n<input type=\"hidden\" name=\"_wpcf7_locale\" value=\"en_US\" \/>\n<input type=\"hidden\" name=\"_wpcf7_unit_tag\" value=\"wpcf7-f1756-o1\" \/>\n<input type=\"hidden\" name=\"_wpcf7_container_post\" value=\"0\" \/>\n<input type=\"hidden\" name=\"_wpcf7_posted_data_hash\" value=\"\" \/>\n<input type=\"hidden\" name=\"_wpcf7_recaptcha_response\" value=\"\" \/>\n<\/div>\n<p><label> Votre nom (requis)<br \/>\n    <span class=\"wpcf7-form-control-wrap your-name\"><input type=\"text\" name=\"your-name\" value=\"\" size=\"40\" class=\"wpcf7-form-control wpcf7-text wpcf7-validates-as-required\" aria-required=\"true\" aria-invalid=\"false\" \/><\/span> <\/label><\/p>\n<p><label> Votre adresse courriel (requis)<br \/>\n    <span class=\"wpcf7-form-control-wrap your-email\"><input type=\"email\" name=\"your-email\" value=\"\" size=\"40\" class=\"wpcf7-form-control wpcf7-text wpcf7-email wpcf7-validates-as-required wpcf7-validates-as-email\" aria-required=\"true\" aria-invalid=\"false\" \/><\/span> <\/label><\/p>\n<p><label> Ins\u00e9rez votre question ici<br \/>\n    <span class=\"wpcf7-form-control-wrap your-message\"><textarea name=\"your-message\" cols=\"40\" rows=\"10\" class=\"wpcf7-form-control wpcf7-textarea\" aria-invalid=\"false\"><\/textarea><\/span> <\/label><\/p>\n<p><input type=\"submit\" value=\"Soumettre\" class=\"wpcf7-form-control has-spinner wpcf7-submit\" \/><\/p>\n<p style=\"display: none !important;\"><label>&#916;<textarea name=\"_wpcf7_ak_hp_textarea\" cols=\"45\" rows=\"8\" maxlength=\"100\"><\/textarea><\/label><input type=\"hidden\" id=\"ak_js\" name=\"_wpcf7_ak_js\" value=\"17\"\/><script>document.getElementById( \"ak_js\" ).setAttribute( \"value\", ( new Date() ).getTime() );<\/script><\/p><input type='hidden' class='wpcf7-pum' value='{\"closepopup\":false,\"closedelay\":0,\"openpopup\":false,\"openpopup_id\":0}' \/><div class=\"wpcf7-response-output\" aria-hidden=\"true\"><\/div><\/form><\/div>\n<p>Votre question sera \u00e9tudi\u00e9e par un groupe d&#8217;arpenteurs-g\u00e9om\u00e8tres, ing\u00e9nieurs, plannificateurs, SIGP, gestionnaires de terres and des experts en enregistrement des terres.<\/p>\n<p>&nbsp;<\/p>\n","protected":false},"excerpt":{"rendered":"<p>Am\u00e9liorer la valeur des actifs autochtones en identifiant les occasions de d\u00e9veloppement \u00e9conomique, en faisant valoir les partenariats, par la gestion des actifs communautaires et en modernisant la gestion des terres. Cette extrait est tir\u00e9 du rapport annuel 2013-2014 de l\u2019Association des arpenteurs des terres du Canada. Vers une gestion int\u00e9gr\u00e9e des terres pour le [&hellip;]<\/p>\n","protected":false},"author":3,"featured_media":0,"parent":1830,"menu_order":0,"comment_status":"closed","ping_status":"closed","template":"","meta":[],"yoast_head":"<!-- This site is optimized with the Yoast SEO plugin v17.8 - https:\/\/yoast.com\/wordpress\/plugins\/seo\/ -->\n<meta name=\"robots\" content=\"index, follow, max-snippet:-1, max-image-preview:large, max-video-preview:-1\" \/>\n<link rel=\"canonical\" href=\"https:\/\/dev.acls-aatc.ca\/fr\/expertise-autochtone\/gestion-integree-des-terres\/\" \/>\n<meta property=\"og:locale\" content=\"fr_FR\" \/>\n<meta property=\"og:type\" content=\"article\" \/>\n<meta property=\"og:title\" content=\"Gestion int\u00e9gr\u00e9e des terres - ACLS AATC\" \/>\n<meta property=\"og:description\" content=\"Am\u00e9liorer la valeur des actifs autochtones en identifiant les occasions de d\u00e9veloppement \u00e9conomique, en faisant valoir les partenariats, par la gestion des actifs communautaires et en modernisant la gestion des terres. Cette extrait est tir\u00e9 du rapport annuel 2013-2014 de l\u2019Association des arpenteurs des terres du Canada. Vers une gestion int\u00e9gr\u00e9e des terres pour le [&hellip;]\" \/>\n<meta property=\"og:url\" content=\"https:\/\/dev.acls-aatc.ca\/fr\/expertise-autochtone\/gestion-integree-des-terres\/\" \/>\n<meta property=\"og:site_name\" content=\"ACLS AATC\" \/>\n<meta property=\"article:modified_time\" content=\"2019-07-18T18:14:00+00:00\" \/>\n<meta name=\"twitter:card\" content=\"summary\" \/>\n<meta name=\"twitter:label1\" content=\"Dur\u00e9e de lecture estim\u00e9e\" \/>\n\t<meta name=\"twitter:data1\" content=\"1 minute\" \/>\n<script type=\"application\/ld+json\" class=\"yoast-schema-graph\">{\"@context\":\"https:\/\/schema.org\",\"@graph\":[{\"@type\":\"WebSite\",\"@id\":\"https:\/\/dev.acls-aatc.ca\/#website\",\"url\":\"https:\/\/dev.acls-aatc.ca\/\",\"name\":\"ACLS AATC\",\"description\":\"\",\"potentialAction\":[{\"@type\":\"SearchAction\",\"target\":{\"@type\":\"EntryPoint\",\"urlTemplate\":\"https:\/\/dev.acls-aatc.ca\/?s={search_term_string}\"},\"query-input\":\"required name=search_term_string\"}],\"inLanguage\":\"fr-FR\"},{\"@type\":\"WebPage\",\"@id\":\"https:\/\/dev.acls-aatc.ca\/fr\/expertise-autochtone\/gestion-integree-des-terres\/#webpage\",\"url\":\"https:\/\/dev.acls-aatc.ca\/fr\/expertise-autochtone\/gestion-integree-des-terres\/\",\"name\":\"Gestion int\\u00e9gr\\u00e9e des terres - ACLS AATC\",\"isPartOf\":{\"@id\":\"https:\/\/dev.acls-aatc.ca\/#website\"},\"datePublished\":\"2017-06-27T20:55:07+00:00\",\"dateModified\":\"2019-07-18T18:14:00+00:00\",\"breadcrumb\":{\"@id\":\"https:\/\/dev.acls-aatc.ca\/fr\/expertise-autochtone\/gestion-integree-des-terres\/#breadcrumb\"},\"inLanguage\":\"fr-FR\",\"potentialAction\":[{\"@type\":\"ReadAction\",\"target\":[\"https:\/\/dev.acls-aatc.ca\/fr\/expertise-autochtone\/gestion-integree-des-terres\/\"]}]},{\"@type\":\"BreadcrumbList\",\"@id\":\"https:\/\/dev.acls-aatc.ca\/fr\/expertise-autochtone\/gestion-integree-des-terres\/#breadcrumb\",\"itemListElement\":[{\"@type\":\"ListItem\",\"position\":1,\"name\":\"Home\",\"item\":\"https:\/\/dev.acls-aatc.ca\/fr\/\"},{\"@type\":\"ListItem\",\"position\":2,\"name\":\"Expertise autochtone\",\"item\":\"https:\/\/dev.acls-aatc.ca\/fr\/expertise-autochtone\/\"},{\"@type\":\"ListItem\",\"position\":3,\"name\":\"Gestion int\\u00e9gr\\u00e9e des terres\"}]}]}<\/script>\n<!-- \/ Yoast SEO plugin. -->","yoast_head_json":{"robots":{"index":"index","follow":"follow","max-snippet":"max-snippet:-1","max-image-preview":"max-image-preview:large","max-video-preview":"max-video-preview:-1"},"canonical":"https:\/\/dev.acls-aatc.ca\/fr\/expertise-autochtone\/gestion-integree-des-terres\/","og_locale":"fr_FR","og_type":"article","og_title":"Gestion int\u00e9gr\u00e9e des terres - ACLS AATC","og_description":"Am\u00e9liorer la valeur des actifs autochtones en identifiant les occasions de d\u00e9veloppement \u00e9conomique, en faisant valoir les partenariats, par la gestion des actifs communautaires et en modernisant la gestion des terres. Cette extrait est tir\u00e9 du rapport annuel 2013-2014 de l\u2019Association des arpenteurs des terres du Canada. Vers une gestion int\u00e9gr\u00e9e des terres pour le [&hellip;]","og_url":"https:\/\/dev.acls-aatc.ca\/fr\/expertise-autochtone\/gestion-integree-des-terres\/","og_site_name":"ACLS AATC","article_modified_time":"2019-07-18T18:14:00+00:00","twitter_card":"summary","twitter_misc":{"Dur\u00e9e de lecture estim\u00e9e":"1 minute"},"schema":{"@context":"https:\/\/schema.org","@graph":[{"@type":"WebSite","@id":"https:\/\/dev.acls-aatc.ca\/#website","url":"https:\/\/dev.acls-aatc.ca\/","name":"ACLS AATC","description":"","potentialAction":[{"@type":"SearchAction","target":{"@type":"EntryPoint","urlTemplate":"https:\/\/dev.acls-aatc.ca\/?s={search_term_string}"},"query-input":"required name=search_term_string"}],"inLanguage":"fr-FR"},{"@type":"WebPage","@id":"https:\/\/dev.acls-aatc.ca\/fr\/expertise-autochtone\/gestion-integree-des-terres\/#webpage","url":"https:\/\/dev.acls-aatc.ca\/fr\/expertise-autochtone\/gestion-integree-des-terres\/","name":"Gestion int\u00e9gr\u00e9e des terres - ACLS AATC","isPartOf":{"@id":"https:\/\/dev.acls-aatc.ca\/#website"},"datePublished":"2017-06-27T20:55:07+00:00","dateModified":"2019-07-18T18:14:00+00:00","breadcrumb":{"@id":"https:\/\/dev.acls-aatc.ca\/fr\/expertise-autochtone\/gestion-integree-des-terres\/#breadcrumb"},"inLanguage":"fr-FR","potentialAction":[{"@type":"ReadAction","target":["https:\/\/dev.acls-aatc.ca\/fr\/expertise-autochtone\/gestion-integree-des-terres\/"]}]},{"@type":"BreadcrumbList","@id":"https:\/\/dev.acls-aatc.ca\/fr\/expertise-autochtone\/gestion-integree-des-terres\/#breadcrumb","itemListElement":[{"@type":"ListItem","position":1,"name":"Home","item":"https:\/\/dev.acls-aatc.ca\/fr\/"},{"@type":"ListItem","position":2,"name":"Expertise autochtone","item":"https:\/\/dev.acls-aatc.ca\/fr\/expertise-autochtone\/"},{"@type":"ListItem","position":3,"name":"Gestion int\u00e9gr\u00e9e des terres"}]}]}},"_links":{"self":[{"href":"https:\/\/dev.acls-aatc.ca\/fr\/wp-json\/wp\/v2\/pages\/1754"}],"collection":[{"href":"https:\/\/dev.acls-aatc.ca\/fr\/wp-json\/wp\/v2\/pages"}],"about":[{"href":"https:\/\/dev.acls-aatc.ca\/fr\/wp-json\/wp\/v2\/types\/page"}],"author":[{"embeddable":true,"href":"https:\/\/dev.acls-aatc.ca\/fr\/wp-json\/wp\/v2\/users\/3"}],"replies":[{"embeddable":true,"href":"https:\/\/dev.acls-aatc.ca\/fr\/wp-json\/wp\/v2\/comments?post=1754"}],"version-history":[{"count":6,"href":"https:\/\/dev.acls-aatc.ca\/fr\/wp-json\/wp\/v2\/pages\/1754\/revisions"}],"predecessor-version":[{"id":1829,"href":"https:\/\/dev.acls-aatc.ca\/fr\/wp-json\/wp\/v2\/pages\/1754\/revisions\/1829"}],"up":[{"embeddable":true,"href":"https:\/\/dev.acls-aatc.ca\/fr\/wp-json\/wp\/v2\/pages\/1830"}],"wp:attachment":[{"href":"https:\/\/dev.acls-aatc.ca\/fr\/wp-json\/wp\/v2\/media?parent=1754"}],"curies":[{"name":"wp","href":"https:\/\/api.w.org\/{rel}","templated":true}]}}