{"id":1461,"date":"2017-06-13T15:16:43","date_gmt":"2017-06-13T15:16:43","guid":{"rendered":"http:\/\/acls-aatc.tui.ninja\/?page_id=1461\/"},"modified":"2021-07-08T18:17:14","modified_gmt":"2021-07-08T18:17:14","slug":"materiel-didactique","status":"publish","type":"page","link":"https:\/\/dev.acls-aatc.ca\/fr\/etudiants\/materiel-didactique\/","title":{"rendered":"Mat\u00e9riel Didactique"},"content":{"rendered":"<p>L&#8217;AATC met \u00e0 la disposition des candidat(e)s du mat\u00e9riel didactique pour les aider \u00e0 pr\u00e9parer les examens professionnels. Ce mat\u00e9riel est disponible sous forme de vid\u00e9o disponible pour visionnement\u00a0directement sur <a href=\"http:\/\/www.geoed.ca\">GeoEd<\/a>, des livres et des manuels.<\/p>\n<p>L&#8217;AATC est en train de remplacer tous les s\u00e9minaires film\u00e9s par des vid\u00e9os plus r\u00e9cents disponibles pour visionnement sur le portail <a href=\"http:\/\/www.geoed.ca\">GeoEd<\/a>. La nouvelle section des questions extrac\u00f4ti\u00e8re et section des syst\u00e8mes de droits fonciers sont disponibles sur GeoEd.<\/p>\n<p>Voici nos recommandations au sujet du mat\u00e9riel didactique \u00e0 utiliser lors de vos \u00e9tudes ainsi que les endroits o\u00f9 vous pouvez vous les procurer s\u2019ils ne sont pas disponibles dans la librairie de l\u2019AATC\u00a0:<\/p>\n<p><strong>Item 1,<\/strong> <strong>L\u00e9gislation concernant l\u2019arpentage du Canada<\/strong><strong>\u00a0: <\/strong>Acc\u00e8dez aux \u2018<em>Instructions g.n.rales pour les arpentages, \u00e9dition en ligne<\/em>&#8221; requis pour l&#8217;article 1,\u00a0 \u00e0 <a href=\"https:\/\/clss.nrcan-rncan.gc.ca\/satc\/surveystandards-normesdarpentage\/\">https:\/\/clss.nrcan-rncan.gc.ca\/satc\/surveystandards-normesdarpentage\/<\/a><\/p>\n<p>&nbsp;<\/p>\n<p><strong>Item 2,<\/strong><strong> partie \u00ab\u00a0Syst\u00e8mes des droits fonciers sur les terres du Canada\u00a0\u00bb<\/strong> : T\u00e9l\u00e9chargez le volume \u00ab\u00a0<em>Arpentage, Parcelles et Tenure sur les Terres du Canada <\/em>\u00bb<\/p>\n<p>T\u00e9l\u00e9chargez:<\/p>\n<ul>\n<li><a href=\"https:\/\/www.acls-aatc.ca\/files\/francais\/publications\/CanadaLands_F.PDF\">\u00ab\u00a0<em>Arpentage, Parcelles et Tenure sur les Terres du Canada <\/em>\u00bb<\/a><\/li>\n<\/ul>\n<p>Commander:<\/p>\n<p>&nbsp;<\/p>\n<ul>\n<li>Un vid\u00e9o produit en fran\u00e7ais \u00ab Onshore Property Rights\u00a0\u00bb est disponible sur <a href=\"http:\/\/geoed.ca\/index.php\/en\/online-courses\/prc\">GeoEd<\/a>.<\/li>\n<\/ul>\n<p>Un vid\u00e9o produit en anglais \u00ab Offshore Property Rights\u00a0\u00bb est disponible sur <a href=\"http:\/\/www.geoed.ca\">GeoEd<\/a>.<\/p>\n<p><strong>Item 3, partie \u201cStructures gouvernementales\u201d<\/strong>: Commandez le livre \u2013 \u00ab\u00a0<em>Les canadiens et leur syst\u00e8me de gouvernement\u00a0\u00bb<\/em> par Eugene Forsey. Vous pouvez vous le procurer via le site Web : <a href=\"https:\/\/lop.parl.ca\/About\/Parliament\/SenatorEugeneForsey\/Home\/Index-f.html\">https:\/\/lop.parl.ca\/About\/Parliament\/SenatorEugeneForsey\/Home\/Index-f.html<\/a><\/p>\n","protected":false},"excerpt":{"rendered":"<p>L&#8217;AATC met \u00e0 la disposition des candidat(e)s du mat\u00e9riel didactique pour les aider \u00e0 pr\u00e9parer les examens professionnels. Ce mat\u00e9riel est disponible sous forme de vid\u00e9o disponible pour visionnement\u00a0directement sur GeoEd, des livres et des manuels. L&#8217;AATC est en train de remplacer tous les s\u00e9minaires film\u00e9s par des vid\u00e9os plus r\u00e9cents disponibles pour visionnement sur [&hellip;]<\/p>\n","protected":false},"author":3,"featured_media":0,"parent":835,"menu_order":0,"comment_status":"closed","ping_status":"closed","template":"","meta":[],"yoast_head":"<!-- This site is optimized with the Yoast SEO plugin v17.8 - https:\/\/yoast.com\/wordpress\/plugins\/seo\/ -->\n<meta name=\"robots\" content=\"index, follow, max-snippet:-1, max-image-preview:large, max-video-preview:-1\" \/>\n<link rel=\"canonical\" href=\"https:\/\/dev.acls-aatc.ca\/fr\/etudiants\/materiel-didactique\/\" \/>\n<meta property=\"og:locale\" content=\"fr_FR\" \/>\n<meta property=\"og:type\" content=\"article\" \/>\n<meta property=\"og:title\" content=\"Mat\u00e9riel Didactique - ACLS AATC\" \/>\n<meta property=\"og:description\" content=\"L&#8217;AATC met \u00e0 la disposition des candidat(e)s du mat\u00e9riel didactique pour les aider \u00e0 pr\u00e9parer les examens professionnels. Ce mat\u00e9riel est disponible sous forme de vid\u00e9o disponible pour visionnement\u00a0directement sur GeoEd, des livres et des manuels. L&#8217;AATC est en train de remplacer tous les s\u00e9minaires film\u00e9s par des vid\u00e9os plus r\u00e9cents disponibles pour visionnement sur [&hellip;]\" \/>\n<meta property=\"og:url\" content=\"https:\/\/dev.acls-aatc.ca\/fr\/etudiants\/materiel-didactique\/\" \/>\n<meta property=\"og:site_name\" content=\"ACLS AATC\" \/>\n<meta property=\"article:modified_time\" content=\"2021-07-08T18:17:14+00:00\" \/>\n<meta name=\"twitter:card\" content=\"summary\" \/>\n<meta name=\"twitter:label1\" content=\"Dur\u00e9e de lecture estim\u00e9e\" \/>\n\t<meta name=\"twitter:data1\" content=\"1 minute\" \/>\n<script type=\"application\/ld+json\" class=\"yoast-schema-graph\">{\"@context\":\"https:\/\/schema.org\",\"@graph\":[{\"@type\":\"WebSite\",\"@id\":\"https:\/\/dev.acls-aatc.ca\/#website\",\"url\":\"https:\/\/dev.acls-aatc.ca\/\",\"name\":\"ACLS AATC\",\"description\":\"\",\"potentialAction\":[{\"@type\":\"SearchAction\",\"target\":{\"@type\":\"EntryPoint\",\"urlTemplate\":\"https:\/\/dev.acls-aatc.ca\/?s={search_term_string}\"},\"query-input\":\"required name=search_term_string\"}],\"inLanguage\":\"fr-FR\"},{\"@type\":\"WebPage\",\"@id\":\"https:\/\/dev.acls-aatc.ca\/fr\/etudiants\/materiel-didactique\/#webpage\",\"url\":\"https:\/\/dev.acls-aatc.ca\/fr\/etudiants\/materiel-didactique\/\",\"name\":\"Mat\\u00e9riel Didactique - ACLS AATC\",\"isPartOf\":{\"@id\":\"https:\/\/dev.acls-aatc.ca\/#website\"},\"datePublished\":\"2017-06-13T15:16:43+00:00\",\"dateModified\":\"2021-07-08T18:17:14+00:00\",\"breadcrumb\":{\"@id\":\"https:\/\/dev.acls-aatc.ca\/fr\/etudiants\/materiel-didactique\/#breadcrumb\"},\"inLanguage\":\"fr-FR\",\"potentialAction\":[{\"@type\":\"ReadAction\",\"target\":[\"https:\/\/dev.acls-aatc.ca\/fr\/etudiants\/materiel-didactique\/\"]}]},{\"@type\":\"BreadcrumbList\",\"@id\":\"https:\/\/dev.acls-aatc.ca\/fr\/etudiants\/materiel-didactique\/#breadcrumb\",\"itemListElement\":[{\"@type\":\"ListItem\",\"position\":1,\"name\":\"Home\",\"item\":\"https:\/\/dev.acls-aatc.ca\/fr\/\"},{\"@type\":\"ListItem\",\"position\":2,\"name\":\"\\u00c9tudiants acceuil\",\"item\":\"https:\/\/dev.acls-aatc.ca\/fr\/etudiants\/\"},{\"@type\":\"ListItem\",\"position\":3,\"name\":\"Mat\\u00e9riel Didactique\"}]}]}<\/script>\n<!-- \/ Yoast SEO plugin. -->","yoast_head_json":{"robots":{"index":"index","follow":"follow","max-snippet":"max-snippet:-1","max-image-preview":"max-image-preview:large","max-video-preview":"max-video-preview:-1"},"canonical":"https:\/\/dev.acls-aatc.ca\/fr\/etudiants\/materiel-didactique\/","og_locale":"fr_FR","og_type":"article","og_title":"Mat\u00e9riel Didactique - ACLS AATC","og_description":"L&#8217;AATC met \u00e0 la disposition des candidat(e)s du mat\u00e9riel didactique pour les aider \u00e0 pr\u00e9parer les examens professionnels. Ce mat\u00e9riel est disponible sous forme de vid\u00e9o disponible pour visionnement\u00a0directement sur GeoEd, des livres et des manuels. L&#8217;AATC est en train de remplacer tous les s\u00e9minaires film\u00e9s par des vid\u00e9os plus r\u00e9cents disponibles pour visionnement sur [&hellip;]","og_url":"https:\/\/dev.acls-aatc.ca\/fr\/etudiants\/materiel-didactique\/","og_site_name":"ACLS AATC","article_modified_time":"2021-07-08T18:17:14+00:00","twitter_card":"summary","twitter_misc":{"Dur\u00e9e de lecture estim\u00e9e":"1 minute"},"schema":{"@context":"https:\/\/schema.org","@graph":[{"@type":"WebSite","@id":"https:\/\/dev.acls-aatc.ca\/#website","url":"https:\/\/dev.acls-aatc.ca\/","name":"ACLS AATC","description":"","potentialAction":[{"@type":"SearchAction","target":{"@type":"EntryPoint","urlTemplate":"https:\/\/dev.acls-aatc.ca\/?s={search_term_string}"},"query-input":"required name=search_term_string"}],"inLanguage":"fr-FR"},{"@type":"WebPage","@id":"https:\/\/dev.acls-aatc.ca\/fr\/etudiants\/materiel-didactique\/#webpage","url":"https:\/\/dev.acls-aatc.ca\/fr\/etudiants\/materiel-didactique\/","name":"Mat\u00e9riel Didactique - ACLS AATC","isPartOf":{"@id":"https:\/\/dev.acls-aatc.ca\/#website"},"datePublished":"2017-06-13T15:16:43+00:00","dateModified":"2021-07-08T18:17:14+00:00","breadcrumb":{"@id":"https:\/\/dev.acls-aatc.ca\/fr\/etudiants\/materiel-didactique\/#breadcrumb"},"inLanguage":"fr-FR","potentialAction":[{"@type":"ReadAction","target":["https:\/\/dev.acls-aatc.ca\/fr\/etudiants\/materiel-didactique\/"]}]},{"@type":"BreadcrumbList","@id":"https:\/\/dev.acls-aatc.ca\/fr\/etudiants\/materiel-didactique\/#breadcrumb","itemListElement":[{"@type":"ListItem","position":1,"name":"Home","item":"https:\/\/dev.acls-aatc.ca\/fr\/"},{"@type":"ListItem","position":2,"name":"\u00c9tudiants acceuil","item":"https:\/\/dev.acls-aatc.ca\/fr\/etudiants\/"},{"@type":"ListItem","position":3,"name":"Mat\u00e9riel Didactique"}]}]}},"_links":{"self":[{"href":"https:\/\/dev.acls-aatc.ca\/fr\/wp-json\/wp\/v2\/pages\/1461"}],"collection":[{"href":"https:\/\/dev.acls-aatc.ca\/fr\/wp-json\/wp\/v2\/pages"}],"about":[{"href":"https:\/\/dev.acls-aatc.ca\/fr\/wp-json\/wp\/v2\/types\/page"}],"author":[{"embeddable":true,"href":"https:\/\/dev.acls-aatc.ca\/fr\/wp-json\/wp\/v2\/users\/3"}],"replies":[{"embeddable":true,"href":"https:\/\/dev.acls-aatc.ca\/fr\/wp-json\/wp\/v2\/comments?post=1461"}],"version-history":[{"count":3,"href":"https:\/\/dev.acls-aatc.ca\/fr\/wp-json\/wp\/v2\/pages\/1461\/revisions"}],"predecessor-version":[{"id":10203,"href":"https:\/\/dev.acls-aatc.ca\/fr\/wp-json\/wp\/v2\/pages\/1461\/revisions\/10203"}],"up":[{"embeddable":true,"href":"https:\/\/dev.acls-aatc.ca\/fr\/wp-json\/wp\/v2\/pages\/835"}],"wp:attachment":[{"href":"https:\/\/dev.acls-aatc.ca\/fr\/wp-json\/wp\/v2\/media?parent=1461"}],"curies":[{"name":"wp","href":"https:\/\/api.w.org\/{rel}","templated":true}]}}