{"id":1400,"date":"2017-06-05T14:30:41","date_gmt":"2017-06-05T14:30:41","guid":{"rendered":"http:\/\/acls-aatc.tui.ninja\/trouver-un-arpenteur\/surveyors-in-quebec\/"},"modified":"2021-06-17T15:05:22","modified_gmt":"2021-06-17T15:05:22","slug":"arpenteurs-en-quebec","status":"publish","type":"page","link":"https:\/\/dev.acls-aatc.ca\/fr\/trouver-un-arpenteur\/arpenteurs-en-quebec\/","title":{"rendered":"Qu\u00e9bec"},"content":{"rendered":"\n<table id=\"tablepress-40\" class=\"tablepress tablepress-id-40\">\n<thead>\n<tr class=\"row-1 odd\">\n\t<th class=\"column-1\">last name\/ pr\u00e9noms<\/th><th class=\"column-2\">first name\/nom<\/th><th class=\"column-3\">phone\/t\u00e9l\u00e9phone<\/th><th class=\"column-4\">employer\/employeur<\/th><th class=\"column-5\">licence\/licence<\/th>\n<\/tr>\n<\/thead>\n<tbody class=\"row-hover\">\n<tr class=\"row-2 even\">\n\t<td class=\"column-1\">Bastien<\/td><td class=\"column-2\">Jos\u00e9e<\/td><td class=\"column-3\">(418) 648-5724<\/td><td class=\"column-4\">Surveyor General Branch, NRCan<\/td><td class=\"column-5\">159<\/td>\n<\/tr>\n<tr class=\"row-3 odd\">\n\t<td class=\"column-1\">Bergeron<\/td><td class=\"column-2\">Samuel<\/td><td class=\"column-3\">581-309-5645<\/td><td class=\"column-4\">G\u00e9olocation Inc.<\/td><td class=\"column-5\">711<\/td>\n<\/tr>\n<tr class=\"row-4 even\">\n\t<td class=\"column-1\">Brousseau<\/td><td class=\"column-2\">Nathalie<\/td><td class=\"column-3\">(613) 219-6284<\/td><td class=\"column-4\">Public Services and Procurement Canada<\/td><td class=\"column-5\">529<\/td>\n<\/tr>\n<tr class=\"row-5 odd\">\n\t<td class=\"column-1\">Cadoret<\/td><td class=\"column-2\">Marcel<\/td><td class=\"column-3\">(418) 296-6511<\/td><td class=\"column-4\">Groupe Cadoret, Arpenteur-G\u00e9om\u00e8tre Inc.<\/td><td class=\"column-5\">393<\/td>\n<\/tr>\n<tr class=\"row-6 even\">\n\t<td class=\"column-1\">Choini\u00e8re<\/td><td class=\"column-2\">Eric<\/td><td class=\"column-3\">(450) 449-6225<\/td><td class=\"column-4\">Eric Choini\u00e8re, arpenteur g\u00e9om\u00e8tre Inc.<\/td><td class=\"column-5\">377<\/td>\n<\/tr>\n<tr class=\"row-7 odd\">\n\t<td class=\"column-1\">Corriveau<\/td><td class=\"column-2\">Jean-Luc<\/td><td class=\"column-3\">(819) 825-3702<\/td><td class=\"column-4\">Corriveau J.L. et Ass. Inc.<\/td><td class=\"column-5\">454<\/td>\n<\/tr>\n<tr class=\"row-8 even\">\n\t<td class=\"column-1\">Descarreaux<\/td><td class=\"column-2\">Patrick<\/td><td class=\"column-3\">(819) 333-3155<\/td><td class=\"column-4\">Patrick Descarreaux, arpenteur-g\u00e9om\u00e8tre Inc.<\/td><td class=\"column-5\">401<\/td>\n<\/tr>\n<tr class=\"row-9 odd\">\n\t<td class=\"column-1\">Drolet<\/td><td class=\"column-2\">Fran\u00e7ois<\/td><td class=\"column-3\">(418) 830-1530<\/td><td class=\"column-4\">Ecce Terra Arpentage-G\u00e9omatique Etc Inc.<\/td><td class=\"column-5\">663<\/td>\n<\/tr>\n<tr class=\"row-10 even\">\n\t<td class=\"column-1\">Dub\u00e9<\/td><td class=\"column-2\">Guillaume<\/td><td class=\"column-3\">(418) 648-5721<\/td><td class=\"column-4\">Surveyor General Branch, NRCan<\/td><td class=\"column-5\">627<\/td>\n<\/tr>\n<tr class=\"row-11 odd\">\n\t<td class=\"column-1\">Fecteau<\/td><td class=\"column-2\">Dominique<\/td><td class=\"column-3\">(819) 425-2777<\/td><td class=\"column-4\">Groupe Barbe &amp; Robidoux.SAT inc.<\/td><td class=\"column-5\">452<\/td>\n<\/tr>\n<tr class=\"row-12 even\">\n\t<td class=\"column-1\">Fortier<\/td><td class=\"column-2\">Benoit<\/td><td class=\"column-3\">(418) 929-1426<\/td><td class=\"column-4\">Surveyor General Branch, NRCan<\/td><td class=\"column-5\">691<\/td>\n<\/tr>\n<tr class=\"row-13 odd\">\n\t<td class=\"column-1\">Fortin<\/td><td class=\"column-2\">Michel<\/td><td class=\"column-3\">(819) 684-0771<\/td><td class=\"column-4\">Courchesne-Fortin a.-g. inc.<\/td><td class=\"column-5\">195<\/td>\n<\/tr>\n<tr class=\"row-14 even\">\n\t<td class=\"column-1\">Groulx<\/td><td class=\"column-2\">Eric<\/td><td class=\"column-3\">(418) 648-7681<\/td><td class=\"column-4\">Surveyor General Branch, NRCan<\/td><td class=\"column-5\">467<\/td>\n<\/tr>\n<tr class=\"row-15 odd\">\n\t<td class=\"column-1\">Jacob<\/td><td class=\"column-2\">Alain<\/td><td class=\"column-3\">(613) 244-2886<\/td><td class=\"column-4\">Public Services and Procurement Canada<\/td><td class=\"column-5\">090<\/td>\n<\/tr>\n<tr class=\"row-16 even\">\n\t<td class=\"column-1\">Larocque<\/td><td class=\"column-2\">Martin<\/td><td class=\"column-3\">(888) 399-6767<\/td><td class=\"column-4\">Groupe Civitas inc.<\/td><td class=\"column-5\">473<\/td>\n<\/tr>\n<tr class=\"row-17 odd\">\n\t<td class=\"column-1\">Martineau<\/td><td class=\"column-2\">Serge<\/td><td class=\"column-3\">(418) 543-0658<\/td><td class=\"column-4\">Girard Tremblay Gilbert Nadeau Martineau Inc.<\/td><td class=\"column-5\">343<\/td>\n<\/tr>\n<tr class=\"row-18 even\">\n\t<td class=\"column-1\">Moisan<\/td><td class=\"column-2\">Estelle<\/td><td class=\"column-3\">(418) 664-2466<\/td><td class=\"column-4\">Hydro-Qu\u00e9bec<\/td><td class=\"column-5\">436<\/td>\n<\/tr>\n<tr class=\"row-19 odd\">\n\t<td class=\"column-1\">Morneau<\/td><td class=\"column-2\">Yanick<\/td><td class=\"column-3\">(418) 275-5151<\/td><td class=\"column-4\">Caouette, Th\u00e9riault et Renaud inc.<\/td><td class=\"column-5\">495<\/td>\n<\/tr>\n<tr class=\"row-20 even\">\n\t<td class=\"column-1\">Pag\u00e9<\/td><td class=\"column-2\">Ivan<\/td><td class=\"column-3\">(418) 688-3308<\/td><td class=\"column-4\">G\u00e9olocation Inc.<\/td><td class=\"column-5\">198<\/td>\n<\/tr>\n<tr class=\"row-21 odd\">\n\t<td class=\"column-1\">Rochette<\/td><td class=\"column-2\">David D.<\/td><td class=\"column-3\">(418) 951-7380<\/td><td class=\"column-4\">Crown-Indigenous Relations and Northern Affairs<\/td><td class=\"column-5\">488<\/td>\n<\/tr>\n<tr class=\"row-22 even\">\n\t<td class=\"column-1\">Sansoucy<\/td><td class=\"column-2\">Alain<\/td><td class=\"column-3\">(514) 990-9433<\/td><td class=\"column-4\">Legault Trudeau, arpenteurs-g\u00e9om\u00e8tres inc.<\/td><td class=\"column-5\">253<\/td>\n<\/tr>\n<tr class=\"row-23 odd\">\n\t<td class=\"column-1\">Sarrazin<\/td><td class=\"column-2\">Mario<\/td><td class=\"column-3\">(819) 629-2410<\/td><td class=\"column-4\">Mario Sarrazin, Arpenteur-g\u00e9om\u00e8tre<\/td><td class=\"column-5\">255<\/td>\n<\/tr>\n<\/tbody>\n<\/table>\n\n","protected":false},"excerpt":{"rendered":"","protected":false},"author":1,"featured_media":0,"parent":787,"menu_order":0,"comment_status":"closed","ping_status":"closed","template":"page-datatable.php","meta":[],"yoast_head":"<!-- This site is optimized with the Yoast SEO plugin v17.8 - https:\/\/yoast.com\/wordpress\/plugins\/seo\/ -->\n<meta name=\"robots\" content=\"index, follow, max-snippet:-1, max-image-preview:large, max-video-preview:-1\" \/>\n<link rel=\"canonical\" href=\"https:\/\/dev.acls-aatc.ca\/fr\/trouver-un-arpenteur\/arpenteurs-en-quebec\/\" \/>\n<meta property=\"og:locale\" content=\"fr_FR\" \/>\n<meta property=\"og:type\" content=\"article\" \/>\n<meta property=\"og:title\" content=\"Qu\u00e9bec - ACLS AATC\" \/>\n<meta property=\"og:url\" content=\"https:\/\/dev.acls-aatc.ca\/fr\/trouver-un-arpenteur\/arpenteurs-en-quebec\/\" \/>\n<meta property=\"og:site_name\" content=\"ACLS AATC\" \/>\n<meta property=\"article:modified_time\" content=\"2021-06-17T15:05:22+00:00\" \/>\n<meta name=\"twitter:card\" content=\"summary\" \/>\n<script type=\"application\/ld+json\" class=\"yoast-schema-graph\">{\"@context\":\"https:\/\/schema.org\",\"@graph\":[{\"@type\":\"WebSite\",\"@id\":\"https:\/\/dev.acls-aatc.ca\/#website\",\"url\":\"https:\/\/dev.acls-aatc.ca\/\",\"name\":\"ACLS AATC\",\"description\":\"\",\"potentialAction\":[{\"@type\":\"SearchAction\",\"target\":{\"@type\":\"EntryPoint\",\"urlTemplate\":\"https:\/\/dev.acls-aatc.ca\/?s={search_term_string}\"},\"query-input\":\"required name=search_term_string\"}],\"inLanguage\":\"fr-FR\"},{\"@type\":\"WebPage\",\"@id\":\"https:\/\/dev.acls-aatc.ca\/fr\/trouver-un-arpenteur\/arpenteurs-en-quebec\/#webpage\",\"url\":\"https:\/\/dev.acls-aatc.ca\/fr\/trouver-un-arpenteur\/arpenteurs-en-quebec\/\",\"name\":\"Qu\\u00e9bec - ACLS AATC\",\"isPartOf\":{\"@id\":\"https:\/\/dev.acls-aatc.ca\/#website\"},\"datePublished\":\"2017-06-05T14:30:41+00:00\",\"dateModified\":\"2021-06-17T15:05:22+00:00\",\"breadcrumb\":{\"@id\":\"https:\/\/dev.acls-aatc.ca\/fr\/trouver-un-arpenteur\/arpenteurs-en-quebec\/#breadcrumb\"},\"inLanguage\":\"fr-FR\",\"potentialAction\":[{\"@type\":\"ReadAction\",\"target\":[\"https:\/\/dev.acls-aatc.ca\/fr\/trouver-un-arpenteur\/arpenteurs-en-quebec\/\"]}]},{\"@type\":\"BreadcrumbList\",\"@id\":\"https:\/\/dev.acls-aatc.ca\/fr\/trouver-un-arpenteur\/arpenteurs-en-quebec\/#breadcrumb\",\"itemListElement\":[{\"@type\":\"ListItem\",\"position\":1,\"name\":\"Home\",\"item\":\"https:\/\/dev.acls-aatc.ca\/fr\/\"},{\"@type\":\"ListItem\",\"position\":2,\"name\":\"Trouver un arpenteur-g\\u00e9om\\u00e8tre\",\"item\":\"https:\/\/dev.acls-aatc.ca\/fr\/trouver-un-arpenteur\/\"},{\"@type\":\"ListItem\",\"position\":3,\"name\":\"Qu\\u00e9bec\"}]}]}<\/script>\n<!-- \/ Yoast SEO plugin. -->","yoast_head_json":{"robots":{"index":"index","follow":"follow","max-snippet":"max-snippet:-1","max-image-preview":"max-image-preview:large","max-video-preview":"max-video-preview:-1"},"canonical":"https:\/\/dev.acls-aatc.ca\/fr\/trouver-un-arpenteur\/arpenteurs-en-quebec\/","og_locale":"fr_FR","og_type":"article","og_title":"Qu\u00e9bec - ACLS AATC","og_url":"https:\/\/dev.acls-aatc.ca\/fr\/trouver-un-arpenteur\/arpenteurs-en-quebec\/","og_site_name":"ACLS AATC","article_modified_time":"2021-06-17T15:05:22+00:00","twitter_card":"summary","schema":{"@context":"https:\/\/schema.org","@graph":[{"@type":"WebSite","@id":"https:\/\/dev.acls-aatc.ca\/#website","url":"https:\/\/dev.acls-aatc.ca\/","name":"ACLS AATC","description":"","potentialAction":[{"@type":"SearchAction","target":{"@type":"EntryPoint","urlTemplate":"https:\/\/dev.acls-aatc.ca\/?s={search_term_string}"},"query-input":"required name=search_term_string"}],"inLanguage":"fr-FR"},{"@type":"WebPage","@id":"https:\/\/dev.acls-aatc.ca\/fr\/trouver-un-arpenteur\/arpenteurs-en-quebec\/#webpage","url":"https:\/\/dev.acls-aatc.ca\/fr\/trouver-un-arpenteur\/arpenteurs-en-quebec\/","name":"Qu\u00e9bec - ACLS AATC","isPartOf":{"@id":"https:\/\/dev.acls-aatc.ca\/#website"},"datePublished":"2017-06-05T14:30:41+00:00","dateModified":"2021-06-17T15:05:22+00:00","breadcrumb":{"@id":"https:\/\/dev.acls-aatc.ca\/fr\/trouver-un-arpenteur\/arpenteurs-en-quebec\/#breadcrumb"},"inLanguage":"fr-FR","potentialAction":[{"@type":"ReadAction","target":["https:\/\/dev.acls-aatc.ca\/fr\/trouver-un-arpenteur\/arpenteurs-en-quebec\/"]}]},{"@type":"BreadcrumbList","@id":"https:\/\/dev.acls-aatc.ca\/fr\/trouver-un-arpenteur\/arpenteurs-en-quebec\/#breadcrumb","itemListElement":[{"@type":"ListItem","position":1,"name":"Home","item":"https:\/\/dev.acls-aatc.ca\/fr\/"},{"@type":"ListItem","position":2,"name":"Trouver un arpenteur-g\u00e9om\u00e8tre","item":"https:\/\/dev.acls-aatc.ca\/fr\/trouver-un-arpenteur\/"},{"@type":"ListItem","position":3,"name":"Qu\u00e9bec"}]}]}},"_links":{"self":[{"href":"https:\/\/dev.acls-aatc.ca\/fr\/wp-json\/wp\/v2\/pages\/1400"}],"collection":[{"href":"https:\/\/dev.acls-aatc.ca\/fr\/wp-json\/wp\/v2\/pages"}],"about":[{"href":"https:\/\/dev.acls-aatc.ca\/fr\/wp-json\/wp\/v2\/types\/page"}],"author":[{"embeddable":true,"href":"https:\/\/dev.acls-aatc.ca\/fr\/wp-json\/wp\/v2\/users\/1"}],"replies":[{"embeddable":true,"href":"https:\/\/dev.acls-aatc.ca\/fr\/wp-json\/wp\/v2\/comments?post=1400"}],"version-history":[{"count":27,"href":"https:\/\/dev.acls-aatc.ca\/fr\/wp-json\/wp\/v2\/pages\/1400\/revisions"}],"predecessor-version":[{"id":10156,"href":"https:\/\/dev.acls-aatc.ca\/fr\/wp-json\/wp\/v2\/pages\/1400\/revisions\/10156"}],"up":[{"embeddable":true,"href":"https:\/\/dev.acls-aatc.ca\/fr\/wp-json\/wp\/v2\/pages\/787"}],"wp:attachment":[{"href":"https:\/\/dev.acls-aatc.ca\/fr\/wp-json\/wp\/v2\/media?parent=1400"}],"curies":[{"name":"wp","href":"https:\/\/api.w.org\/{rel}","templated":true}]}}