{"id":10296,"date":"2021-07-23T13:55:41","date_gmt":"2021-07-23T13:55:41","guid":{"rendered":"https:\/\/www.acls-aatc.ca\/?page_id=10296"},"modified":"2021-07-23T17:24:15","modified_gmt":"2021-07-23T17:24:15","slug":"exposants","status":"publish","type":"page","link":"https:\/\/dev.acls-aatc.ca\/fr\/cnag-2022\/exposants\/","title":{"rendered":"Exposants"},"content":{"rendered":"<p>C&#8217;est avec grand plaisir que nous vous invitons \u00e0 participer \u00e0 la seizi\u00e8me Conf\u00e9rence nationale des arpenteurs-g\u00e9om\u00e8tres <strong>du 10 au 13 mai \u00e0 Kanata, Ontario<\/strong>, qui se tiendra en collaboration avec G\u00e9om\u00e8tres professionnels du Canada.<\/p>\n<p>La prochaine conf\u00e9rence aura lieu \u00e0 l&#8217;h\u00f4tel Brookstreet. Des espaces d&#8217;expositions ont \u00e9t\u00e9 r\u00e9serv\u00e9s dans le Foyer Grand Scheme de l&#8217;h\u00f4tel pour les 11 et 12 mai.<\/p>\n<p>Ces conf\u00e9rences sont toujours tr\u00e8s fr\u00e9quent\u00e9es, car ce sont les seules conf\u00e9rences nationales des arpenteurs-g\u00e9om\u00e8tres. Pour la conf\u00e9rence 2022, nous attendons 200 d\u00e9l\u00e9gu\u00e9s.<\/p>\n<p>Veuillez t\u00e9l\u00e9charger les documents suivants pour vous inscrire en tant qu&#8217;exposant :<\/p>\n<ul>\n<li><strong><a href=\"https:\/\/dev.acls-aatc.ca\/fr\/cnag-2022\/exposants\/fr-exhibit-application-2022-doc\/\" rel=\"attachment wp-att-10299\">Formulaire d&#8217;inscription des exposants<\/a><\/strong><\/li>\n<li><strong> Une copie du <a href=\"https:\/\/dev.acls-aatc.ca\/fr\/cnag-2022\/exposants\/floor-plans-2\/\" rel=\"attachment wp-att-10285\">plan de plancher<\/a>\u00a0de l&#8217;aire d&#8217;exposition<\/strong><\/li>\n<\/ul>\n<p>La demande doit \u00eatre envoy\u00e9e avant le 1er avril 2022. <strong>Veuillez remplir le formulaire\u00a0 <\/strong><strong>de demande et l&#8217;envoyer par courriel \u00e0<\/strong> : <strong><a href=\"mailto:admin@acls-aatc.ca\">admin@acls-aatc.ca<\/a><\/strong>. Les d\u00e9tails sur la conf\u00e9rence seront affich\u00e9s sur le site Web de l&#8217;AATC en d\u00e9cembre.<\/p>\n","protected":false},"excerpt":{"rendered":"<p>C&#8217;est avec grand plaisir que nous vous invitons \u00e0 participer \u00e0 la seizi\u00e8me Conf\u00e9rence nationale des arpenteurs-g\u00e9om\u00e8tres du 10 au 13 mai \u00e0 Kanata, Ontario, qui se tiendra en collaboration avec G\u00e9om\u00e8tres professionnels du Canada. La prochaine conf\u00e9rence aura lieu \u00e0 l&#8217;h\u00f4tel Brookstreet. Des espaces d&#8217;expositions ont \u00e9t\u00e9 r\u00e9serv\u00e9s dans le Foyer Grand Scheme de [&hellip;]<\/p>\n","protected":false},"author":3,"featured_media":0,"parent":10248,"menu_order":0,"comment_status":"closed","ping_status":"closed","template":"","meta":[],"yoast_head":"<!-- This site is optimized with the Yoast SEO plugin v17.8 - https:\/\/yoast.com\/wordpress\/plugins\/seo\/ -->\n<meta name=\"robots\" content=\"index, follow, max-snippet:-1, max-image-preview:large, max-video-preview:-1\" \/>\n<link rel=\"canonical\" href=\"https:\/\/dev.acls-aatc.ca\/fr\/cnag-2022\/exposants\/\" \/>\n<meta property=\"og:locale\" content=\"fr_FR\" \/>\n<meta property=\"og:type\" content=\"article\" \/>\n<meta property=\"og:title\" content=\"Exposants - ACLS AATC\" \/>\n<meta property=\"og:description\" content=\"C&#8217;est avec grand plaisir que nous vous invitons \u00e0 participer \u00e0 la seizi\u00e8me Conf\u00e9rence nationale des arpenteurs-g\u00e9om\u00e8tres du 10 au 13 mai \u00e0 Kanata, Ontario, qui se tiendra en collaboration avec G\u00e9om\u00e8tres professionnels du Canada. La prochaine conf\u00e9rence aura lieu \u00e0 l&#8217;h\u00f4tel Brookstreet. Des espaces d&#8217;expositions ont \u00e9t\u00e9 r\u00e9serv\u00e9s dans le Foyer Grand Scheme de [&hellip;]\" \/>\n<meta property=\"og:url\" content=\"https:\/\/dev.acls-aatc.ca\/fr\/cnag-2022\/exposants\/\" \/>\n<meta property=\"og:site_name\" content=\"ACLS AATC\" \/>\n<meta property=\"article:modified_time\" content=\"2021-07-23T17:24:15+00:00\" \/>\n<meta name=\"twitter:card\" content=\"summary\" \/>\n<meta name=\"twitter:label1\" content=\"Dur\u00e9e de lecture estim\u00e9e\" \/>\n\t<meta name=\"twitter:data1\" content=\"1 minute\" \/>\n<script type=\"application\/ld+json\" class=\"yoast-schema-graph\">{\"@context\":\"https:\/\/schema.org\",\"@graph\":[{\"@type\":\"WebSite\",\"@id\":\"https:\/\/dev.acls-aatc.ca\/#website\",\"url\":\"https:\/\/dev.acls-aatc.ca\/\",\"name\":\"ACLS AATC\",\"description\":\"\",\"potentialAction\":[{\"@type\":\"SearchAction\",\"target\":{\"@type\":\"EntryPoint\",\"urlTemplate\":\"https:\/\/dev.acls-aatc.ca\/?s={search_term_string}\"},\"query-input\":\"required name=search_term_string\"}],\"inLanguage\":\"fr-FR\"},{\"@type\":\"WebPage\",\"@id\":\"https:\/\/dev.acls-aatc.ca\/fr\/cnag-2022\/exposants\/#webpage\",\"url\":\"https:\/\/dev.acls-aatc.ca\/fr\/cnag-2022\/exposants\/\",\"name\":\"Exposants - ACLS AATC\",\"isPartOf\":{\"@id\":\"https:\/\/dev.acls-aatc.ca\/#website\"},\"datePublished\":\"2021-07-23T13:55:41+00:00\",\"dateModified\":\"2021-07-23T17:24:15+00:00\",\"breadcrumb\":{\"@id\":\"https:\/\/dev.acls-aatc.ca\/fr\/cnag-2022\/exposants\/#breadcrumb\"},\"inLanguage\":\"fr-FR\",\"potentialAction\":[{\"@type\":\"ReadAction\",\"target\":[\"https:\/\/dev.acls-aatc.ca\/fr\/cnag-2022\/exposants\/\"]}]},{\"@type\":\"BreadcrumbList\",\"@id\":\"https:\/\/dev.acls-aatc.ca\/fr\/cnag-2022\/exposants\/#breadcrumb\",\"itemListElement\":[{\"@type\":\"ListItem\",\"position\":1,\"name\":\"Home\",\"item\":\"https:\/\/dev.acls-aatc.ca\/fr\/\"},{\"@type\":\"ListItem\",\"position\":2,\"name\":\"CNAG 2022\",\"item\":\"https:\/\/dev.acls-aatc.ca\/fr\/cnag-2022\/\"},{\"@type\":\"ListItem\",\"position\":3,\"name\":\"Exposants\"}]}]}<\/script>\n<!-- \/ Yoast SEO plugin. -->","yoast_head_json":{"robots":{"index":"index","follow":"follow","max-snippet":"max-snippet:-1","max-image-preview":"max-image-preview:large","max-video-preview":"max-video-preview:-1"},"canonical":"https:\/\/dev.acls-aatc.ca\/fr\/cnag-2022\/exposants\/","og_locale":"fr_FR","og_type":"article","og_title":"Exposants - ACLS AATC","og_description":"C&#8217;est avec grand plaisir que nous vous invitons \u00e0 participer \u00e0 la seizi\u00e8me Conf\u00e9rence nationale des arpenteurs-g\u00e9om\u00e8tres du 10 au 13 mai \u00e0 Kanata, Ontario, qui se tiendra en collaboration avec G\u00e9om\u00e8tres professionnels du Canada. La prochaine conf\u00e9rence aura lieu \u00e0 l&#8217;h\u00f4tel Brookstreet. Des espaces d&#8217;expositions ont \u00e9t\u00e9 r\u00e9serv\u00e9s dans le Foyer Grand Scheme de [&hellip;]","og_url":"https:\/\/dev.acls-aatc.ca\/fr\/cnag-2022\/exposants\/","og_site_name":"ACLS AATC","article_modified_time":"2021-07-23T17:24:15+00:00","twitter_card":"summary","twitter_misc":{"Dur\u00e9e de lecture estim\u00e9e":"1 minute"},"schema":{"@context":"https:\/\/schema.org","@graph":[{"@type":"WebSite","@id":"https:\/\/dev.acls-aatc.ca\/#website","url":"https:\/\/dev.acls-aatc.ca\/","name":"ACLS AATC","description":"","potentialAction":[{"@type":"SearchAction","target":{"@type":"EntryPoint","urlTemplate":"https:\/\/dev.acls-aatc.ca\/?s={search_term_string}"},"query-input":"required name=search_term_string"}],"inLanguage":"fr-FR"},{"@type":"WebPage","@id":"https:\/\/dev.acls-aatc.ca\/fr\/cnag-2022\/exposants\/#webpage","url":"https:\/\/dev.acls-aatc.ca\/fr\/cnag-2022\/exposants\/","name":"Exposants - ACLS AATC","isPartOf":{"@id":"https:\/\/dev.acls-aatc.ca\/#website"},"datePublished":"2021-07-23T13:55:41+00:00","dateModified":"2021-07-23T17:24:15+00:00","breadcrumb":{"@id":"https:\/\/dev.acls-aatc.ca\/fr\/cnag-2022\/exposants\/#breadcrumb"},"inLanguage":"fr-FR","potentialAction":[{"@type":"ReadAction","target":["https:\/\/dev.acls-aatc.ca\/fr\/cnag-2022\/exposants\/"]}]},{"@type":"BreadcrumbList","@id":"https:\/\/dev.acls-aatc.ca\/fr\/cnag-2022\/exposants\/#breadcrumb","itemListElement":[{"@type":"ListItem","position":1,"name":"Home","item":"https:\/\/dev.acls-aatc.ca\/fr\/"},{"@type":"ListItem","position":2,"name":"CNAG 2022","item":"https:\/\/dev.acls-aatc.ca\/fr\/cnag-2022\/"},{"@type":"ListItem","position":3,"name":"Exposants"}]}]}},"_links":{"self":[{"href":"https:\/\/dev.acls-aatc.ca\/fr\/wp-json\/wp\/v2\/pages\/10296"}],"collection":[{"href":"https:\/\/dev.acls-aatc.ca\/fr\/wp-json\/wp\/v2\/pages"}],"about":[{"href":"https:\/\/dev.acls-aatc.ca\/fr\/wp-json\/wp\/v2\/types\/page"}],"author":[{"embeddable":true,"href":"https:\/\/dev.acls-aatc.ca\/fr\/wp-json\/wp\/v2\/users\/3"}],"replies":[{"embeddable":true,"href":"https:\/\/dev.acls-aatc.ca\/fr\/wp-json\/wp\/v2\/comments?post=10296"}],"version-history":[{"count":4,"href":"https:\/\/dev.acls-aatc.ca\/fr\/wp-json\/wp\/v2\/pages\/10296\/revisions"}],"predecessor-version":[{"id":10305,"href":"https:\/\/dev.acls-aatc.ca\/fr\/wp-json\/wp\/v2\/pages\/10296\/revisions\/10305"}],"up":[{"embeddable":true,"href":"https:\/\/dev.acls-aatc.ca\/fr\/wp-json\/wp\/v2\/pages\/10248"}],"wp:attachment":[{"href":"https:\/\/dev.acls-aatc.ca\/fr\/wp-json\/wp\/v2\/media?parent=10296"}],"curies":[{"name":"wp","href":"https:\/\/api.w.org\/{rel}","templated":true}]}}