{"id":10267,"date":"2021-07-22T14:52:57","date_gmt":"2021-07-22T14:52:57","guid":{"rendered":"https:\/\/www.acls-aatc.ca\/?page_id=10267"},"modified":"2021-07-22T14:52:57","modified_gmt":"2021-07-22T14:52:57","slug":"normes-pour-des-leves-hydrographiques","status":"publish","type":"page","link":"https:\/\/dev.acls-aatc.ca\/fr\/expertise-extracotier\/normes-pour-des-leves-hydrographiques\/","title":{"rendered":"Normes pour des lev\u00e9s hydrographiques"},"content":{"rendered":"<p>L&#8217; OHI <a href=\"https:\/\/iho.int\/uploads\/user\/pubs\/standards\/s-44\/S-44_Edition_6.0.0_EN.pdf\"><em>Normes pour les lev\u00e9s hydrographiques<\/em><\/a><\/p>\n<p>Pr\u00e9par\u00e9 par: L&#8217;ORGANISATION HYDROGRAPHIQUE INTERNATIONALE<\/p>\n<p><a href=\"https:\/\/charts.gc.ca\/documents\/data-gestion\/standards-normes\/standards-normes-2021-fra.pdf\">NORMES POUR LES LEV\u00c9S HYDROGRAPHIQUES<\/a><\/p>\n<p>Pr\u00e9par\u00e9 par : Service hydrographique du Canada<br \/>\nP\u00eaches et Oc\u00e9ans Canada<\/p>\n","protected":false},"excerpt":{"rendered":"<p>L&#8217; OHI Normes pour les lev\u00e9s hydrographiques Pr\u00e9par\u00e9 par: L&#8217;ORGANISATION HYDROGRAPHIQUE INTERNATIONALE NORMES POUR LES LEV\u00c9S HYDROGRAPHIQUES Pr\u00e9par\u00e9 par : Service hydrographique du Canada P\u00eaches et Oc\u00e9ans Canada<\/p>\n","protected":false},"author":3,"featured_media":0,"parent":499,"menu_order":0,"comment_status":"closed","ping_status":"closed","template":"","meta":[],"yoast_head":"<!-- This site is optimized with the Yoast SEO plugin v17.8 - https:\/\/yoast.com\/wordpress\/plugins\/seo\/ -->\n<meta name=\"robots\" content=\"index, follow, max-snippet:-1, max-image-preview:large, max-video-preview:-1\" \/>\n<link rel=\"canonical\" href=\"https:\/\/dev.acls-aatc.ca\/fr\/expertise-extracotier\/normes-pour-des-leves-hydrographiques\/\" \/>\n<meta property=\"og:locale\" content=\"fr_FR\" \/>\n<meta property=\"og:type\" content=\"article\" \/>\n<meta property=\"og:title\" content=\"Normes pour des lev\u00e9s hydrographiques - ACLS AATC\" \/>\n<meta property=\"og:description\" content=\"L&#8217; OHI Normes pour les lev\u00e9s hydrographiques Pr\u00e9par\u00e9 par: L&#8217;ORGANISATION HYDROGRAPHIQUE INTERNATIONALE NORMES POUR LES LEV\u00c9S HYDROGRAPHIQUES Pr\u00e9par\u00e9 par : Service hydrographique du Canada P\u00eaches et Oc\u00e9ans Canada\" \/>\n<meta property=\"og:url\" content=\"https:\/\/dev.acls-aatc.ca\/fr\/expertise-extracotier\/normes-pour-des-leves-hydrographiques\/\" \/>\n<meta property=\"og:site_name\" content=\"ACLS AATC\" \/>\n<meta name=\"twitter:card\" content=\"summary\" \/>\n<meta name=\"twitter:label1\" content=\"Dur\u00e9e de lecture estim\u00e9e\" \/>\n\t<meta name=\"twitter:data1\" content=\"1 minute\" \/>\n<script type=\"application\/ld+json\" class=\"yoast-schema-graph\">{\"@context\":\"https:\/\/schema.org\",\"@graph\":[{\"@type\":\"WebSite\",\"@id\":\"https:\/\/dev.acls-aatc.ca\/#website\",\"url\":\"https:\/\/dev.acls-aatc.ca\/\",\"name\":\"ACLS AATC\",\"description\":\"\",\"potentialAction\":[{\"@type\":\"SearchAction\",\"target\":{\"@type\":\"EntryPoint\",\"urlTemplate\":\"https:\/\/dev.acls-aatc.ca\/?s={search_term_string}\"},\"query-input\":\"required name=search_term_string\"}],\"inLanguage\":\"fr-FR\"},{\"@type\":\"WebPage\",\"@id\":\"https:\/\/dev.acls-aatc.ca\/fr\/expertise-extracotier\/normes-pour-des-leves-hydrographiques\/#webpage\",\"url\":\"https:\/\/dev.acls-aatc.ca\/fr\/expertise-extracotier\/normes-pour-des-leves-hydrographiques\/\",\"name\":\"Normes pour des lev\\u00e9s hydrographiques - ACLS AATC\",\"isPartOf\":{\"@id\":\"https:\/\/dev.acls-aatc.ca\/#website\"},\"datePublished\":\"2021-07-22T14:52:57+00:00\",\"dateModified\":\"2021-07-22T14:52:57+00:00\",\"breadcrumb\":{\"@id\":\"https:\/\/dev.acls-aatc.ca\/fr\/expertise-extracotier\/normes-pour-des-leves-hydrographiques\/#breadcrumb\"},\"inLanguage\":\"fr-FR\",\"potentialAction\":[{\"@type\":\"ReadAction\",\"target\":[\"https:\/\/dev.acls-aatc.ca\/fr\/expertise-extracotier\/normes-pour-des-leves-hydrographiques\/\"]}]},{\"@type\":\"BreadcrumbList\",\"@id\":\"https:\/\/dev.acls-aatc.ca\/fr\/expertise-extracotier\/normes-pour-des-leves-hydrographiques\/#breadcrumb\",\"itemListElement\":[{\"@type\":\"ListItem\",\"position\":1,\"name\":\"Home\",\"item\":\"https:\/\/dev.acls-aatc.ca\/fr\/\"},{\"@type\":\"ListItem\",\"position\":2,\"name\":\"Expertise extrac\\u00f4tier\",\"item\":\"https:\/\/dev.acls-aatc.ca\/fr\/expertise-extracotier\/\"},{\"@type\":\"ListItem\",\"position\":3,\"name\":\"Normes pour des lev\\u00e9s hydrographiques\"}]}]}<\/script>\n<!-- \/ Yoast SEO plugin. -->","yoast_head_json":{"robots":{"index":"index","follow":"follow","max-snippet":"max-snippet:-1","max-image-preview":"max-image-preview:large","max-video-preview":"max-video-preview:-1"},"canonical":"https:\/\/dev.acls-aatc.ca\/fr\/expertise-extracotier\/normes-pour-des-leves-hydrographiques\/","og_locale":"fr_FR","og_type":"article","og_title":"Normes pour des lev\u00e9s hydrographiques - ACLS AATC","og_description":"L&#8217; OHI Normes pour les lev\u00e9s hydrographiques Pr\u00e9par\u00e9 par: L&#8217;ORGANISATION HYDROGRAPHIQUE INTERNATIONALE NORMES POUR LES LEV\u00c9S HYDROGRAPHIQUES Pr\u00e9par\u00e9 par : Service hydrographique du Canada P\u00eaches et Oc\u00e9ans Canada","og_url":"https:\/\/dev.acls-aatc.ca\/fr\/expertise-extracotier\/normes-pour-des-leves-hydrographiques\/","og_site_name":"ACLS AATC","twitter_card":"summary","twitter_misc":{"Dur\u00e9e de lecture estim\u00e9e":"1 minute"},"schema":{"@context":"https:\/\/schema.org","@graph":[{"@type":"WebSite","@id":"https:\/\/dev.acls-aatc.ca\/#website","url":"https:\/\/dev.acls-aatc.ca\/","name":"ACLS AATC","description":"","potentialAction":[{"@type":"SearchAction","target":{"@type":"EntryPoint","urlTemplate":"https:\/\/dev.acls-aatc.ca\/?s={search_term_string}"},"query-input":"required name=search_term_string"}],"inLanguage":"fr-FR"},{"@type":"WebPage","@id":"https:\/\/dev.acls-aatc.ca\/fr\/expertise-extracotier\/normes-pour-des-leves-hydrographiques\/#webpage","url":"https:\/\/dev.acls-aatc.ca\/fr\/expertise-extracotier\/normes-pour-des-leves-hydrographiques\/","name":"Normes pour des lev\u00e9s hydrographiques - ACLS AATC","isPartOf":{"@id":"https:\/\/dev.acls-aatc.ca\/#website"},"datePublished":"2021-07-22T14:52:57+00:00","dateModified":"2021-07-22T14:52:57+00:00","breadcrumb":{"@id":"https:\/\/dev.acls-aatc.ca\/fr\/expertise-extracotier\/normes-pour-des-leves-hydrographiques\/#breadcrumb"},"inLanguage":"fr-FR","potentialAction":[{"@type":"ReadAction","target":["https:\/\/dev.acls-aatc.ca\/fr\/expertise-extracotier\/normes-pour-des-leves-hydrographiques\/"]}]},{"@type":"BreadcrumbList","@id":"https:\/\/dev.acls-aatc.ca\/fr\/expertise-extracotier\/normes-pour-des-leves-hydrographiques\/#breadcrumb","itemListElement":[{"@type":"ListItem","position":1,"name":"Home","item":"https:\/\/dev.acls-aatc.ca\/fr\/"},{"@type":"ListItem","position":2,"name":"Expertise extrac\u00f4tier","item":"https:\/\/dev.acls-aatc.ca\/fr\/expertise-extracotier\/"},{"@type":"ListItem","position":3,"name":"Normes pour des lev\u00e9s hydrographiques"}]}]}},"_links":{"self":[{"href":"https:\/\/dev.acls-aatc.ca\/fr\/wp-json\/wp\/v2\/pages\/10267"}],"collection":[{"href":"https:\/\/dev.acls-aatc.ca\/fr\/wp-json\/wp\/v2\/pages"}],"about":[{"href":"https:\/\/dev.acls-aatc.ca\/fr\/wp-json\/wp\/v2\/types\/page"}],"author":[{"embeddable":true,"href":"https:\/\/dev.acls-aatc.ca\/fr\/wp-json\/wp\/v2\/users\/3"}],"replies":[{"embeddable":true,"href":"https:\/\/dev.acls-aatc.ca\/fr\/wp-json\/wp\/v2\/comments?post=10267"}],"version-history":[{"count":1,"href":"https:\/\/dev.acls-aatc.ca\/fr\/wp-json\/wp\/v2\/pages\/10267\/revisions"}],"predecessor-version":[{"id":10268,"href":"https:\/\/dev.acls-aatc.ca\/fr\/wp-json\/wp\/v2\/pages\/10267\/revisions\/10268"}],"up":[{"embeddable":true,"href":"https:\/\/dev.acls-aatc.ca\/fr\/wp-json\/wp\/v2\/pages\/499"}],"wp:attachment":[{"href":"https:\/\/dev.acls-aatc.ca\/fr\/wp-json\/wp\/v2\/media?parent=10267"}],"curies":[{"name":"wp","href":"https:\/\/api.w.org\/{rel}","templated":true}]}}