{"id":10248,"date":"2021-07-16T18:55:55","date_gmt":"2021-07-16T18:55:55","guid":{"rendered":"https:\/\/www.acls-aatc.ca\/?page_id=10248"},"modified":"2021-08-31T19:45:58","modified_gmt":"2021-08-31T19:45:58","slug":"cnag-2022","status":"publish","type":"page","link":"https:\/\/dev.acls-aatc.ca\/fr\/cnag-2022\/","title":{"rendered":"CNAG 2022"},"content":{"rendered":"<p>&nbsp;<\/p>\n<h3><span style=\"color: #3d1818;\"><strong>&#8220;Nos valeurs, notre \u00e9volution, notre parcours&#8221;<\/strong><\/span><\/h3>\n<div>10 mai au 15 mai<\/div>\n<div><\/div>\n<div>H\u00f4tel Brookstreet, 525, promenade Legget, Ottawa (Ontario) K2K 2W2<\/div>\n<div><\/div>\n<div>R\u00e9servez votre chambre en ligne maintenant <strong><span style=\"color: #3d1818;\"><a style=\"color: #3d1818;\" href=\"https:\/\/book.passkey.com\/go\/ACLSAATCAGM2022\">ICI!<\/a><\/span><\/strong><\/div>\n<div><\/div>\n<div>Les r\u00e9servations peuvent \u00eatre faites par t\u00e9l\u00e9phone 613.271.3586 ou par courriel <a href=\"mailto:reservations@brookstreet.com\" target=\"_blank\" rel=\"noopener noreferrer\" data-link-type=\"email\">reservations@brookstreet.com<\/a> et citer le groupe ACLS pour obtenir le tarif pr\u00e9f\u00e9rentiel.<\/div>\n<p><a href=\"https:\/\/dev.acls-aatc.ca\/fr\/cnag-2022\/fr-nsc-agenda\/\" rel=\"attachment wp-att-10961\"><img loading=\"lazy\" class=\"alignnone size-medium wp-image-10961\" src=\"https:\/\/www.acls-aatc.ca\/wp-content\/uploads\/2021\/08\/FR-NSC-Agenda-300x274.png\" alt=\"\" width=\"300\" height=\"274\" srcset=\"https:\/\/dev.acls-aatc.ca\/wp-content\/uploads\/2021\/08\/FR-NSC-Agenda-300x274.png 300w, https:\/\/dev.acls-aatc.ca\/wp-content\/uploads\/2021\/08\/FR-NSC-Agenda-768x702.png 768w, https:\/\/dev.acls-aatc.ca\/wp-content\/uploads\/2021\/08\/FR-NSC-Agenda-600x549.png 600w, https:\/\/dev.acls-aatc.ca\/wp-content\/uploads\/2021\/08\/FR-NSC-Agenda.png 770w\" sizes=\"(max-width: 300px) 100vw, 300px\" \/><\/a><\/p>\n","protected":false},"excerpt":{"rendered":"<p>&nbsp; &#8220;Nos valeurs, notre \u00e9volution, notre parcours&#8221; 10 mai au 15 mai H\u00f4tel Brookstreet, 525, promenade Legget, Ottawa (Ontario) K2K 2W2 R\u00e9servez votre chambre en ligne maintenant ICI! Les r\u00e9servations peuvent \u00eatre faites par t\u00e9l\u00e9phone 613.271.3586 ou par courriel reservations@brookstreet.com et citer le groupe ACLS pour obtenir le tarif pr\u00e9f\u00e9rentiel.<\/p>\n","protected":false},"author":3,"featured_media":0,"parent":0,"menu_order":0,"comment_status":"closed","ping_status":"closed","template":"","meta":[],"yoast_head":"<!-- This site is optimized with the Yoast SEO plugin v17.8 - https:\/\/yoast.com\/wordpress\/plugins\/seo\/ -->\n<meta name=\"robots\" content=\"index, follow, max-snippet:-1, max-image-preview:large, max-video-preview:-1\" \/>\n<link rel=\"canonical\" href=\"https:\/\/dev.acls-aatc.ca\/fr\/cnag-2022\/\" \/>\n<meta property=\"og:locale\" content=\"fr_FR\" \/>\n<meta property=\"og:type\" content=\"article\" \/>\n<meta property=\"og:title\" content=\"CNAG 2022 - ACLS AATC\" \/>\n<meta property=\"og:description\" content=\"&nbsp; &#8220;Nos valeurs, notre \u00e9volution, notre parcours&#8221; 10 mai au 15 mai H\u00f4tel Brookstreet, 525, promenade Legget, Ottawa (Ontario) K2K 2W2 R\u00e9servez votre chambre en ligne maintenant ICI! Les r\u00e9servations peuvent \u00eatre faites par t\u00e9l\u00e9phone 613.271.3586 ou par courriel reservations@brookstreet.com et citer le groupe ACLS pour obtenir le tarif pr\u00e9f\u00e9rentiel.\" \/>\n<meta property=\"og:url\" content=\"https:\/\/dev.acls-aatc.ca\/fr\/cnag-2022\/\" \/>\n<meta property=\"og:site_name\" content=\"ACLS AATC\" \/>\n<meta property=\"article:modified_time\" content=\"2021-08-31T19:45:58+00:00\" \/>\n<meta property=\"og:image\" content=\"https:\/\/www.acls-aatc.ca\/wp-content\/uploads\/2021\/08\/FR-NSC-Agenda-300x274.png\" \/>\n<meta name=\"twitter:card\" content=\"summary\" \/>\n<meta name=\"twitter:label1\" content=\"Dur\u00e9e de lecture estim\u00e9e\" \/>\n\t<meta name=\"twitter:data1\" content=\"1 minute\" \/>\n<script type=\"application\/ld+json\" class=\"yoast-schema-graph\">{\"@context\":\"https:\/\/schema.org\",\"@graph\":[{\"@type\":\"WebSite\",\"@id\":\"https:\/\/dev.acls-aatc.ca\/#website\",\"url\":\"https:\/\/dev.acls-aatc.ca\/\",\"name\":\"ACLS AATC\",\"description\":\"\",\"potentialAction\":[{\"@type\":\"SearchAction\",\"target\":{\"@type\":\"EntryPoint\",\"urlTemplate\":\"https:\/\/dev.acls-aatc.ca\/?s={search_term_string}\"},\"query-input\":\"required name=search_term_string\"}],\"inLanguage\":\"fr-FR\"},{\"@type\":\"ImageObject\",\"@id\":\"https:\/\/dev.acls-aatc.ca\/fr\/cnag-2022\/#primaryimage\",\"inLanguage\":\"fr-FR\",\"url\":\"https:\/\/www.acls-aatc.ca\/wp-content\/uploads\/2021\/08\/FR-NSC-Agenda-300x274.png\",\"contentUrl\":\"https:\/\/www.acls-aatc.ca\/wp-content\/uploads\/2021\/08\/FR-NSC-Agenda-300x274.png\"},{\"@type\":\"WebPage\",\"@id\":\"https:\/\/dev.acls-aatc.ca\/fr\/cnag-2022\/#webpage\",\"url\":\"https:\/\/dev.acls-aatc.ca\/fr\/cnag-2022\/\",\"name\":\"CNAG 2022 - ACLS AATC\",\"isPartOf\":{\"@id\":\"https:\/\/dev.acls-aatc.ca\/#website\"},\"primaryImageOfPage\":{\"@id\":\"https:\/\/dev.acls-aatc.ca\/fr\/cnag-2022\/#primaryimage\"},\"datePublished\":\"2021-07-16T18:55:55+00:00\",\"dateModified\":\"2021-08-31T19:45:58+00:00\",\"breadcrumb\":{\"@id\":\"https:\/\/dev.acls-aatc.ca\/fr\/cnag-2022\/#breadcrumb\"},\"inLanguage\":\"fr-FR\",\"potentialAction\":[{\"@type\":\"ReadAction\",\"target\":[\"https:\/\/dev.acls-aatc.ca\/fr\/cnag-2022\/\"]}]},{\"@type\":\"BreadcrumbList\",\"@id\":\"https:\/\/dev.acls-aatc.ca\/fr\/cnag-2022\/#breadcrumb\",\"itemListElement\":[{\"@type\":\"ListItem\",\"position\":1,\"name\":\"Home\",\"item\":\"https:\/\/dev.acls-aatc.ca\/fr\/\"},{\"@type\":\"ListItem\",\"position\":2,\"name\":\"CNAG 2022\"}]}]}<\/script>\n<!-- \/ Yoast SEO plugin. -->","yoast_head_json":{"robots":{"index":"index","follow":"follow","max-snippet":"max-snippet:-1","max-image-preview":"max-image-preview:large","max-video-preview":"max-video-preview:-1"},"canonical":"https:\/\/dev.acls-aatc.ca\/fr\/cnag-2022\/","og_locale":"fr_FR","og_type":"article","og_title":"CNAG 2022 - ACLS AATC","og_description":"&nbsp; &#8220;Nos valeurs, notre \u00e9volution, notre parcours&#8221; 10 mai au 15 mai H\u00f4tel Brookstreet, 525, promenade Legget, Ottawa (Ontario) K2K 2W2 R\u00e9servez votre chambre en ligne maintenant ICI! Les r\u00e9servations peuvent \u00eatre faites par t\u00e9l\u00e9phone 613.271.3586 ou par courriel reservations@brookstreet.com et citer le groupe ACLS pour obtenir le tarif pr\u00e9f\u00e9rentiel.","og_url":"https:\/\/dev.acls-aatc.ca\/fr\/cnag-2022\/","og_site_name":"ACLS AATC","article_modified_time":"2021-08-31T19:45:58+00:00","og_image":[{"url":"https:\/\/www.acls-aatc.ca\/wp-content\/uploads\/2021\/08\/FR-NSC-Agenda-300x274.png"}],"twitter_card":"summary","twitter_misc":{"Dur\u00e9e de lecture estim\u00e9e":"1 minute"},"schema":{"@context":"https:\/\/schema.org","@graph":[{"@type":"WebSite","@id":"https:\/\/dev.acls-aatc.ca\/#website","url":"https:\/\/dev.acls-aatc.ca\/","name":"ACLS AATC","description":"","potentialAction":[{"@type":"SearchAction","target":{"@type":"EntryPoint","urlTemplate":"https:\/\/dev.acls-aatc.ca\/?s={search_term_string}"},"query-input":"required name=search_term_string"}],"inLanguage":"fr-FR"},{"@type":"ImageObject","@id":"https:\/\/dev.acls-aatc.ca\/fr\/cnag-2022\/#primaryimage","inLanguage":"fr-FR","url":"https:\/\/www.acls-aatc.ca\/wp-content\/uploads\/2021\/08\/FR-NSC-Agenda-300x274.png","contentUrl":"https:\/\/www.acls-aatc.ca\/wp-content\/uploads\/2021\/08\/FR-NSC-Agenda-300x274.png"},{"@type":"WebPage","@id":"https:\/\/dev.acls-aatc.ca\/fr\/cnag-2022\/#webpage","url":"https:\/\/dev.acls-aatc.ca\/fr\/cnag-2022\/","name":"CNAG 2022 - ACLS AATC","isPartOf":{"@id":"https:\/\/dev.acls-aatc.ca\/#website"},"primaryImageOfPage":{"@id":"https:\/\/dev.acls-aatc.ca\/fr\/cnag-2022\/#primaryimage"},"datePublished":"2021-07-16T18:55:55+00:00","dateModified":"2021-08-31T19:45:58+00:00","breadcrumb":{"@id":"https:\/\/dev.acls-aatc.ca\/fr\/cnag-2022\/#breadcrumb"},"inLanguage":"fr-FR","potentialAction":[{"@type":"ReadAction","target":["https:\/\/dev.acls-aatc.ca\/fr\/cnag-2022\/"]}]},{"@type":"BreadcrumbList","@id":"https:\/\/dev.acls-aatc.ca\/fr\/cnag-2022\/#breadcrumb","itemListElement":[{"@type":"ListItem","position":1,"name":"Home","item":"https:\/\/dev.acls-aatc.ca\/fr\/"},{"@type":"ListItem","position":2,"name":"CNAG 2022"}]}]}},"_links":{"self":[{"href":"https:\/\/dev.acls-aatc.ca\/fr\/wp-json\/wp\/v2\/pages\/10248"}],"collection":[{"href":"https:\/\/dev.acls-aatc.ca\/fr\/wp-json\/wp\/v2\/pages"}],"about":[{"href":"https:\/\/dev.acls-aatc.ca\/fr\/wp-json\/wp\/v2\/types\/page"}],"author":[{"embeddable":true,"href":"https:\/\/dev.acls-aatc.ca\/fr\/wp-json\/wp\/v2\/users\/3"}],"replies":[{"embeddable":true,"href":"https:\/\/dev.acls-aatc.ca\/fr\/wp-json\/wp\/v2\/comments?post=10248"}],"version-history":[{"count":5,"href":"https:\/\/dev.acls-aatc.ca\/fr\/wp-json\/wp\/v2\/pages\/10248\/revisions"}],"predecessor-version":[{"id":10963,"href":"https:\/\/dev.acls-aatc.ca\/fr\/wp-json\/wp\/v2\/pages\/10248\/revisions\/10963"}],"wp:attachment":[{"href":"https:\/\/dev.acls-aatc.ca\/fr\/wp-json\/wp\/v2\/media?parent=10248"}],"curies":[{"name":"wp","href":"https:\/\/api.w.org\/{rel}","templated":true}]}}